{"id":4535,"date":"2020-01-29T10:14:34","date_gmt":"2020-01-29T10:14:34","guid":{"rendered":"http:\/\/www.guy-raymond.co.uk\/?page_id=4535"},"modified":"2024-08-07T13:39:20","modified_gmt":"2024-08-07T12:39:20","slug":"kompetenzen","status":"publish","type":"page","link":"https:\/\/www.guy-raymond.co.uk\/de\/kompetenzen\/","title":{"rendered":"Kompetenzen"},"content":{"rendered":"<p>[vc_section][vc_row][vc_column][vc_column_text]<\/p>\n<h2 style=\"text-align: center;\">Die Fertigung von Guy-Raymond erfolgt im eigenen Haus in unserer modernen Fabrik in King&#8217;s Lynn im Osten Englands<\/h2>\n<p style=\"text-align: center;\">Wir verf\u00fcgen \u00fcber eine gro\u00dfe Fertigungskapazit\u00e4t an unserem 6000 qm gro\u00dfen Standort, und die \u00fcberwiegende Mehrheit unserer Produktionsprozesse wird im eigenen Haus durchgef\u00fchrt, um effiziente Reaktionszeiten sowie eine flexible und zuverl\u00e4ssige Anpassung an die Bed\u00fcrfnisse Ihres Unternehmens auf weltweiter Ebene zu erm\u00f6glichen.<\/p>\n<p style=\"text-align: center;\">Die Fertigungskapazit\u00e4t von Guy-Raymond erm\u00f6glicht es uns, von punktuellen Mindestmengen bis hin zu gro\u00dfen fortlaufenden Auftr\u00e4gen, mehrere Auftr\u00e4ge gleichzeitig abzuwickeln mit einem Produktivbetrieb von 24 Stunden w\u00e4hrend der Arbeitswoche. Viele dieser Auftr\u00e4ge k\u00f6nnen in sehr kurzen Lieferzeiten versandt werden, da wir j\u00e4hrlich mehr als 25 Millionen Produkte herstellen und gro\u00dfe Mengen an Unterkomponenten auf Lager haben, die bei Auftragseingang bereit zur Montage sind.<\/p>\n<p style=\"text-align: center;\">Um dies zu erreichen, setzen wir auf folgende maschinelle und personelle Kapazit\u00e4ten:<\/p>\n<p>[\/vc_column_text][\/vc_column][\/vc_row][vc_row][vc_column el_id=&#8220;design&#8220;][vc_column_text]<\/p>\n<h2 style=\"text-align: center;\">Design, Forschung und Entwicklung<\/h2>\n<p>[\/vc_column_text][vc_row_inner][vc_column_inner width=&#8220;1\/4&#8243;][vc_single_image image=&#8220;530&#8243; img_size=&#8220;large&#8220; alignment=&#8220;center&#8220;][\/vc_column_inner][vc_column_inner width=&#8220;1\/2&#8243;][vc_column_text]<\/p>\n<p style=\"text-align: justify;\">Unser Design-, Forschungs- und Entwicklungsteam verwendet CAD-Modellierung, die mit der SolidWorks-Software durchgef\u00fchrt wird, was uns die Flexibilit\u00e4t gibt, unsere Produkte an die Bed\u00fcrfnisse unserer Kunden anzupassen. Au\u00dferdem verwenden wir CAD-CAM, was es uns erm\u00f6glicht, CAM-Daten direkt aus unserem 3D-Komponenten-Computermodell zu erstellen. Alle Neuentwicklungen werden in unserem modernen Labor am Standort konzipiert und getestet.<\/p>\n<p>[\/vc_column_text][\/vc_column_inner][vc_column_inner width=&#8220;1\/4&#8243;][vc_single_image image=&#8220;526&#8243; img_size=&#8220;large&#8220; alignment=&#8220;center&#8220;][\/vc_column_inner][\/vc_row_inner][\/vc_column][\/vc_row][vc_row][vc_column][vc_column_text]<\/p>\n<h2 style=\"text-align: center;\">Werkzeugbau<\/h2>\n<p>[\/vc_column_text][vc_row_inner][vc_column_inner width=&#8220;1\/4&#8243;][vc_single_image image=&#8220;540&#8243; img_size=&#8220;large&#8220; alignment=&#8220;center&#8220;][\/vc_column_inner][vc_column_inner width=&#8220;1\/2&#8243;][vc_column_text]<\/p>\n<p style=\"text-align: justify;\">Wir verf\u00fcgen \u00fcber eine eigene Werkzeugbauabteilung, von der Sie dahingehend profitieren, dass wir unsere Werkzeuge und Formen routinem\u00e4\u00dfig f\u00fcr maximale Effizienz bei minimaler Unterbrechung der Fertigungslinie warten k\u00f6nnen, und die Werkzeugbauabteilung f\u00fcr Kunden, die neue und ma\u00dfgeschneiderte Produkte ben\u00f6tigen, eng mit unserer Design-, Forschungs- und Entwicklungsabteilung zusammenarbeiten kann, um die Kommunikation zu erleichtern und den Entwicklungsprozess zu beschleunigen. Im Jahr 2018 wurde zus\u00e4tzlich eine CNC-Drehmaschine mit Stangenzuf\u00fchrung zur Herstellung von Kleinserien und Spezialprodukten in Betrieb genommen.<\/p>\n<p>[\/vc_column_text][\/vc_column_inner][vc_column_inner width=&#8220;1\/4&#8243;][vc_single_image image=&#8220;544&#8243; img_size=&#8220;large&#8220; alignment=&#8220;center&#8220;][\/vc_column_inner][\/vc_row_inner][\/vc_column][\/vc_row][vc_row][vc_column][vc_column_text]<\/p>\n<h2 style=\"text-align: center;\">Spritzgie\u00dfabteilung<\/h2>\n<p>[\/vc_column_text][vc_row_inner][vc_column_inner width=&#8220;1\/4&#8243;][vc_single_image image=&#8220;548&#8243; img_size=&#8220;large&#8220; alignment=&#8220;center&#8220;][\/vc_column_inner][vc_column_inner width=&#8220;1\/2&#8243;][vc_column_text]<\/p>\n<p style=\"text-align: justify;\">23 Formmaschinen &#8211; diese erm\u00f6glichen es uns, Kunststoffteile mit einer Geschwindigkeit von einem Zyklus pro 10\u201360 Sekunden herzustellen (unsere Mehrkammerwerkzeuge stellen von 1 bis 64 St\u00fcck gleichzeitig her). Darunter sind 10 dieser Formmaschinen die neuesten energieeffizienten rein elektrischen FANUC-Formmaschinen, die weniger als 2,3 kW Leistung pro Stunde ben\u00f6tigen.<\/p>\n<p>[\/vc_column_text][\/vc_column_inner][vc_column_inner width=&#8220;1\/4&#8243;][vc_single_image image=&#8220;552&#8243; img_size=&#8220;large&#8220; alignment=&#8220;center&#8220;][\/vc_column_inner][\/vc_row_inner][\/vc_column][\/vc_row][vc_row][vc_column][vc_column_text]<\/p>\n<h2 style=\"text-align: center;\">Automatikschmiedeabteilung<\/h2>\n<p>[\/vc_column_text][vc_row_inner][vc_column_inner width=&#8220;1\/4&#8243;][vc_single_image image=&#8220;564&#8243; img_size=&#8220;large&#8220; alignment=&#8220;center&#8220;][\/vc_column_inner][vc_column_inner width=&#8220;1\/2&#8243;][vc_column_text]<\/p>\n<p style=\"text-align: justify;\">16 Drehmaschinen &#8211; Verarbeitung von 400 Tonnen Stahlstangen, die wir jedes Jahr kaufen, um Rollenachsen, Befestigungen und Stellfu\u00dfstifte herzustellen.<\/p>\n<p style=\"text-align: justify;\">2 Schmiedemaschinen &#8211; diese werden eingesetzt, um einige der g\u00e4ngigsten Rollenbefestigungen mit einer Geschwindigkeit von 3 St\u00fcck pro Sekunde herzustellen.<\/p>\n<p style=\"text-align: justify;\">1 Metallpr\u00e4gemaschine produziert Metallplatten mit einer Geschwindigkeit von 1 St\u00fcck pro Sekunde.<\/p>\n<p>[\/vc_column_text][\/vc_column_inner][vc_column_inner width=&#8220;1\/4&#8243;][vc_single_image image=&#8220;481&#8243; img_size=&#8220;large&#8220; alignment=&#8220;center&#8220;][\/vc_column_inner][\/vc_row_inner][\/vc_column][\/vc_row][vc_row][vc_column][vc_column_text]<\/p>\n<h2 style=\"text-align: center;\">Presse und Montage<\/h2>\n<p>[\/vc_column_text][vc_row_inner][vc_column_inner width=&#8220;1\/4&#8243;][vc_single_image image=&#8220;560&#8243; img_size=&#8220;large&#8220; alignment=&#8220;center&#8220;][\/vc_column_inner][vc_column_inner width=&#8220;1\/2&#8243;][vc_column_text]<\/p>\n<p style=\"text-align: justify;\">Automatische Rollenmontagemaschinen: Diese erm\u00f6glichen es uns, pro Tag bis zu 50.000 Rollen der Gr\u00f6\u00dfe 50 mm in verschiedenen Varianten herzustellen.<\/p>\n<p style=\"text-align: justify;\">Halbautomatische Maschinen: Diese Maschinen werden von qualifiziertem Personal bedient und produzieren t\u00e4glich bis zu 20.000 Rollen der Gr\u00f6\u00dfe 65 mm.<\/p>\n<p style=\"text-align: justify;\">Bei Guy-Raymond nehmen wir die Qualit\u00e4tskontrolle sehr ernst. Neben unseren eigenen Qualit\u00e4tsverfahren werden viele unserer Produkte auch am LGA-Institut in Deutschland getestet.<\/p>\n<p>[\/vc_column_text][\/vc_column_inner][vc_column_inner width=&#8220;1\/4&#8243;][vc_single_image image=&#8220;556&#8243; img_size=&#8220;large&#8220; alignment=&#8220;center&#8220;][\/vc_column_inner][\/vc_row_inner][\/vc_column][\/vc_row][vc_row][vc_column][vc_column_text]<\/p>\n<h3 style=\"text-align: center;\">F\u00fcr weitere Informationen kontaktieren Sie uns bitte unter der Rufnummer\u00a0<a href=\"tel:+441553761401\">+44 (0)1553 761401<\/a><\/h3>\n<p>[\/vc_column_text][\/vc_column][\/vc_row][\/vc_section][vc_section][vc_row][vc_column][vc_column_text]<\/p>\n<h2 style=\"text-align: center;\">Case Studies<\/h2>\n<p>[\/vc_column_text]\n\t\t<div class=\"guyraymond-teaser\">\n\t\t\t<div class=\"swiper-container swiper-teaser\">\n\t\t\t\t<div class=\"swiper-wrapper\">\n\t\t<div class=\"swiper-slide\" style=\"background-image: url(https:\/\/www.guy-raymond.co.uk\/wp-content\/uploads\/2018\/11\/functions-features1-700x353.jpg)\" data-title=\"BioCote\u00ae\" data-href=\"https:\/\/www.guy-raymond.co.uk\/de\/case-study\/biocote\/\"><\/div><div class=\"swiper-slide\" style=\"background-image: url(https:\/\/www.guy-raymond.co.uk\/wp-content\/uploads\/2018\/10\/Imno-banner-700x250.jpg)\" data-title=\"Inmoclinc\" data-href=\"https:\/\/www.guy-raymond.co.uk\/de\/case-study\/inmoclinc\/\"><\/div>\n\n\t\t\t\t<\/div>\n\t\t\t<\/div>\n\t\t\n\t\t\t<div class=\"swiper-teaser-nav\">\n\t\t\t\t<div class=\"swiper-teaser-nav-title\">\n\t\t\t\t\t<span data-currenttitle>BioCote\u00ae<\/span>\n\t\t\t\t<\/div>\n\t\t\t\t<div class=\"swiper-teaser-nav-links\">\n\t\t\t\t\t<span data-currenttease>1 \/ 2<\/span>\n\t\t\t\t\t<div class=\"swiper-button-prev\"><\/div>\n\t\t\t\t\t<div class=\"swiper-button-next\"><\/div>\n\t\t\t\t<\/div>\n\t\t\t\t<div class=\"clear\"><\/div>\n\t\t\t<\/div>\n\t\t\t<div class=\"swiper-teaser-buttons\">\n\t\t\t\t<a class=\"btn btn-primary btn-sm\" href=\"https:\/\/www.guy-raymond.co.uk\/de\/case-study\/biocote\/\" data-readmore>Read More<\/a>\n\t\t\t\t\t\t<a class=\"btn btn-primary btn-sm\" href=\"\/about-us\/case-studies\/\">All Case Studies<\/a>\n\t\t\t<\/div>\n\t\t\n\t\t\t<script>\n\t\t\t\tif (jQuery(\".swiper-teaser\").length) {\n\t\t\t\t\tvar teaserSwiper = new Swiper(\".swiper-teaser\", {\n\t\t\t\t\t\teffect: \"coverflow\",\n\t\t\t\t\t\t\/\/slidesPerView: 2,\n\t\t\t\t\t\tspaceBetween: 20,\n\t\t\t\t\t\ttouchRatio: 0,\n\t\t\t\t\t\tcoverflowEffect: {\n\t\t\t\t\t\t\trotate: 0,\n\t\t\t\t\t\t\tstretch: 1,\n\t\t\t\t\t\t\tdepth: 0,\n\t\t\t\t\t\t\tmodifier: 1,\n\t\t\t\t\t\t},\n\t\t\t\t\t\tnavigation: {\n\t\t\t\t\t\t\tnextEl: \".swiper-button-next\",\n\t\t\t\t\t\t\tprevEl: \".swiper-button-prev\",\n\t\t\t\t\t\t},\n\t\t\t\t\t});\n\t\t\t\t\tteaserSwiper.on(\"slideChangeTransitionEnd\", function() {\n\t\t\t\t\t\tvar newSlideIndex =  this.activeIndex;\n\t\t\t\t\t\tvar newSlideName = jQuery(this.$el).find(\".swiper-slide-active\").attr(\"data-title\");\n\t\t\t\t\t\tvar newSlideLink = jQuery(this.$el).find(\".swiper-slide-active\").attr(\"data-href\");\n\t\t\t\t\t\tjQuery(this.$el).parent().find(\".swiper-teaser-nav span[data-currenttease]\").text((newSlideIndex + 1) + \" \/ \" + this.slides.length);\n\t\t\t\t\t\tjQuery(this.$el).parent().find(\".swiper-teaser-buttons a[data-readmore]\").attr(\"href\", newSlideLink);\n\t\t\t\t\t\tjQuery(this.$el).parent().find(\".swiper-teaser-nav span[data-currenttitle]\").text(newSlideName);\n\t\t\t\t\t});\n\t\t\t\t}\n\t\t\t<\/script>\n\t\t<\/div>[\/vc_column][\/vc_row][\/vc_section][vc_row][vc_column]\n\t\t<div class=\"guyraymond-slider bg-grey\">\n\t\t\t<script type=\"text\/javascript\">\n\t\t\t\tjQuery(\"#swiper-5cf53b867d9d5af8a8c8b4814d4ea4fb\").ready(function() {\n\t\t\t\t\tvar swp = new Swiper (\"#swiper-5cf53b867d9d5af8a8c8b4814d4ea4fb\", {\n\t\t\t\t\t\tloop: true,\n\t\t\t\t\t\teffect: \"slide\",\n\t\t\t\t\t\tautoplay: {\n\t\t\t\t\t\t\tdelay: 4000,\n\t\t\t\t\t\t\tenabled: true,\n\t\t\t\t\t\t},\n\t\t\t\t\t\tspeed: 500,\n\t\t\t\t\t\tnavigation: {\n\t\t\t\t\t\t\tnextEl: \".swiper-button-next\",\n\t\t\t\t\t\t\tprevEl: \".swiper-button-prev\",\n\t\t\t\t\t\t}\n\t\t\t\t\t});\n\t\t\t\t\tswp.update();\n\t\t\t\t});\n\t\t\t<\/script>\n\t\t\n\t\t\t\t<style type=\"text\/css\">\n\t\t\t\t\t@media (min-width: 768px) {\n\t\t\t\t\t\t#swiper-5cf53b867d9d5af8a8c8b4814d4ea4fb .swiper-slide {\n\t\t\t\t\t\t\theight:600px!important;\n\t\t\t\t\t\t}\n\t\t\t\t\t}\n\t\t\t\t<\/style>\n\t\t\t\n\t\t\t<div class=\"container\">\n\t\t\t<div class=\"swiper-container\" id=\"swiper-5cf53b867d9d5af8a8c8b4814d4ea4fb\">\n\t\t\t\t<div class=\"swiper-wrapper\">\n\t\t\n\t\t\t\t\t\t<div class=\"swiper-slide\">\n\t\t\t\t\t\t\t<img src=\"https:\/\/www.guy-raymond.co.uk\/wp-content\/uploads\/2018\/12\/auto-forging.jpg\">\n\t\t\t\t\t\t<\/div>\n\t\t\t\t\n\t\t\t\t\t\t<div class=\"swiper-slide\">\n\t\t\t\t\t\t\t<img src=\"https:\/\/www.guy-raymond.co.uk\/wp-content\/uploads\/2018\/12\/tool-room2.jpg\">\n\t\t\t\t\t\t<\/div>\n\t\t\t\t\n\t\t\t\t\t\t<div class=\"swiper-slide\">\n\t\t\t\t\t\t\t<img src=\"https:\/\/www.guy-raymond.co.uk\/wp-content\/uploads\/2018\/12\/tool-room.jpg\">\n\t\t\t\t\t\t<\/div>\n\t\t\t\t\n\t\t\t\t\t\t<div class=\"swiper-slide\">\n\t\t\t\t\t\t\t<img src=\"https:\/\/www.guy-raymond.co.uk\/wp-content\/uploads\/2018\/12\/RD.jpg\">\n\t\t\t\t\t\t<\/div>\n\t\t\t\t\n\t\t\t\t\t\t<div class=\"swiper-slide\">\n\t\t\t\t\t\t\t<img src=\"https:\/\/www.guy-raymond.co.uk\/wp-content\/uploads\/2018\/12\/injection-mounlding.jpg\">\n\t\t\t\t\t\t<\/div>\n\t\t\t\t\n\t\t\t\t\t\t<div class=\"swiper-slide\">\n\t\t\t\t\t\t\t<img src=\"https:\/\/www.guy-raymond.co.uk\/wp-content\/uploads\/2018\/12\/castors.jpg\">\n\t\t\t\t\t\t<\/div>\n\t\t\t\t\n\t\t\t\t<\/div>\n\t\t\t\t<div class=\"swiper-button-prev\"><\/div>\n\t\t\t\t<div class=\"swiper-button-next\"><\/div>\n\t\t\t<\/div>\n\t\t\t<\/div>\n\t\t<\/div>[\/vc_column][\/vc_row][vc_row][vc_column]\n\t\t<div class=\"guyraymond-slider bg-grey\">\n\t\t\t<script type=\"text\/javascript\">\n\t\t\t\tjQuery(\"#swiper-5cf53b867d9d5af8a8c8b4814d4ea4fb\").ready(function() {\n\t\t\t\t\tvar swp = new Swiper (\"#swiper-5cf53b867d9d5af8a8c8b4814d4ea4fb\", {\n\t\t\t\t\t\tloop: true,\n\t\t\t\t\t\teffect: \"slide\",\n\t\t\t\t\t\tautoplay: {\n\t\t\t\t\t\t\tdelay: 4000,\n\t\t\t\t\t\t\tenabled: true,\n\t\t\t\t\t\t},\n\t\t\t\t\t\tspeed: 500,\n\t\t\t\t\t\tnavigation: {\n\t\t\t\t\t\t\tnextEl: \".swiper-button-next\",\n\t\t\t\t\t\t\tprevEl: \".swiper-button-prev\",\n\t\t\t\t\t\t}\n\t\t\t\t\t});\n\t\t\t\t\tswp.update();\n\t\t\t\t});\n\t\t\t<\/script>\n\t\t\n\t\t\t<div class=\"container\">\n\t\t\t<div class=\"swiper-container\" id=\"swiper-5cf53b867d9d5af8a8c8b4814d4ea4fb\">\n\t\t\t\t<div class=\"swiper-wrapper\">\n\t\t\n\t\t\t\t<\/div>\n\t\t\t\t<div class=\"swiper-button-prev\"><\/div>\n\t\t\t\t<div class=\"swiper-button-next\"><\/div>\n\t\t\t<\/div>\n\t\t\t<\/div>\n\t\t<\/div>[\/vc_column][\/vc_row]<\/p>\n","protected":false},"excerpt":{"rendered":"[vc_section][vc_row][vc_column][vc_column_text] Die Fertigung von Guy-Raymond erfolgt im eigenen Haus in unserer modernen Fabrik in King&#8217;s Lynn im Osten Englands Wir verf\u00fcgen \u00fcber eine gro\u00dfe Fertigungskapazit\u00e4t an unserem 6000 qm gro\u00dfen Standort, und die \u00fcberwiegende Mehrheit unserer Produktionsprozesse wird im eigenen Haus durchgef\u00fchrt, um effiziente Reaktionszeiten sowie eine flexible und zuverl\u00e4ssige Anpassung an die Bed\u00fcrfnisse Ihres&#8230; <a class=\"view-article\" href=\"https:\/\/www.guy-raymond.co.uk\/de\/kompetenzen\/\">View Article<\/a>","protected":false},"author":7,"featured_media":0,"parent":0,"menu_order":35,"comment_status":"closed","ping_status":"closed","template":"","meta":[],"_links":{"self":[{"href":"https:\/\/www.guy-raymond.co.uk\/de\/wp-json\/wp\/v2\/pages\/4535\/"}],"collection":[{"href":"https:\/\/www.guy-raymond.co.uk\/de\/wp-json\/wp\/v2\/pages\/"}],"about":[{"href":"https:\/\/www.guy-raymond.co.uk\/de\/wp-json\/wp\/v2\/types\/page\/"}],"author":[{"embeddable":true,"href":"https:\/\/www.guy-raymond.co.uk\/de\/wp-json\/wp\/v2\/users\/7\/"}],"replies":[{"embeddable":true,"href":"https:\/\/www.guy-raymond.co.uk\/de\/wp-json\/wp\/v2\/comments\/?post=4535"}],"version-history":[{"count":7,"href":"https:\/\/www.guy-raymond.co.uk\/de\/wp-json\/wp\/v2\/pages\/4535\/revisions\/"}],"predecessor-version":[{"id":6188,"href":"https:\/\/www.guy-raymond.co.uk\/de\/wp-json\/wp\/v2\/pages\/4535\/revisions\/6188\/"}],"wp:attachment":[{"href":"https:\/\/www.guy-raymond.co.uk\/de\/wp-json\/wp\/v2\/media\/?parent=4535"}],"curies":[{"name":"wp","href":"https:\/\/api.w.org\/{rel}","templated":true}]}}