{"id":4551,"date":"2020-01-29T10:45:11","date_gmt":"2020-01-29T10:45:11","guid":{"rendered":"http:\/\/www.guy-raymond.co.uk\/?page_id=4551"},"modified":"2025-01-07T10:50:28","modified_gmt":"2025-01-07T10:50:28","slug":"startseite","status":"publish","type":"page","link":"https:\/\/www.guy-raymond.co.uk\/de\/","title":{"rendered":"Startseite"},"content":{"rendered":"<p>[vc_section][vc_row][vc_column][vc_column_text]<\/p>\r\n<h2 style=\"text-align: center;\"><a href=\"https:\/\/exhibition.guy-raymond.co.uk\/\">Virtuelle Messe 2024<\/a><\/h2>\r\n<p style=\"text-align: center;\">Auf unserem virtuellen Messestand k\u00f6nnen Sie unsere neueste Produkte f\u00fcr den Medizinbereich entdecken. Klicken Sie auf den Button, um mehr zu erfahren.<\/p>\r\n<p style=\"text-align: center;\"><a class=\"btn btn-primary mx-auto\" href=\"https:\/\/exhibition.guy-raymond.co.uk\/\">Messestand besuchen<\/a><\/p>\r\n<p>[\/vc_column_text][\/vc_column][\/vc_row][vc_row][vc_column][vc_column_text]<\/p>\r\n\r\n<h2 style=\"text-align: center;\">Mehr als 70 Jahre Erfahrung in den Bereichen Design, Fertigung und Kundenservice<\/h2>\r\n<p style=\"text-align: center;\">Wenn Sie einen zuverl\u00e4ssigen, schnellen und qualitativ hochwertigen Hersteller f\u00fcr Ihre Rollen und Komponenten suchen (einschlie\u00dflich B\u00fcro-, Medizin-, Einzelhandels- und Bildungsanwendungen), sollten Sie auf Guy-Raymond vertrauen. Mit mehr als 20 Millionen j\u00e4hrlich versendeten Artikeln, sind wir stolz auf 70 Jahre Branchenerfahrung und unserem ausgezeichneten Kundendienst, umfassende Langlebigkeitstests sowie schnellen Versand und Lieferung (innerhalb von 1-2 Tagen in Gro\u00dfbritannien oder 14 Tagen weltweit).<\/p>\r\n<p style=\"text-align: center;\"><a class=\"btn btn-primary mx-auto\" href=\"http:\/\/www.guy-raymond.co.uk\/de\/product-industry\/alle-produkte\/\">Alle Produkte anzeigen<\/a><\/p>\r\n<p>[\/vc_column_text][\/vc_column][\/vc_row][\/vc_section][vc_row el_id=&#8220;home-capabilities&#8220; css=&#8220;.vc_custom_1547042051119{background-image: url(http:\/\/www.guy-raymond.co.uk\/wp-content\/uploads\/2019\/01\/10-Fanuc-Injection-Moulding-Machines.jpg?id=3634) !important;}&#8220;][vc_column css=&#8220;.vc_custom_1539206570060{padding-top: 8rem !important;padding-bottom: 4rem !important;}&#8220;][vc_column_text]<\/p>\r\n<p style=\"text-align: center;\"><a class=\"btn btn-primary btn-lg\" style=\"width: 400px; max-width: 100%;\" href=\"http:\/\/www.guy-raymond.co.uk\/de\/kompetenzen\/\">Kompetenzen<\/a><\/p>\r\n<p>[\/vc_column_text][\/vc_column][\/vc_row][vc_section][vc_row][vc_column][vc_column_text]<\/p>\r\n<h2 style=\"text-align: center;\">Unsere Vertriebsteams<\/h2>\r\n<p>[\/vc_column_text][vc_row_inner][vc_column_inner width=&#8220;1\/2&#8243;][vc_single_image image=&#8220;5534&#8243; img_size=&#8220;large&#8220; alignment=&#8220;center&#8220;][\/vc_column_inner][vc_column_inner width=&#8220;1\/2&#8243;][vc_single_image image=&#8220;5539&#8243; img_size=&#8220;large&#8220; alignment=&#8220;center&#8220;][\/vc_column_inner][\/vc_row_inner][\/vc_column][\/vc_row][vc_row][vc_column][vc_column_text]<\/p>\r\n<p style=\"text-align: center;\"><span class=\"text-primary\">Tel:\u00a0<a href=\"tel:+441553761401\">+44 (0)1553 761401<\/a><br \/>Email:\u00a0<a href=\"mailto:info@guy-raymond.co.uk\">info@guy-raymond.co.uk<\/a><\/span><\/p>\r\n<p>[\/vc_column_text][\/vc_column][\/vc_row][\/vc_section][vc_section][vc_row][vc_column][vc_column_text]<\/p>\r\n<h2 style=\"text-align: center;\">Ein personalisierter Service mit einem pers\u00f6nlichen Kundenbetreuer<\/h2>\r\n<p style=\"text-align: center;\">Ihre Zufriedenheit steht bei uns an erster Stelle, und unsere kompetenten Teams stehen Ihnen jederzeit mit Rat und Tat zur Verf\u00fcgung, um einen reibungslosen Ablauf Ihres Auftrags zu gew\u00e4hrleisten. Sie werden von einem <a href=\"https:\/\/www.guy-raymond.co.uk\/de\/ueber-uns\/unser-team\/\">pers\u00f6nlichen Kundenbetreuer<\/a> beraten, der Sie und Ihre Gesch\u00e4ftsanforderungen kennenlernen wird und die Kommunikation einfach und effizient gestaltet.<\/p>\r\n<p>[\/vc_column_text][\/vc_column][\/vc_row][\/vc_section][vc_section][vc_row css=&#8220;.vc_custom_1539207079119{padding-top: 2rem !important;padding-bottom: 2rem !important;}&#8220;][vc_column width=&#8220;1\/2&#8243;][vc_column_text]<\/p>\r\n<h2 style=\"text-align: center;\">Eigenproduktion f\u00fcr hochwertige Komponenten<\/h2>\r\n<p style=\"text-align: center;\">Alle Qualit\u00e4tsprodukte von Guy-Raymond werden nach ISO 9001 produziert.Weiterhin ist das Unternehmen ebenfalls nach ISO 14001 zertifiziert. Dar\u00fcber hinaus erf\u00fcllen die Rollen die erforderlichen europ\u00e4ischen Normen wie EN12529, EN12528, EN12530. Zu unserem Werk geh\u00f6ren eine <a href=\"https:\/\/www.guy-raymond.co.uk\/de\/kompetenzen\/\">Design-, Forschungs- und Entwicklungsabteilung<\/a>, eine Werkzeugbauabteilung, Dreh- und Schmiedeabteilungen sowie Spritzguss- und Montageabteilungen, die es uns erm\u00f6glichen, von der Entwicklung Ihres ersten Konzeptentwurfs bis hin zur Fertigstellung und Lieferung des Produkts h\u00f6chste Standards zu erf\u00fcllen.<\/p>\r\n<p>[\/vc_column_text][\/vc_column][vc_column width=&#8220;1\/2&#8243;][vc_single_image image=&#8220;512&#8243; img_size=&#8220;large&#8220; alignment=&#8220;center&#8220;][\/vc_column][\/vc_row][\/vc_section][vc_section][vc_row][vc_column][vc_column_text]<\/p>\r\n<h2 style=\"text-align: center;\">70 Jahre Erfahrung in der Entwicklung und Herstellung hochwertiger britischer Komponenten<\/h2>\r\n<p style=\"text-align: center;\">Ausgehend von unseren bescheidenen Anf\u00e4ngen in einem stillgelegten Londoner Backhaus im Jahr 1948 sind wir sehr stolz darauf, zu einem der f\u00fchrenden europ\u00e4ischen Hersteller von Doppelradrollen und Komponenten geworden zu sein. Getreu unseren Werten als familiengef\u00fchrtes Unternehmen sind wir seit unseren ersten Entw\u00fcrfen stetig gewachsen und haben eine Reihe innovativer, hochwertiger Produkte hergestellt, darunter eine breite Palette von Rollen f\u00fcr den Medizin-, B\u00fcrom\u00f6bel- und Bildungsbereich sowie eine gro\u00dfe Auswahl an Anpassungsm\u00f6glichkeiten, ohne dabei Kompromisse bei Qualit\u00e4ts- oder Servicestandards einzugehen. Wenn Sie weitere Informationen zu unseren verschiedenen Bremssystemen und Anpassungsm\u00f6glichkeiten w\u00fcnschen, besuchen Sie bitte unsere\u00a0<em><strong>Seite Funktionen und Merkmale<\/strong><\/em>.<\/p>\r\n<p>[\/vc_column_text][\/vc_column][\/vc_row][\/vc_section][vc_section][vc_row][vc_column width=&#8220;1\/2&#8243;][vc_column_text]<\/p>\r\n<h2 style=\"text-align: center;\">Beeindruckender Kundendienst weltweit<\/h2>\r\n<p style=\"text-align: center;\">Wir arbeiten in einer hochmodernen 6000 qm gro\u00dfen Produktionsst\u00e4tte im britischen King&#8217;s Lynn, Norfolk, mit lokalen <a href=\"https:\/\/www.guy-raymond.co.uk\/de\/kontaktieren-sie-uns\/vertreter-und-vertriebspartner\/\">Vertretungen und Vertriebspartnern<\/a> in vielen L\u00e4ndern und liefern in \u00fcber 40 L\u00e4nder weltweit.<\/p>\r\n<p style=\"text-align: center;\">Mit einem starken Team von \u00fcber 75 Mitarbeitern, von denen viele seit mehr als 25 Jahren bei uns arbeiten, sind wir bestrebt, Ihre Produkte auf h\u00f6chstem Niveau herzustellen. Es sind nicht nur unsere Mitarbeiter, die uns nicht verlassen wollen, auch 97 % unserer Kunden sind uns treu.<\/p>\r\n<p style=\"text-align: center;\">F\u00fcr mehr Informationen, wenden Sie sich an einen unserer <a href=\"https:\/\/www.guy-raymond.co.uk\/de\/ueber-uns\/unser-team\/\">sachkundigen Mitarbeiter<\/a>, um zu er\u00f6rtern, wie wir Ihnen und Ihrem Unternehmen helfen k\u00f6nnen.<\/p>\r\n<p>[\/vc_column_text][\/vc_column][vc_column width=&#8220;1\/2&#8243;][vc_column_text]<\/p>\r\n<h2 style=\"text-align: center;\">Online-Anfrage<\/h2>\r\n<p>[\/vc_column_text]\n<div class=\"wpcf7 no-js\" id=\"wpcf7-f4591-o1\" lang=\"en-US\" dir=\"ltr\">\n<div class=\"screen-reader-response\"><p role=\"status\" aria-live=\"polite\" aria-atomic=\"true\"><\/p> <ul><\/ul><\/div>\n<form action=\"\/de\/wp-json\/wp\/v2\/pages\/4551\/#wpcf7-f4591-o1\" method=\"post\" class=\"wpcf7-form init\" aria-label=\"Contact form\" novalidate=\"novalidate\" data-status=\"init\">\n<div style=\"display: none;\">\n<input type=\"hidden\" name=\"_wpcf7\" value=\"4591\" \/>\n<input type=\"hidden\" name=\"_wpcf7_version\" value=\"5.7.3\" \/>\n<input type=\"hidden\" name=\"_wpcf7_locale\" value=\"en_US\" \/>\n<input type=\"hidden\" name=\"_wpcf7_unit_tag\" value=\"wpcf7-f4591-o1\" \/>\n<input type=\"hidden\" name=\"_wpcf7_container_post\" value=\"0\" \/>\n<input type=\"hidden\" name=\"_wpcf7_posted_data_hash\" value=\"\" \/>\n<\/div>\n<div class=\"wpcf7-response-output\" aria-hidden=\"true\"><\/div>\n<p><span class=\"wpcf7-form-control-wrap\" data-name=\"company-name\"><input size=\"40\" class=\"wpcf7-form-control wpcf7-text\" aria-invalid=\"false\" placeholder=\"Name des Unternehmens\" value=\"\" type=\"text\" name=\"company-name\" \/><\/span>\n<\/p>\n<p><span class=\"wpcf7-form-control-wrap\" data-name=\"your-name\"><input size=\"40\" class=\"wpcf7-form-control wpcf7-text wpcf7-validates-as-required\" aria-required=\"true\" aria-invalid=\"false\" placeholder=\"Ihr Name*\" value=\"\" type=\"text\" name=\"your-name\" \/><\/span>\n<\/p>\n<p><span class=\"wpcf7-form-control-wrap\" data-name=\"your-email\"><input size=\"40\" class=\"wpcf7-form-control wpcf7-text wpcf7-email wpcf7-validates-as-required wpcf7-validates-as-email\" aria-required=\"true\" aria-invalid=\"false\" placeholder=\"Email*\" value=\"\" type=\"email\" name=\"your-email\" \/><\/span>\n<\/p>\n<p><span class=\"wpcf7-form-control-wrap\" data-name=\"phone\"><input size=\"40\" class=\"wpcf7-form-control wpcf7-text wpcf7-tel wpcf7-validates-as-required wpcf7-validates-as-tel\" aria-required=\"true\" aria-invalid=\"false\" placeholder=\"Telefon*\" value=\"\" type=\"tel\" name=\"phone\" \/><\/span>\n<\/p>\n<p><span class=\"wpcf7-form-control-wrap\" data-name=\"your-message\"><input size=\"40\" class=\"wpcf7-form-control wpcf7-text\" aria-invalid=\"false\" placeholder=\"Nachricht\" value=\"\" type=\"text\" name=\"your-message\" \/><\/span>\n<\/p>\n<p><label>Sind Sie damit einverstanden, dass wir Sie kontaktieren?<\/label><span class=\"wpcf7-form-control-wrap\" data-name=\"happy_to_contact_you\"><span class=\"wpcf7-form-control wpcf7-radio\"><span class=\"wpcf7-list-item first\"><input type=\"radio\" name=\"happy_to_contact_you\" value=\"Ja\" tabindex=\"\" \/><span class=\"wpcf7-list-item-label\">Ja<\/span><\/span><span class=\"wpcf7-list-item last\"><input type=\"radio\" name=\"happy_to_contact_you\" value=\"Nein\" tabindex=\"\" \/><span class=\"wpcf7-list-item-label\">Nein<\/span><\/span><\/span><\/span>\n<\/p>\n<p><input class=\"wpcf7-form-control has-spinner wpcf7-submit btn btn-primary\" type=\"submit\" value=\"Anfrage senden\" \/>\n<\/p>\n<\/form>\n<\/div>\n[vc_column_text]<\/p>\r\n<p class=\"tosline text-center\">Alle Angaben werden streng vertraulich behandelt. Bitte lesen Sie unsere allgemeinen Gesch\u00e4ftsbedingungen und die Datenschutzrichtlinie f\u00fcr weitere Informationen.<\/p>\r\n<p>[\/vc_column_text][\/vc_column][\/vc_row][\/vc_section][vc_section][vc_row][vc_column][vc_column_text]<\/p>\r\n<h2 style=\"text-align: center;\">Blog<\/h2>\r\n<p>[\/vc_column_text]\n\t\t<div class=\"guyraymond-teaser\">\n\t\t\t<div class=\"swiper-container swiper-teaser\">\n\t\t\t\t<div class=\"swiper-wrapper\">\n\t\t<div class=\"swiper-slide\" style=\"background-image: url(https:\/\/www.guy-raymond.co.uk\/wp-content\/uploads\/2025\/09\/lightened-3-700x281.jpg)\" data-title=\"Keeping the wheels rolling...\" data-href=\"https:\/\/www.guy-raymond.co.uk\/de\/keeping-the-wheels-rolling-2\/\"><\/div><div class=\"swiper-slide\" style=\"background-image: url(https:\/\/www.guy-raymond.co.uk\/wp-content\/uploads\/2025\/08\/adjuster-banner-3-700x175.png)\" data-title=\"Small adjustments, big benefits\" data-href=\"https:\/\/www.guy-raymond.co.uk\/de\/small-adjustments-big-benefits\/\"><\/div><div class=\"swiper-slide\" style=\"background-image: url(https:\/\/www.guy-raymond.co.uk\/wp-content\/uploads\/2025\/08\/Untitled-design-38-700x175.png)\" data-title=\"Meet the next generation of directors at Guy-Raymond\" data-href=\"https:\/\/www.guy-raymond.co.uk\/de\/meet-the-next-generation-of-directors-at-guy-raymond\/\"><\/div><div class=\"swiper-slide\" style=\"background-image: url(https:\/\/www.guy-raymond.co.uk\/wp-content\/uploads\/2025\/06\/Untitled-design-30-1-700x175.png)\" data-title=\"New granulator reduces energy used by in-house recycling\" data-href=\"https:\/\/www.guy-raymond.co.uk\/de\/new-granulator-reduces-energy-used-by-in-house-recycling\/\"><\/div><div class=\"swiper-slide\" style=\"background-image: url(https:\/\/www.guy-raymond.co.uk\/wp-content\/uploads\/2025\/05\/Untitled-design-32-700x175.png)\" data-title=\"Stainless steel and brass castors for challenging conditions\" data-href=\"https:\/\/www.guy-raymond.co.uk\/de\/stainless-steel-and-brass-castors-for-challenging-conditions\/\"><\/div>\n\n\t\t\t\t<\/div>\n\t\t\t<\/div>\n\t\t\n\t\t\t<div class=\"swiper-teaser-nav\">\n\t\t\t\t<div class=\"swiper-teaser-nav-title\">\n\t\t\t\t\t<span data-currenttitle>Keeping the wheels rolling...<\/span>\n\t\t\t\t<\/div>\n\t\t\t\t<div class=\"swiper-teaser-nav-links\">\n\t\t\t\t\t<span data-currenttease>1 \/ 5<\/span>\n\t\t\t\t\t<div class=\"swiper-button-prev\"><\/div>\n\t\t\t\t\t<div class=\"swiper-button-next\"><\/div>\n\t\t\t\t<\/div>\n\t\t\t\t<div class=\"clear\"><\/div>\n\t\t\t<\/div>\n\t\t\t<div class=\"swiper-teaser-buttons\">\n\t\t\t\t<a class=\"btn btn-primary btn-sm\" href=\"https:\/\/www.guy-raymond.co.uk\/de\/keeping-the-wheels-rolling-2\/\" data-readmore>Read More<\/a>\n\t\t\t\t\t\t<a class=\"btn btn-primary btn-sm\" href=\"https:\/\/www.guy-raymond.co.uk\/de\/blog\/\">All Blog Posts<\/a>\n\t\t\t<\/div>\n\t\t\n\t\t\t<script>\n\t\t\t\tif (jQuery(\".swiper-teaser\").length) {\n\t\t\t\t\tvar teaserSwiper = new Swiper(\".swiper-teaser\", {\n\t\t\t\t\t\teffect: \"coverflow\",\n\t\t\t\t\t\t\/\/slidesPerView: 2,\n\t\t\t\t\t\tspaceBetween: 20,\n\t\t\t\t\t\ttouchRatio: 0,\n\t\t\t\t\t\tcoverflowEffect: {\n\t\t\t\t\t\t\trotate: 0,\n\t\t\t\t\t\t\tstretch: 1,\n\t\t\t\t\t\t\tdepth: 0,\n\t\t\t\t\t\t\tmodifier: 1,\n\t\t\t\t\t\t},\n\t\t\t\t\t\tnavigation: {\n\t\t\t\t\t\t\tnextEl: \".swiper-button-next\",\n\t\t\t\t\t\t\tprevEl: \".swiper-button-prev\",\n\t\t\t\t\t\t},\n\t\t\t\t\t});\n\t\t\t\t\tteaserSwiper.on(\"slideChangeTransitionEnd\", function() {\n\t\t\t\t\t\tvar newSlideIndex =  this.activeIndex;\n\t\t\t\t\t\tvar newSlideName = jQuery(this.$el).find(\".swiper-slide-active\").attr(\"data-title\");\n\t\t\t\t\t\tvar newSlideLink = jQuery(this.$el).find(\".swiper-slide-active\").attr(\"data-href\");\n\t\t\t\t\t\tjQuery(this.$el).parent().find(\".swiper-teaser-nav span[data-currenttease]\").text((newSlideIndex + 1) + \" \/ \" + this.slides.length);\n\t\t\t\t\t\tjQuery(this.$el).parent().find(\".swiper-teaser-buttons a[data-readmore]\").attr(\"href\", newSlideLink);\n\t\t\t\t\t\tjQuery(this.$el).parent().find(\".swiper-teaser-nav span[data-currenttitle]\").text(newSlideName);\n\t\t\t\t\t});\n\t\t\t\t}\n\t\t\t<\/script>\n\t\t<\/div>[\/vc_column][\/vc_row][\/vc_section]<\/p>","protected":false},"excerpt":{"rendered":"[vc_section][vc_row][vc_column][vc_column_text] Virtuelle Messe 2024 Auf unserem virtuellen Messestand k\u00f6nnen Sie unsere neueste Produkte f\u00fcr den Medizinbereich entdecken. Klicken Sie auf den Button, um mehr zu erfahren. Messestand besuchen [\/vc_column_text][\/vc_column][\/vc_row][vc_row][vc_column][vc_column_text] Mehr als 70 Jahre Erfahrung in den Bereichen Design, Fertigung und Kundenservice Wenn Sie einen zuverl\u00e4ssigen, schnellen und qualitativ hochwertigen Hersteller f\u00fcr Ihre Rollen und Komponenten&#8230; <a class=\"view-article\" href=\"https:\/\/www.guy-raymond.co.uk\/de\/\">View Article<\/a>","protected":false},"author":7,"featured_media":0,"parent":0,"menu_order":63,"comment_status":"closed","ping_status":"closed","template":"","meta":[],"_links":{"self":[{"href":"https:\/\/www.guy-raymond.co.uk\/de\/wp-json\/wp\/v2\/pages\/4551\/"}],"collection":[{"href":"https:\/\/www.guy-raymond.co.uk\/de\/wp-json\/wp\/v2\/pages\/"}],"about":[{"href":"https:\/\/www.guy-raymond.co.uk\/de\/wp-json\/wp\/v2\/types\/page\/"}],"author":[{"embeddable":true,"href":"https:\/\/www.guy-raymond.co.uk\/de\/wp-json\/wp\/v2\/users\/7\/"}],"replies":[{"embeddable":true,"href":"https:\/\/www.guy-raymond.co.uk\/de\/wp-json\/wp\/v2\/comments\/?post=4551"}],"version-history":[{"count":31,"href":"https:\/\/www.guy-raymond.co.uk\/de\/wp-json\/wp\/v2\/pages\/4551\/revisions\/"}],"predecessor-version":[{"id":6959,"href":"https:\/\/www.guy-raymond.co.uk\/de\/wp-json\/wp\/v2\/pages\/4551\/revisions\/6959\/"}],"wp:attachment":[{"href":"https:\/\/www.guy-raymond.co.uk\/de\/wp-json\/wp\/v2\/media\/?parent=4551"}],"curies":[{"name":"wp","href":"https:\/\/api.w.org\/{rel}","templated":true}]}}