{"id":4576,"date":"2020-01-29T15:38:56","date_gmt":"2020-01-29T15:38:56","guid":{"rendered":"http:\/\/www.guy-raymond.co.uk\/?page_id=4576"},"modified":"2020-01-29T15:38:56","modified_gmt":"2020-01-29T15:38:56","slug":"barrierefreiheit","status":"publish","type":"page","link":"https:\/\/www.guy-raymond.co.uk\/de\/barrierefreiheit\/","title":{"rendered":"Barrierefreiheit"},"content":{"rendered":"<p>[vc_section][vc_row][vc_column][vc_column_text]Es ist unser Anliegen, sicherzustellen, dass jeder auf unsere Website uneingeschr\u00e4nkt zugreifen kann. Wir haben uns um die Sicherstellung bem\u00fcht, dass die Website f\u00fcr alle zug\u00e4nglich ist. Wir w\u00fcrden uns \u00fcber Ihre Kommentare zu diesem Thema unter der Telefonnummer\u00a0<a href=\"tel:+441553761401\">+44 (0)1553 761401<\/a>\u00a0freuen.<\/p>\n<p>Wir haben die Website unter Ber\u00fccksichtigung der Richtlinien des Disability Discrimination Act gestaltet und die Website W3C-konform gemacht. W3C ist ein Website-Validierungsdienst, der die Erstellung von Websites unterst\u00fctzt, indem er Fehler, Tippfehler oder falsche Verwendungen von Codierung entfernt, damit keine Probleme hinsichtlich der Benutzerfreundlichkeit auftreten.<\/p>\n<p>Alle Seiten auf dieser Website haben die W3C-Validierungstests f\u00fcr\u00a0<a title=\"HTML5 Powered\" href=\"http:\/\/validator.w3.org\/check?uri=https:\/\/guy-raymond.co.uk\" target=\"_blank\" rel=\"noopener\">HTML5<\/a>\u00a0mit\u00a0<a title=\"CSS3\" href=\"http:\/\/jigsaw.w3.org\/css-validator\/validator?uri=https:\/\/guy-raymond.co.uk\" target=\"blank\">CSS3<\/a> Styling und Grafik, 3D &amp; Effekte bestanden:<\/p>\n<p><a href=\"http:\/\/validator.w3.org\/check?uri=https:\/\/guy-raymond.co.uk\" target=\"_blank\" rel=\"noopener\"><img decoding=\"async\" loading=\"lazy\" title=\"HTML5 Powered with CSS3 \/ Styling, and Graphics, 3D &amp; Effects\" src=\"http:\/\/www.w3.org\/html\/logo\/badge\/html5-badge-h-css3-graphics.png\" alt=\"HTML5 Powered with CSS3 \/ Styling, and Graphics, 3D &amp; Effects\" width=\"129\" height=\"50\" \/><\/a>\u00a0<a href=\"http:\/\/jigsaw.w3.org\/css-validator\/validator?uri=http:\/\/www.guy-raymond.co.uk\/\" target=\"_blank\" rel=\"noopener\"><img decoding=\"async\" loading=\"lazy\" title=\"Valid CSS3\" src=\"\/wp-content\/uploads\/2018\/11\/vcss.gif\" alt=\"Valid CSS3\" width=\"88\" height=\"31\" \/><\/a><\/p>\n<p>Wir haben &#8230;<\/p>\n<ul>\n<li>die Verwendung von Frames vermieden, die f\u00fcr Text-Reader und spezielle Browser schwer auszuwerten sind<\/li>\n<li>eine websichere Schriftart verwendet, um den Text leicht lesbar zu machen<\/li>\n<li>alternativen Text f\u00fcr alle Bilder verwendet, um eine n\u00fctzliche Beschreibung zu liefern<\/li>\n<li>eine klare Farbgebung verwendet<\/li>\n<\/ul>\n<p>Wenn Sie die Darstellung der Website , wie z. B. die Textgr\u00f6\u00dfe oder die Farbe von Hyperlinks, \u00e4ndern m\u00f6chten, m\u00fcssen Sie Ihre Browsereinstellungen \u00e4ndern. F\u00fcr weitere Informationen besuchen Sie bitte die W3C-Website, <a href=\"http:\/\/www.w3.org\/WAI\/changedesign.html\">indem Sie hier klicken.<\/a>[\/vc_column_text][\/vc_column][\/vc_row][\/vc_section]<\/p>\n","protected":false},"excerpt":{"rendered":"[vc_section][vc_row][vc_column][vc_column_text]Es ist unser Anliegen, sicherzustellen, dass jeder auf unsere Website uneingeschr\u00e4nkt zugreifen kann. Wir haben uns um die Sicherstellung bem\u00fcht, dass die Website f\u00fcr alle zug\u00e4nglich ist. Wir w\u00fcrden uns \u00fcber Ihre Kommentare zu diesem Thema unter der Telefonnummer\u00a0+44 (0)1553 761401\u00a0freuen. Wir haben die Website unter Ber\u00fccksichtigung der Richtlinien des Disability Discrimination Act gestaltet und&#8230; <a class=\"view-article\" href=\"https:\/\/www.guy-raymond.co.uk\/de\/barrierefreiheit\/\">View Article<\/a>","protected":false},"author":7,"featured_media":0,"parent":0,"menu_order":30,"comment_status":"closed","ping_status":"closed","template":"","meta":[],"_links":{"self":[{"href":"https:\/\/www.guy-raymond.co.uk\/de\/wp-json\/wp\/v2\/pages\/4576\/"}],"collection":[{"href":"https:\/\/www.guy-raymond.co.uk\/de\/wp-json\/wp\/v2\/pages\/"}],"about":[{"href":"https:\/\/www.guy-raymond.co.uk\/de\/wp-json\/wp\/v2\/types\/page\/"}],"author":[{"embeddable":true,"href":"https:\/\/www.guy-raymond.co.uk\/de\/wp-json\/wp\/v2\/users\/7\/"}],"replies":[{"embeddable":true,"href":"https:\/\/www.guy-raymond.co.uk\/de\/wp-json\/wp\/v2\/comments\/?post=4576"}],"version-history":[{"count":2,"href":"https:\/\/www.guy-raymond.co.uk\/de\/wp-json\/wp\/v2\/pages\/4576\/revisions\/"}],"predecessor-version":[{"id":4578,"href":"https:\/\/www.guy-raymond.co.uk\/de\/wp-json\/wp\/v2\/pages\/4576\/revisions\/4578\/"}],"wp:attachment":[{"href":"https:\/\/www.guy-raymond.co.uk\/de\/wp-json\/wp\/v2\/media\/?parent=4576"}],"curies":[{"name":"wp","href":"https:\/\/api.w.org\/{rel}","templated":true}]}}