{"id":7352,"date":"2025-02-17T20:04:28","date_gmt":"2025-02-17T20:04:28","guid":{"rendered":"https:\/\/www.guy-raymond.co.uk\/ueber-uns\/sustainability\/"},"modified":"2025-07-03T11:38:02","modified_gmt":"2025-07-03T10:38:02","slug":"nachhaltigkeit","status":"publish","type":"page","link":"https:\/\/www.guy-raymond.co.uk\/de\/ueber-uns\/nachhaltigkeit\/","title":{"rendered":"Nachhaltigkeit"},"content":{"rendered":"<p>[vc_section][vc_row][vc_column][vc_column_text]<\/p>\n<h2 style=\"text-align: center;\">Nachhaltigkeit<\/h2>\n<p style=\"text-align: center;\">Seit \u00fcber einem Jahrzehnten konzetriert sich Guy-Raymond auf Energieeinsparung, die Reduzierung seiner Kohlenstoffbilanz und verbesserte Nachhaltigkeit.\u00a0 Zur Zeit arbeiten wir auf eine umfassende Messung unserer Kohlenstoffbilanz und planen auch die zeitnahe Installation von Solarkollektoren.<\/p>\n<p style=\"text-align: center;\">Unten entdecken Sie die positive Verbesserungen, die wir zur Zeit vorgenommen haben:<\/p>\n<p>[\/vc_column_text][\/vc_column][\/vc_row][vc_row][vc_column]<div class=\"guyraymond-timeline\"><div class=\"timeline\">\n\t\t\t\t\t<div class=\"row no-gutters justify-content-end justify-content-md-around align-items-start timeline-nodes scroll-rv\">\n\t\t\t\t\t\t<span class=\"timeline-line hidden\"><\/span>\n\t\t\t\t\t\t<div class=\"col-10 col-md-5 order-3 order-md-1 timeline-content\">\n\t\t\t\t\t\t\t<div class=\"timeline-row row row-eq-height\">\n\t\t\t\t\t\t\t\t<div class=\"col col-sm-6 col-md-7 order-2\">\n\t\t\t\t\t\t\t\t\t<h3>2025<\/h3>\n\t\t\t\t\t\t\t\t\t<p>Installation eines neuen Granulators, der den Stomverbrauch um ungef\u00e4hr 50% reduziert, im Vergleich zum ersetzten System.<\/p>\n\t\t\t\t\t\t\t\t<\/div>\n\t\t\t\t\t\t\t\t<div class=\"timeline-img col col-sm-6 col-md-5\">\n\t\t\t\t\t\t\t\t\t<div class=\"compat_image_container\">\n\t\t\t\t\t\t\t\t\t\t<img src=\"https:\/\/www.guy-raymond.co.uk\/wp-content\/uploads\/2025\/06\/Piovan-new-CMG-granulator-5.jpg\" class=\"img-fluid\" alt=\"img\">\n\t\t\t\t\t\t\t\t\t<\/div>\n\t\t\t\t\t\t\t\t<\/div>\n\t\t\t\t\t\t\t<\/div>\n\t\t\t\t\t\t<\/div>\n\t\t\t\t\t\t<div class=\"col-2 col-sm-1 px-md-3 order-2 timeline-dot text-md-center\">\n\t\t\t\t\t\t\t<!-- the dot -->\n\t\t\t\t\t\t<\/div>\n\t\t\t\t\t\t<div class=\"col-10 col-md-5 order-1 order-md-3 py-3 timeline-date\"><\/div>\n\t\t\t\t\t<\/div>\n\t\t\t\n\t\t\t\t\t<div class=\"row no-gutters justify-content-end justify-content-md-around align-items-start timeline-nodes scroll-rv\">\n\t\t\t\t\t\t<span class=\"timeline-line hidden\"><\/span>\n\t\t\t\t\t\t<div class=\"col-10 col-md-5 order-3 order-md-1 timeline-content\">\n\t\t\t\t\t\t\t<div class=\"timeline-row row row-eq-height\">\n\t\t\t\t\t\t\t\t<div class=\"col col-sm-6 col-md-7 order-2\">\n\t\t\t\t\t\t\t\t\t<h3>2024<\/h3>\n\t\t\t\t\t\t\t\t\t<p>Wildblumenwiese hinter der Werk vergr\u00f6\u00dfert und als Teil des Bee-Lines Superhighway Projekts registriert um bei dem Schutz von Bienenheimaten zu helfen.<\/p>\n\t\t\t\t\t\t\t\t<\/div>\n\t\t\t\t\t\t\t\t<div class=\"timeline-img col col-sm-6 col-md-5\">\n\t\t\t\t\t\t\t\t\t<div class=\"compat_image_container\">\n\t\t\t\t\t\t\t\t\t\t<img src=\"https:\/\/www.guy-raymond.co.uk\/wp-content\/uploads\/2024\/08\/B-Lines-aims-to-create-and-restore-at-least-150000-hectares-of-flower-rich-habitat-across-the-UK.-Making-this-happen-will-take-time-and-will-need-farmers-land-owners-wildlife-organisations-bus-1.png\" class=\"img-fluid\" alt=\"img\">\n\t\t\t\t\t\t\t\t\t<\/div>\n\t\t\t\t\t\t\t\t<\/div>\n\t\t\t\t\t\t\t<\/div>\n\t\t\t\t\t\t<\/div>\n\t\t\t\t\t\t<div class=\"col-2 col-sm-1 px-md-3 order-2 timeline-dot text-md-center\">\n\t\t\t\t\t\t\t<!-- the dot -->\n\t\t\t\t\t\t<\/div>\n\t\t\t\t\t\t<div class=\"col-10 col-md-5 order-1 order-md-3 py-3 timeline-date\"><\/div>\n\t\t\t\t\t<\/div>\n\t\t\t\n\t\t\t\t\t<div class=\"row no-gutters justify-content-end justify-content-md-around align-items-start timeline-nodes scroll-rv\">\n\t\t\t\t\t\t<span class=\"timeline-line hidden\"><\/span>\n\t\t\t\t\t\t<div class=\"col-10 col-md-5 order-3 order-md-1 timeline-content\">\n\t\t\t\t\t\t\t<div class=\"timeline-row row row-eq-height\">\n\t\t\t\t\t\t\t\t<div class=\"col col-sm-6 col-md-7 order-2\">\n\t\t\t\t\t\t\t\t\t<h3>2024<\/h3>\n\t\t\t\t\t\t\t\t\t<p>Recycling von nichtindustriellen Abfall im Werk, und Einf\u00fchrung von kompostierbaren und recyclierbaren Kaffeetassen.<\/p>\n\t\t\t\t\t\t\t\t<\/div>\n\t\t\t\t\t\t\t\t<div class=\"timeline-img col col-sm-6 col-md-5\">\n\t\t\t\t\t\t\t\t\t<div class=\"compat_image_container\">\n\t\t\t\t\t\t\t\t\t\t<img src=\"https:\/\/www.guy-raymond.co.uk\/wp-content\/uploads\/2024\/10\/Recycling-symbol.jpg\" class=\"img-fluid\" alt=\"img\">\n\t\t\t\t\t\t\t\t\t<\/div>\n\t\t\t\t\t\t\t\t<\/div>\n\t\t\t\t\t\t\t<\/div>\n\t\t\t\t\t\t<\/div>\n\t\t\t\t\t\t<div class=\"col-2 col-sm-1 px-md-3 order-2 timeline-dot text-md-center\">\n\t\t\t\t\t\t\t<!-- the dot -->\n\t\t\t\t\t\t<\/div>\n\t\t\t\t\t\t<div class=\"col-10 col-md-5 order-1 order-md-3 py-3 timeline-date\"><\/div>\n\t\t\t\t\t<\/div>\n\t\t\t\n\t\t\t\t\t<div class=\"row no-gutters justify-content-end justify-content-md-around align-items-start timeline-nodes scroll-rv\">\n\t\t\t\t\t\t<span class=\"timeline-line hidden\"><\/span>\n\t\t\t\t\t\t<div class=\"col-10 col-md-5 order-3 order-md-1 timeline-content\">\n\t\t\t\t\t\t\t<div class=\"timeline-row row row-eq-height\">\n\t\t\t\t\t\t\t\t<div class=\"col col-sm-6 col-md-7 order-2\">\n\t\t\t\t\t\t\t\t\t<h3>2023<\/h3>\n\t\t\t\t\t\t\t\t\t<p>Upgrade auf eine Zentrifuge f\u00fcr Metallsp\u00e4ne, die das \u00d6l abtrennt und ungef\u00e4hr 30% mehr \u00d6l zur Wiederverwendung reklamiert.<\/p>\n\t\t\t\t\t\t\t\t<\/div>\n\t\t\t\t\t\t\t\t<div class=\"timeline-img col col-sm-6 col-md-5\">\n\t\t\t\t\t\t\t\t\t<div class=\"compat_image_container\">\n\t\t\t\t\t\t\t\t\t\t<img src=\"https:\/\/www.guy-raymond.co.uk\/wp-content\/uploads\/2024\/11\/Guy-Raymond-Swarf-Centrifugal-System-700x635-1.jpg\" class=\"img-fluid\" alt=\"img\">\n\t\t\t\t\t\t\t\t\t<\/div>\n\t\t\t\t\t\t\t\t<\/div>\n\t\t\t\t\t\t\t<\/div>\n\t\t\t\t\t\t<\/div>\n\t\t\t\t\t\t<div class=\"col-2 col-sm-1 px-md-3 order-2 timeline-dot text-md-center\">\n\t\t\t\t\t\t\t<!-- the dot -->\n\t\t\t\t\t\t<\/div>\n\t\t\t\t\t\t<div class=\"col-10 col-md-5 order-1 order-md-3 py-3 timeline-date\"><\/div>\n\t\t\t\t\t<\/div>\n\t\t\t\n\t\t\t\t\t<div class=\"row no-gutters justify-content-end justify-content-md-around align-items-start timeline-nodes scroll-rv\">\n\t\t\t\t\t\t<span class=\"timeline-line hidden\"><\/span>\n\t\t\t\t\t\t<div class=\"col-10 col-md-5 order-3 order-md-1 timeline-content\">\n\t\t\t\t\t\t\t<div class=\"timeline-row row row-eq-height\">\n\t\t\t\t\t\t\t\t<div class=\"col col-sm-6 col-md-7 order-2\">\n\t\t\t\t\t\t\t\t\t<h3>2023<\/h3>\n\t\t\t\t\t\t\t\t\t<p>LED-Beleuchtung eingef\u00fchrt im Werk, mit einer Energiesparung von ungef\u00e4hr 60%.<\/p>\n\t\t\t\t\t\t\t\t<\/div>\n\t\t\t\t\t\t\t\t<div class=\"timeline-img col col-sm-6 col-md-5\">\n\t\t\t\t\t\t\t\t\t<div class=\"compat_image_container\">\n\t\t\t\t\t\t\t\t\t\t<img src=\"https:\/\/www.guy-raymond.co.uk\/wp-content\/uploads\/2024\/08\/Guy-Raymond-LED-Light-Upgrade.jpg\" class=\"img-fluid\" alt=\"img\">\n\t\t\t\t\t\t\t\t\t<\/div>\n\t\t\t\t\t\t\t\t<\/div>\n\t\t\t\t\t\t\t<\/div>\n\t\t\t\t\t\t<\/div>\n\t\t\t\t\t\t<div class=\"col-2 col-sm-1 px-md-3 order-2 timeline-dot text-md-center\">\n\t\t\t\t\t\t\t<!-- the dot -->\n\t\t\t\t\t\t<\/div>\n\t\t\t\t\t\t<div class=\"col-10 col-md-5 order-1 order-md-3 py-3 timeline-date\"><\/div>\n\t\t\t\t\t<\/div>\n\t\t\t\n\t\t\t\t\t<div class=\"row no-gutters justify-content-end justify-content-md-around align-items-start timeline-nodes scroll-rv\">\n\t\t\t\t\t\t<span class=\"timeline-line hidden\"><\/span>\n\t\t\t\t\t\t<div class=\"col-10 col-md-5 order-3 order-md-1 timeline-content\">\n\t\t\t\t\t\t\t<div class=\"timeline-row row row-eq-height\">\n\t\t\t\t\t\t\t\t<div class=\"col col-sm-6 col-md-7 order-2\">\n\t\t\t\t\t\t\t\t\t<h3>2021<\/h3>\n\t\t\t\t\t\t\t\t\t<p>Einf\u00fchrung von einer vollautomatischen Spritzgu\u00dfmaschine zur Umspritzung vond er weiche Lauffl\u00e4che auf die R\u00e4der, mit einer Energiesparung von ungef\u00e4hr 70%<\/p>\n\t\t\t\t\t\t\t\t<\/div>\n\t\t\t\t\t\t\t\t<div class=\"timeline-img col col-sm-6 col-md-5\">\n\t\t\t\t\t\t\t\t\t<div class=\"compat_image_container\">\n\t\t\t\t\t\t\t\t\t\t<img src=\"https:\/\/www.guy-raymond.co.uk\/wp-content\/uploads\/2024\/11\/Robot-3-scaled.jpg\" class=\"img-fluid\" alt=\"img\">\n\t\t\t\t\t\t\t\t\t<\/div>\n\t\t\t\t\t\t\t\t<\/div>\n\t\t\t\t\t\t\t<\/div>\n\t\t\t\t\t\t<\/div>\n\t\t\t\t\t\t<div class=\"col-2 col-sm-1 px-md-3 order-2 timeline-dot text-md-center\">\n\t\t\t\t\t\t\t<!-- the dot -->\n\t\t\t\t\t\t<\/div>\n\t\t\t\t\t\t<div class=\"col-10 col-md-5 order-1 order-md-3 py-3 timeline-date\"><\/div>\n\t\t\t\t\t<\/div>\n\t\t\t\n\t\t\t\t\t<div class=\"row no-gutters justify-content-end justify-content-md-around align-items-start timeline-nodes scroll-rv\">\n\t\t\t\t\t\t<span class=\"timeline-line hidden\"><\/span>\n\t\t\t\t\t\t<div class=\"col-10 col-md-5 order-3 order-md-1 timeline-content\">\n\t\t\t\t\t\t\t<div class=\"timeline-row row row-eq-height\">\n\t\t\t\t\t\t\t\t<div class=\"col col-sm-6 col-md-7 order-2\">\n\t\t\t\t\t\t\t\t\t<h3>2021<\/h3>\n\t\t\t\t\t\t\t\t\t<p>5 x Fanuc vollelektrische 150t Spritzgu\u00dfmaschinen erm\u00f6glichen eine Energieeinsparung von ungef\u00e4hr 70% im Vergleich zu den Maschinen, die Sie ersetzen.<\/p>\n\t\t\t\t\t\t\t\t<\/div>\n\t\t\t\t\t\t\t\t<div class=\"timeline-img col col-sm-6 col-md-5\">\n\t\t\t\t\t\t\t\t\t<div class=\"compat_image_container\">\n\t\t\t\t\t\t\t\t\t\t<img src=\"https:\/\/www.guy-raymond.co.uk\/wp-content\/uploads\/2024\/10\/Guy-Raymond-Fanuc-150-scaled.jpg\" class=\"img-fluid\" alt=\"img\">\n\t\t\t\t\t\t\t\t\t<\/div>\n\t\t\t\t\t\t\t\t<\/div>\n\t\t\t\t\t\t\t<\/div>\n\t\t\t\t\t\t<\/div>\n\t\t\t\t\t\t<div class=\"col-2 col-sm-1 px-md-3 order-2 timeline-dot text-md-center\">\n\t\t\t\t\t\t\t<!-- the dot -->\n\t\t\t\t\t\t<\/div>\n\t\t\t\t\t\t<div class=\"col-10 col-md-5 order-1 order-md-3 py-3 timeline-date\"><\/div>\n\t\t\t\t\t<\/div>\n\t\t\t\n\t\t\t\t\t<div class=\"row no-gutters justify-content-end justify-content-md-around align-items-start timeline-nodes scroll-rv\">\n\t\t\t\t\t\t<span class=\"timeline-line hidden\"><\/span>\n\t\t\t\t\t\t<div class=\"col-10 col-md-5 order-3 order-md-1 timeline-content\">\n\t\t\t\t\t\t\t<div class=\"timeline-row row row-eq-height\">\n\t\t\t\t\t\t\t\t<div class=\"col col-sm-6 col-md-7 order-2\">\n\t\t\t\t\t\t\t\t\t<h3>2019<\/h3>\n\t\t\t\t\t\t\t\t\t<p>Bepflanzung eines 100m x 2m Wildblumenstriefens hinter der Werk.<\/p>\n\t\t\t\t\t\t\t\t<\/div>\n\t\t\t\t\t\t\t\t<div class=\"timeline-img col col-sm-6 col-md-5\">\n\t\t\t\t\t\t\t\t\t<div class=\"compat_image_container\">\n\t\t\t\t\t\t\t\t\t\t<img src=\"https:\/\/www.guy-raymond.co.uk\/wp-content\/uploads\/2024\/04\/20230608_131314.jpg\" class=\"img-fluid\" alt=\"img\">\n\t\t\t\t\t\t\t\t\t<\/div>\n\t\t\t\t\t\t\t\t<\/div>\n\t\t\t\t\t\t\t<\/div>\n\t\t\t\t\t\t<\/div>\n\t\t\t\t\t\t<div class=\"col-2 col-sm-1 px-md-3 order-2 timeline-dot text-md-center\">\n\t\t\t\t\t\t\t<!-- the dot -->\n\t\t\t\t\t\t<\/div>\n\t\t\t\t\t\t<div class=\"col-10 col-md-5 order-1 order-md-3 py-3 timeline-date\"><\/div>\n\t\t\t\t\t<\/div>\n\t\t\t\n\t\t\t\t\t<div class=\"row no-gutters justify-content-end justify-content-md-around align-items-start timeline-nodes scroll-rv\">\n\t\t\t\t\t\t<span class=\"timeline-line hidden\"><\/span>\n\t\t\t\t\t\t<div class=\"col-10 col-md-5 order-3 order-md-1 timeline-content\">\n\t\t\t\t\t\t\t<div class=\"timeline-row row row-eq-height\">\n\t\t\t\t\t\t\t\t<div class=\"col col-sm-6 col-md-7 order-2\">\n\t\t\t\t\t\t\t\t\t<h3>2018<\/h3>\n\t\t\t\t\t\t\t\t\t<p>Einf\u00fchrung von noch 5 x Fanuc 100t vollelektrischen Spritzgu\u00dfmaschinen mit einer Energieeinsparung von ungef\u00e4hr 70% im Vergleich zu den ersetzten Maschinen.<\/p>\n\t\t\t\t\t\t\t\t<\/div>\n\t\t\t\t\t\t\t\t<div class=\"timeline-img col col-sm-6 col-md-5\">\n\t\t\t\t\t\t\t\t\t<div class=\"compat_image_container\">\n\t\t\t\t\t\t\t\t\t\t<img src=\"https:\/\/www.guy-raymond.co.uk\/wp-content\/uploads\/2019\/01\/10-Fanuc-Injection-Moulding-Machines.jpg\" class=\"img-fluid\" alt=\"img\">\n\t\t\t\t\t\t\t\t\t<\/div>\n\t\t\t\t\t\t\t\t<\/div>\n\t\t\t\t\t\t\t<\/div>\n\t\t\t\t\t\t<\/div>\n\t\t\t\t\t\t<div class=\"col-2 col-sm-1 px-md-3 order-2 timeline-dot text-md-center\">\n\t\t\t\t\t\t\t<!-- the dot -->\n\t\t\t\t\t\t<\/div>\n\t\t\t\t\t\t<div class=\"col-10 col-md-5 order-1 order-md-3 py-3 timeline-date\"><\/div>\n\t\t\t\t\t<\/div>\n\t\t\t\n\t\t\t\t\t<div class=\"row no-gutters justify-content-end justify-content-md-around align-items-start timeline-nodes scroll-rv\">\n\t\t\t\t\t\t<span class=\"timeline-line hidden\"><\/span>\n\t\t\t\t\t\t<div class=\"col-10 col-md-5 order-3 order-md-1 timeline-content\">\n\t\t\t\t\t\t\t<div class=\"timeline-row row row-eq-height\">\n\t\t\t\t\t\t\t\t<div class=\"col col-sm-6 col-md-7 order-2\">\n\t\t\t\t\t\t\t\t\t<h3>2017<\/h3>\n\t\t\t\t\t\t\t\t\t<p>Anfang eines ehrgeizigen Projekts zur Modernisierung des Maschinenparks in der Spritzgu\u00dfabteilung: 5 x Fanuc vollelektrische Spritzgu\u00dfmaschinen reduzieren den Energieverbrauch um ungef\u00e4hr 70% im Vergleich zu den alteren Maschinen, die sie ersetzen.<\/p>\n\t\t\t\t\t\t\t\t<\/div>\n\t\t\t\t\t\t\t\t<div class=\"timeline-img col col-sm-6 col-md-5\">\n\t\t\t\t\t\t\t\t\t<div class=\"compat_image_container\">\n\t\t\t\t\t\t\t\t\t\t<img src=\"https:\/\/www.guy-raymond.co.uk\/wp-content\/uploads\/2018\/10\/Timeline-2017-18-Fanucs.jpg\" class=\"img-fluid\" alt=\"img\">\n\t\t\t\t\t\t\t\t\t<\/div>\n\t\t\t\t\t\t\t\t<\/div>\n\t\t\t\t\t\t\t<\/div>\n\t\t\t\t\t\t<\/div>\n\t\t\t\t\t\t<div class=\"col-2 col-sm-1 px-md-3 order-2 timeline-dot text-md-center\">\n\t\t\t\t\t\t\t<!-- the dot -->\n\t\t\t\t\t\t<\/div>\n\t\t\t\t\t\t<div class=\"col-10 col-md-5 order-1 order-md-3 py-3 timeline-date\"><\/div>\n\t\t\t\t\t<\/div>\n\t\t\t\n\t\t\t\t\t<div class=\"row no-gutters justify-content-end justify-content-md-around align-items-start timeline-nodes scroll-rv\">\n\t\t\t\t\t\t<span class=\"timeline-line hidden\"><\/span>\n\t\t\t\t\t\t<div class=\"col-10 col-md-5 order-3 order-md-1 timeline-content\">\n\t\t\t\t\t\t\t<div class=\"timeline-row row row-eq-height\">\n\t\t\t\t\t\t\t\t<div class=\"col col-sm-6 col-md-7 order-2\">\n\t\t\t\t\t\t\t\t\t<h3>2000<\/h3>\n\t\t\t\t\t\t\t\t\t<p>Umweltzertifierung ISO 14000:1<\/p>\n\t\t\t\t\t\t\t\t<\/div>\n\t\t\t\t\t\t\t\t<div class=\"timeline-img col col-sm-6 col-md-5\">\n\t\t\t\t\t\t\t\t\t<div class=\"compat_image_container\">\n\t\t\t\t\t\t\t\t\t\t<img src=\"https:\/\/www.guy-raymond.co.uk\/wp-content\/uploads\/2024\/10\/ISO-14001.jpg\" class=\"img-fluid\" alt=\"img\">\n\t\t\t\t\t\t\t\t\t<\/div>\n\t\t\t\t\t\t\t\t<\/div>\n\t\t\t\t\t\t\t<\/div>\n\t\t\t\t\t\t<\/div>\n\t\t\t\t\t\t<div class=\"col-2 col-sm-1 px-md-3 order-2 timeline-dot text-md-center\">\n\t\t\t\t\t\t\t<!-- the dot -->\n\t\t\t\t\t\t<\/div>\n\t\t\t\t\t\t<div class=\"col-10 col-md-5 order-1 order-md-3 py-3 timeline-date\"><\/div>\n\t\t\t\t\t<\/div>\n\t\t\t<\/div><\/div>[\/vc_column][\/vc_row][vc_row][vc_column][\/vc_column][\/vc_row][\/vc_section]<\/p>\n","protected":false},"excerpt":{"rendered":"[vc_section][vc_row][vc_column][vc_column_text] Nachhaltigkeit Seit \u00fcber einem Jahrzehnten konzetriert sich Guy-Raymond auf Energieeinsparung, die Reduzierung seiner Kohlenstoffbilanz und verbesserte Nachhaltigkeit.\u00a0 Zur Zeit arbeiten wir auf eine umfassende Messung unserer Kohlenstoffbilanz und planen auch die zeitnahe Installation von Solarkollektoren. Unten entdecken Sie die positive Verbesserungen, die wir zur Zeit vorgenommen haben: [\/vc_column_text][\/vc_column][\/vc_row][vc_row][vc_column][\/vc_column][\/vc_row][vc_row][vc_column][\/vc_column][\/vc_row][\/vc_section]","protected":false},"author":7,"featured_media":6266,"parent":4531,"menu_order":58,"comment_status":"closed","ping_status":"closed","template":"","meta":[],"_links":{"self":[{"href":"https:\/\/www.guy-raymond.co.uk\/de\/wp-json\/wp\/v2\/pages\/7352\/"}],"collection":[{"href":"https:\/\/www.guy-raymond.co.uk\/de\/wp-json\/wp\/v2\/pages\/"}],"about":[{"href":"https:\/\/www.guy-raymond.co.uk\/de\/wp-json\/wp\/v2\/types\/page\/"}],"author":[{"embeddable":true,"href":"https:\/\/www.guy-raymond.co.uk\/de\/wp-json\/wp\/v2\/users\/7\/"}],"replies":[{"embeddable":true,"href":"https:\/\/www.guy-raymond.co.uk\/de\/wp-json\/wp\/v2\/comments\/?post=7352"}],"version-history":[{"count":6,"href":"https:\/\/www.guy-raymond.co.uk\/de\/wp-json\/wp\/v2\/pages\/7352\/revisions\/"}],"predecessor-version":[{"id":7658,"href":"https:\/\/www.guy-raymond.co.uk\/de\/wp-json\/wp\/v2\/pages\/7352\/revisions\/7658\/"}],"up":[{"embeddable":true,"href":"https:\/\/www.guy-raymond.co.uk\/de\/wp-json\/wp\/v2\/pages\/4531\/"}],"wp:featuredmedia":[{"embeddable":true,"href":"https:\/\/www.guy-raymond.co.uk\/de\/wp-json\/wp\/v2\/media\/6266\/"}],"wp:attachment":[{"href":"https:\/\/www.guy-raymond.co.uk\/de\/wp-json\/wp\/v2\/media\/?parent=7352"}],"curies":[{"name":"wp","href":"https:\/\/api.w.org\/{rel}","templated":true}]}}