{"id":4866,"date":"2020-08-03T10:27:33","date_gmt":"2020-08-03T09:27:33","guid":{"rendered":"http:\/\/www.guy-raymond.co.uk\/?page_id=4866"},"modified":"2025-01-07T10:54:56","modified_gmt":"2025-01-07T10:54:56","slug":"inicio","status":"publish","type":"page","link":"https:\/\/www.guy-raymond.co.uk\/es\/","title":{"rendered":"Inicio"},"content":{"rendered":"<p>[vc_section][vc_row][vc_column][vc_column_text]<\/p>\r\n<h2 style=\"text-align: center;\"><a href=\"https:\/\/exhibition.guy-raymond.co.uk\/\">Exposici\u00f3n Virtual 2024<\/a><\/h2>\r\n<p style=\"text-align: center;\">Explore nuestra exposici\u00f3n virtual para descubrir nuestras \u00faltimas innovaciones para el sector m\u00e9dico. Haga clic en el siguiente bot\u00f3n para acceder.<\/p>\r\n<p style=\"text-align: center;\"><a class=\"btn btn-primary mx-auto\" href=\"https:\/\/exhibition.guy-raymond.co.uk\/\">Visite la Exposici\u00f3n<\/a><\/p>\r\n<p>[\/vc_column_text][\/vc_column][\/vc_row][vc_row][vc_column][vc_column_text]<\/p>\r\n\r\n<h2 style=\"text-align: center;\">M\u00e1s de 70 a\u00f1os de experiencia en dise\u00f1o,<br \/>fabricaci\u00f3n y atenci\u00f3n al cliente<\/h2>\r\n<p style=\"text-align: center;\">Si lo que busca es un fabricante confiable, r\u00e1pido y de excelente calidad para sus ruedas y componentes (incluyendo para aplicaciones de oficina, comercio al detalle y \u00e1mbitos educativos), usted necesita a Guy-Raymond. Con m\u00e1s de 20.000.000 de art\u00edculos despachados por a\u00f1o, podemos decir con orgullo que tenemos 70 a\u00f1os de experiencia y excelencia en atenci\u00f3n al cliente, pruebas integrales de resistencia y agilidad en el despacho y la entrega (1 o 2 d\u00edas en el Reino Unido o 14 d\u00edas en el resto del mundo).<\/p>\r\n<p style=\"text-align: center;\"><a class=\"btn btn-primary mx-auto\" href=\"\/product-industry\/all-products\/\">Vea todos los productos<\/a><\/p>\r\n<p>[\/vc_column_text][\/vc_column][\/vc_row][\/vc_section][vc_row el_id=\u00bbhome-capabilities\u00bb css=\u00bb.vc_custom_1547042051119{background-image: url(http:\/\/www.guy-raymond.co.uk\/wp-content\/uploads\/2019\/01\/10-Fanuc-Injection-Moulding-Machines.jpg?id=3634) !important;}\u00bb][vc_column css=\u00bb.vc_custom_1539206570060{padding-top: 8rem !important;padding-bottom: 4rem !important;}\u00bb][vc_column_text]<\/p>\r\n<p style=\"text-align: center;\"><a class=\"btn btn-primary btn-lg\" style=\"width: 400px; max-width: 100%;\" href=\"\/capabilities\/\">Capacidades<\/a><\/p>\r\n<p>[\/vc_column_text][\/vc_column][\/vc_row][vc_section][vc_row][vc_column][vc_column_text]<\/p>\r\n<h2 style=\"text-align: center;\">Conozca al equipo de ventas<\/h2>\r\n<p>[\/vc_column_text][vc_row_inner][vc_column_inner width=\u00bb1\/2&#8243;][vc_single_image image=\u00bb5524&#8243; img_size=\u00bblarge\u00bb alignment=\u00bbcenter\u00bb][\/vc_column_inner][vc_column_inner width=\u00bb1\/2&#8243;][vc_single_image image=\u00bb5529&#8243; img_size=\u00bblarge\u00bb alignment=\u00bbcenter\u00bb][\/vc_column_inner][\/vc_row_inner][\/vc_column][\/vc_row][vc_row][vc_column][vc_column_text]<\/p>\r\n<p style=\"text-align: center;\"><span class=\"text-primary\">Tel:\u00a0<a href=\"tel:+441553761401\">+44 (0)1553 761401<\/a><br \/>Email:\u00a0<a href=\"mailto:info@guy-raymond.co.uk\">info@guy-raymond.co.uk<\/a><\/span><\/p>\r\n<p>[\/vc_column_text][\/vc_column][\/vc_row][\/vc_section][vc_section][vc_row][vc_column][vc_column_text]<\/p>\r\n<h2 style=\"text-align: center;\">Un servicio personalizado con un coordinador de cuentas exclusivo<\/h2>\r\n<p style=\"text-align: center;\">Su satisfacci\u00f3n es nuestra principal prioridad, nuestro equipo de expertos est\u00e1n siempre disponibles para asesorarle y garantizar que su pedido se ejecute sin problemas. Le asignaremos un \u00a0<a href=\"https:\/\/www.guy-raymond.co.uk\/es\/quienes-somos\/conozca-al-equipo\/\">coordinador de cuentas<\/a> que se dedicar\u00e1 a familiarizarse con usted y sus necesidades comerciales, de modo que la comunicaci\u00f3n sea lo m\u00e1s simple y eficiente posible.<\/p>\r\n<p>[\/vc_column_text][\/vc_column][\/vc_row][\/vc_section][vc_section][vc_row css=\u00bb.vc_custom_1539207079119{padding-top: 2rem !important;padding-bottom: 2rem !important;}\u00bb][vc_column width=\u00bb1\/2&#8243;][vc_column_text]<\/p>\r\n<h2 style=\"text-align: center;\">Producci\u00f3n propia para garantizar componentes de primera calidad<\/h2>\r\n<p style=\"text-align: center;\">Todos los productos Guy-Raymond se fabrican seg\u00fan la norma ISO 9001 y la compa\u00f1\u00eda tambi\u00e9n cuenta con la certificaci\u00f3n ISO 14001; adem\u00e1s, las ruedas cumplen con las normas europeas correspondientes EN12529, EN12528, EN12530. Nuestra f\u00e1brica dispone de un <a href=\"https:\/\/www.guy-raymond.co.uk\/es\/capacidades\/\">Departamento de Dise\u00f1o, Investigaci\u00f3n y Desarrollo<\/a>, sala de herramientas, torneado y forjado, moldeo por inyecci\u00f3n y departamentos de montaje, gracias a lo cual podemos asegurar los m\u00e1s altos est\u00e1ndares, desde el desarrollo del dise\u00f1o conceptual inicial, hasta la ejecuci\u00f3n y la entrega del producto.<\/p>\r\n<p>[\/vc_column_text][\/vc_column][vc_column width=\u00bb1\/2&#8243;][vc_single_image image=\u00bb512&#8243; img_size=\u00bblarge\u00bb alignment=\u00bbcenter\u00bb][\/vc_column][\/vc_row][\/vc_section][vc_section][vc_row][vc_column][vc_column_text]<\/p>\r\n<h2 style=\"text-align: center;\">70 a\u00f1os de dise\u00f1o y fabricaci\u00f3n de componentes brit\u00e1nicos de primera calidad<\/h2>\r\n<p style=\"text-align: center;\">Desde nuestros humildes comienzos en 1948 en una panader\u00eda en desuso en Londres, estamos muy orgullosos de habernos convertido en uno de los principales fabricantes de ruedas dobles y componentes de Europa. Nos hemos mantenido siempre fieles a nuestros valores familiares y desde nuestros primeros dise\u00f1os hemos crecido constantemente hasta llegar a fabricar una gama de productos innovadores y de excelente calidad, en particular, una amplia gama de ruedas para la industria m\u00e9dica, mobiliario de oficina y \u00e1mbitos educativos y una amplia selecci\u00f3n de opciones para personalizar los productos sin comprometer los est\u00e1ndares de calidad y servicio. Si quiere recibir m\u00e1s informaci\u00f3n sobre nuestros diversos sistemas de frenado y opciones de personalizaci\u00f3n, visite nuestra p\u00e1gina de <em><strong>funciones y caracter\u00edsticas<\/strong><\/em>.<\/p>\r\n<p>[\/vc_column_text][\/vc_column][\/vc_row][\/vc_section][vc_section][vc_row][vc_column width=\u00bb1\/2&#8243;][vc_column_text]<\/p>\r\n<h2 style=\"text-align: center;\">Una atenci\u00f3n al cliente extraordinaria en todo el mundo<\/h2>\r\n<p style=\"text-align: center;\">Trabajamos en una f\u00e1brica con tecnolog\u00eda de vanguardia de 6000 m2 en King&#8217;s Lynn, Norfolk, con <a href=\"https:\/\/www.guy-raymond.co.uk\/es\/comuniquese-con-nosotros\/agentes-y-distribuidores\/\">agentes y distribuidores<\/a> locales en varios pa\u00edses, llegando a m\u00e1s de 40 pa\u00edses de todo el mundo.<\/p>\r\n<p style=\"text-align: center;\">Tenemos un equipo s\u00f3lido compuesto por m\u00e1s de 75 miembros, muchos de los cuales colaboran con nosotros desde hace m\u00e1s de 25 a\u00f1os, todos con el compromiso de fabricar sus productos con la m\u00e1s alta calidad. Y no solamente es el personal el que quiere quedarse con nosotros: el 97 % de nuestros clientes siguen eligi\u00e9ndonos una y otra vez.<\/p>\r\n<p style=\"text-align: center;\">Para saber m\u00e1s, comun\u00edquese con alguno de nuestros <a href=\"https:\/\/www.guy-raymond.co.uk\/es\/quienes-somos\/conozca-al-equipo\/\">expertos<\/a> para determinar qu\u00e9 podemos ofrecerle a usted y a su empresa.<\/p>\r\n<p>[\/vc_column_text][\/vc_column][vc_column width=\u00bb1\/2&#8243;][vc_column_text]<\/p>\r\n<h2 style=\"text-align: center;\">Consulta online<\/h2>\r\n<p>[\/vc_column_text]\n<div class=\"wpcf7 no-js\" id=\"wpcf7-f90-o1\" lang=\"en-US\" dir=\"ltr\">\n<div class=\"screen-reader-response\"><p role=\"status\" aria-live=\"polite\" aria-atomic=\"true\"><\/p> <ul><\/ul><\/div>\n<form action=\"\/es\/wp-json\/wp\/v2\/pages\/4866\/#wpcf7-f90-o1\" method=\"post\" class=\"wpcf7-form init\" aria-label=\"Contact form\" novalidate=\"novalidate\" data-status=\"init\">\n<div style=\"display: none;\">\n<input type=\"hidden\" name=\"_wpcf7\" value=\"90\" \/>\n<input type=\"hidden\" name=\"_wpcf7_version\" value=\"5.7.3\" \/>\n<input type=\"hidden\" name=\"_wpcf7_locale\" value=\"en_US\" \/>\n<input type=\"hidden\" name=\"_wpcf7_unit_tag\" value=\"wpcf7-f90-o1\" \/>\n<input type=\"hidden\" name=\"_wpcf7_container_post\" value=\"0\" \/>\n<input type=\"hidden\" name=\"_wpcf7_posted_data_hash\" value=\"\" \/>\n<\/div>\n<div class=\"wpcf7-response-output\" aria-hidden=\"true\"><\/div>\n<p><span class=\"wpcf7-form-control-wrap\" data-name=\"company-name\"><input size=\"40\" class=\"wpcf7-form-control wpcf7-text\" aria-invalid=\"false\" placeholder=\"Company name\" value=\"\" type=\"text\" name=\"company-name\" \/><\/span>\n<\/p>\n<p><span class=\"wpcf7-form-control-wrap\" data-name=\"your-name\"><input size=\"40\" class=\"wpcf7-form-control wpcf7-text wpcf7-validates-as-required\" aria-required=\"true\" aria-invalid=\"false\" placeholder=\"Your name*\" value=\"\" type=\"text\" name=\"your-name\" \/><\/span>\n<\/p>\n<p><span class=\"wpcf7-form-control-wrap\" data-name=\"your-email\"><input size=\"40\" class=\"wpcf7-form-control wpcf7-text wpcf7-email wpcf7-validates-as-required wpcf7-validates-as-email\" aria-required=\"true\" aria-invalid=\"false\" placeholder=\"Email*\" value=\"\" type=\"email\" name=\"your-email\" \/><\/span>\n<\/p>\n<p><span class=\"wpcf7-form-control-wrap\" data-name=\"phone\"><input size=\"40\" class=\"wpcf7-form-control wpcf7-text wpcf7-tel wpcf7-validates-as-required wpcf7-validates-as-tel\" aria-required=\"true\" aria-invalid=\"false\" placeholder=\"Phone*\" value=\"\" type=\"tel\" name=\"phone\" \/><\/span>\n<\/p>\n<p><span class=\"wpcf7-form-control-wrap\" data-name=\"your-message\"><input size=\"40\" class=\"wpcf7-form-control wpcf7-text\" aria-invalid=\"false\" placeholder=\"Message\" value=\"\" type=\"text\" name=\"your-message\" \/><\/span>\n<\/p>\n<p><label>Are you happy for us to contact you?<\/label><span class=\"wpcf7-form-control-wrap\" data-name=\"happy_to_contact_you\"><span class=\"wpcf7-form-control wpcf7-radio\"><span class=\"wpcf7-list-item first\"><input type=\"radio\" name=\"happy_to_contact_you\" value=\"Yes\" tabindex=\"\" \/><span class=\"wpcf7-list-item-label\">Yes<\/span><\/span><span class=\"wpcf7-list-item last\"><input type=\"radio\" name=\"happy_to_contact_you\" value=\"No\" tabindex=\"\" \/><span class=\"wpcf7-list-item-label\">No<\/span><\/span><\/span><\/span>\n<\/p>\n<p><input class=\"wpcf7-form-control has-spinner wpcf7-submit btn btn-primary\" type=\"submit\" value=\"Send enquiry\" \/>\n<\/p>\n<\/form>\n<\/div>\n[vc_column_text]<\/p>\r\n<p class=\"tosline text-center\">Toda la informaci\u00f3n que nos transmita ser\u00e1 tratada con la m\u00e1s estricta confidencialidad. Para m\u00e1s detalles, lea nuestros t\u00e9rminos y condiciones y nuestra pol\u00edtica de privacidad.<\/p>\r\n<p>[\/vc_column_text][\/vc_column][\/vc_row][\/vc_section][vc_section][vc_row][vc_column][vc_column_text]<\/p>\r\n<h2 style=\"text-align: center;\">Blog<\/h2>\r\n<p>[\/vc_column_text]\n\t\t<div class=\"guyraymond-teaser\">\n\t\t\t<div class=\"swiper-container swiper-teaser\">\n\t\t\t\t<div class=\"swiper-wrapper\">\n\t\t<div class=\"swiper-slide\" style=\"background-image: url(https:\/\/www.guy-raymond.co.uk\/wp-content\/uploads\/2025\/09\/lightened-3-700x281.jpg)\" data-title=\"Keeping the wheels rolling...\" data-href=\"https:\/\/www.guy-raymond.co.uk\/es\/keeping-the-wheels-rolling-2\/\"><\/div><div class=\"swiper-slide\" style=\"background-image: url(https:\/\/www.guy-raymond.co.uk\/wp-content\/uploads\/2025\/08\/adjuster-banner-3-700x175.png)\" data-title=\"Small adjustments, big benefits\" data-href=\"https:\/\/www.guy-raymond.co.uk\/es\/small-adjustments-big-benefits\/\"><\/div><div class=\"swiper-slide\" style=\"background-image: url(https:\/\/www.guy-raymond.co.uk\/wp-content\/uploads\/2025\/08\/Untitled-design-38-700x175.png)\" data-title=\"Meet the next generation of directors at Guy-Raymond\" data-href=\"https:\/\/www.guy-raymond.co.uk\/es\/meet-the-next-generation-of-directors-at-guy-raymond\/\"><\/div><div class=\"swiper-slide\" style=\"background-image: url(https:\/\/www.guy-raymond.co.uk\/wp-content\/uploads\/2025\/06\/Untitled-design-30-1-700x175.png)\" data-title=\"New granulator reduces energy used by in-house recycling\" data-href=\"https:\/\/www.guy-raymond.co.uk\/es\/new-granulator-reduces-energy-used-by-in-house-recycling\/\"><\/div><div class=\"swiper-slide\" style=\"background-image: url(https:\/\/www.guy-raymond.co.uk\/wp-content\/uploads\/2025\/05\/Untitled-design-32-700x175.png)\" data-title=\"Stainless steel and brass castors for challenging conditions\" data-href=\"https:\/\/www.guy-raymond.co.uk\/es\/stainless-steel-and-brass-castors-for-challenging-conditions\/\"><\/div>\n\n\t\t\t\t<\/div>\n\t\t\t<\/div>\n\t\t\n\t\t\t<div class=\"swiper-teaser-nav\">\n\t\t\t\t<div class=\"swiper-teaser-nav-title\">\n\t\t\t\t\t<span data-currenttitle>Keeping the wheels rolling...<\/span>\n\t\t\t\t<\/div>\n\t\t\t\t<div class=\"swiper-teaser-nav-links\">\n\t\t\t\t\t<span data-currenttease>1 \/ 5<\/span>\n\t\t\t\t\t<div class=\"swiper-button-prev\"><\/div>\n\t\t\t\t\t<div class=\"swiper-button-next\"><\/div>\n\t\t\t\t<\/div>\n\t\t\t\t<div class=\"clear\"><\/div>\n\t\t\t<\/div>\n\t\t\t<div class=\"swiper-teaser-buttons\">\n\t\t\t\t<a class=\"btn btn-primary btn-sm\" href=\"https:\/\/www.guy-raymond.co.uk\/es\/keeping-the-wheels-rolling-2\/\" data-readmore>Read More<\/a>\n\t\t\t\t\t\t<a class=\"btn btn-primary btn-sm\" href=\"https:\/\/www.guy-raymond.co.uk\/es\/blogs\/\">All Blog Posts<\/a>\n\t\t\t<\/div>\n\t\t\n\t\t\t<script>\n\t\t\t\tif (jQuery(\".swiper-teaser\").length) {\n\t\t\t\t\tvar teaserSwiper = new Swiper(\".swiper-teaser\", {\n\t\t\t\t\t\teffect: \"coverflow\",\n\t\t\t\t\t\t\/\/slidesPerView: 2,\n\t\t\t\t\t\tspaceBetween: 20,\n\t\t\t\t\t\ttouchRatio: 0,\n\t\t\t\t\t\tcoverflowEffect: {\n\t\t\t\t\t\t\trotate: 0,\n\t\t\t\t\t\t\tstretch: 1,\n\t\t\t\t\t\t\tdepth: 0,\n\t\t\t\t\t\t\tmodifier: 1,\n\t\t\t\t\t\t},\n\t\t\t\t\t\tnavigation: {\n\t\t\t\t\t\t\tnextEl: \".swiper-button-next\",\n\t\t\t\t\t\t\tprevEl: \".swiper-button-prev\",\n\t\t\t\t\t\t},\n\t\t\t\t\t});\n\t\t\t\t\tteaserSwiper.on(\"slideChangeTransitionEnd\", function() {\n\t\t\t\t\t\tvar newSlideIndex =  this.activeIndex;\n\t\t\t\t\t\tvar newSlideName = jQuery(this.$el).find(\".swiper-slide-active\").attr(\"data-title\");\n\t\t\t\t\t\tvar newSlideLink = jQuery(this.$el).find(\".swiper-slide-active\").attr(\"data-href\");\n\t\t\t\t\t\tjQuery(this.$el).parent().find(\".swiper-teaser-nav span[data-currenttease]\").text((newSlideIndex + 1) + \" \/ \" + this.slides.length);\n\t\t\t\t\t\tjQuery(this.$el).parent().find(\".swiper-teaser-buttons a[data-readmore]\").attr(\"href\", newSlideLink);\n\t\t\t\t\t\tjQuery(this.$el).parent().find(\".swiper-teaser-nav span[data-currenttitle]\").text(newSlideName);\n\t\t\t\t\t});\n\t\t\t\t}\n\t\t\t<\/script>\n\t\t<\/div>[\/vc_column][\/vc_row][\/vc_section]<\/p>","protected":false},"excerpt":{"rendered":"[vc_section][vc_row][vc_column][vc_column_text] Exposici\u00f3n Virtual 2024 Explore nuestra exposici\u00f3n virtual para descubrir nuestras \u00faltimas innovaciones para el sector m\u00e9dico. Haga clic en el siguiente bot\u00f3n para acceder. Visite la Exposici\u00f3n [\/vc_column_text][\/vc_column][\/vc_row][vc_row][vc_column][vc_column_text] M\u00e1s de 70 a\u00f1os de experiencia en dise\u00f1o,fabricaci\u00f3n y atenci\u00f3n al cliente Si lo que busca es un fabricante confiable, r\u00e1pido y de excelente calidad para&#8230; <a class=\"view-article\" href=\"https:\/\/www.guy-raymond.co.uk\/es\/\">View Article<\/a>","protected":false},"author":7,"featured_media":0,"parent":0,"menu_order":63,"comment_status":"closed","ping_status":"closed","template":"","meta":[],"_links":{"self":[{"href":"https:\/\/www.guy-raymond.co.uk\/es\/wp-json\/wp\/v2\/pages\/4866\/"}],"collection":[{"href":"https:\/\/www.guy-raymond.co.uk\/es\/wp-json\/wp\/v2\/pages\/"}],"about":[{"href":"https:\/\/www.guy-raymond.co.uk\/es\/wp-json\/wp\/v2\/types\/page\/"}],"author":[{"embeddable":true,"href":"https:\/\/www.guy-raymond.co.uk\/es\/wp-json\/wp\/v2\/users\/7\/"}],"replies":[{"embeddable":true,"href":"https:\/\/www.guy-raymond.co.uk\/es\/wp-json\/wp\/v2\/comments\/?post=4866"}],"version-history":[{"count":20,"href":"https:\/\/www.guy-raymond.co.uk\/es\/wp-json\/wp\/v2\/pages\/4866\/revisions\/"}],"predecessor-version":[{"id":6961,"href":"https:\/\/www.guy-raymond.co.uk\/es\/wp-json\/wp\/v2\/pages\/4866\/revisions\/6961\/"}],"wp:attachment":[{"href":"https:\/\/www.guy-raymond.co.uk\/es\/wp-json\/wp\/v2\/media\/?parent=4866"}],"curies":[{"name":"wp","href":"https:\/\/api.w.org\/{rel}","templated":true}]}}