{"id":4878,"date":"2020-08-03T11:00:39","date_gmt":"2020-08-03T10:00:39","guid":{"rendered":"http:\/\/www.guy-raymond.co.uk\/?page_id=4878"},"modified":"2024-08-07T13:43:55","modified_gmt":"2024-08-07T12:43:55","slug":"capacidades","status":"publish","type":"page","link":"https:\/\/www.guy-raymond.co.uk\/es\/capacidades\/","title":{"rendered":"Capacidades"},"content":{"rendered":"<p>[vc_section][vc_row][vc_column][vc_column_text]<\/p>\n<h2 style=\"text-align: center;\">Guy-Raymond se encarga de la producci\u00f3n a nivel interno, en nuestra f\u00e1brica moderna de King&#8217;s Lynn, en el Este de Inglaterra.<\/h2>\n<p style=\"text-align: center;\">Tenemos una gran capacidad de producci\u00f3n en nuestra planta de 6000 m2, y la gran mayor\u00eda de nuestros procesos se realizan a nivel interno para mejorar la eficiencia, flexibilidad y fiabilidad de los tiempos de respuesta y satisfacer plenamente las necesidades del cliente y su negocio a escala internacional.<\/p>\n<p style=\"text-align: center;\">Gracias a la capacidad de producci\u00f3n de Guy-Raymond, estamos en condiciones de fabricar varios pedidos simult\u00e1neamente, desde cantidades m\u00ednimas puntuales hasta grandes contratos permanentes, con una productividad de 24 horas durante la semana laboral. Muchos de esos pedidos se pueden despachar con plazos de entrega muy breves, debido a que fabricamos m\u00e1s de 25.000.000 de productos por a\u00f1o y disponemos de un enorme stock de piezas para componentes secundarios, listas para ensamblarlas no bien recibamos su pedido.<\/p>\n<p style=\"text-align: center;\">Para esto, empleamos la siguiente maquinaria y mano de obra:<\/p>\n<p>[\/vc_column_text][\/vc_column][\/vc_row][vc_row][vc_column el_id=\u00bbdesign\u00bb][vc_column_text]<\/p>\n<h2 style=\"text-align: center;\">Dise\u00f1o, investigaci\u00f3n y desarrollo<\/h2>\n<p>[\/vc_column_text][vc_row_inner][vc_column_inner width=\u00bb1\/4&#8243;][vc_single_image image=\u00bb530&#8243; img_size=\u00bblarge\u00bb alignment=\u00bbcenter\u00bb][\/vc_column_inner][vc_column_inner width=\u00bb1\/2&#8243;][vc_column_text]<\/p>\n<p style=\"text-align: justify;\">Nuestro equipo de Dise\u00f1o, investigaci\u00f3n y desarrollo modela en CAD con el software Solidworks, lo que nos garantiza la flexibilidad necesaria para adaptar nuestros productos a las necesidades de nuestros clientes. Tambi\u00e9n utilizamos CAD-CAM, lo que nos permite crear datos CAM directamente de nuestro modelo inform\u00e1tico 3D. Todos los nuevos desarrollos se dise\u00f1an y ponen a prueba en nuestro moderno laboratorio, ubicado en nuestras instalaciones.<\/p>\n<p>[\/vc_column_text][\/vc_column_inner][vc_column_inner width=\u00bb1\/4&#8243;][vc_single_image image=\u00bb526&#8243; img_size=\u00bblarge\u00bb alignment=\u00bbcenter\u00bb][\/vc_column_inner][\/vc_row_inner][\/vc_column][\/vc_row][vc_row][vc_column][vc_column_text]<\/p>\n<h2 style=\"text-align: center;\">Sala de herramientas<\/h2>\n<p>[\/vc_column_text][vc_row_inner][vc_column_inner width=\u00bb1\/4&#8243;][vc_single_image image=\u00bb540&#8243; img_size=\u00bblarge\u00bb alignment=\u00bbcenter\u00bb][\/vc_column_inner][vc_column_inner width=\u00bb1\/2&#8243;][vc_column_text]<\/p>\n<p style=\"text-align: justify;\">Tenemos una sala de herramientas interna, algo que le ofrece un gran beneficio como cliente, ya que tenemos una estricta rutina de mantenimiento de nuestras herramientas y moldes para asegurar una m\u00e1xima eficiencia con una interrupci\u00f3n m\u00ednima de la l\u00ednea de producci\u00f3n. Por otro lado, para los clientes que solicitan productos nuevos y personalizados, la sala de herramientas trabaja en estrecha colaboraci\u00f3n con nuestro departamento de Dise\u00f1o, investigaci\u00f3n y desarrollo, facilitando as\u00ed la comunicaci\u00f3n y agilizando el proceso de desarrollo. En 2018, incorporamos un torno CNC con cargador de barras para producir series reducidas y productos especializados.<\/p>\n<p>[\/vc_column_text][\/vc_column_inner][vc_column_inner width=\u00bb1\/4&#8243;][vc_single_image image=\u00bb544&#8243; img_size=\u00bblarge\u00bb alignment=\u00bbcenter\u00bb][\/vc_column_inner][\/vc_row_inner][\/vc_column][\/vc_row][vc_row][vc_column][vc_column_text]<\/p>\n<h2 style=\"text-align: center;\">Departamento de moldeo por inyecci\u00f3n<\/h2>\n<p>[\/vc_column_text][vc_row_inner][vc_column_inner width=\u00bb1\/4&#8243;][vc_single_image image=\u00bb548&#8243; img_size=\u00bblarge\u00bb alignment=\u00bbcenter\u00bb][\/vc_column_inner][vc_column_inner width=\u00bb1\/2&#8243;][vc_column_text]<\/p>\n<p style=\"text-align: justify;\">Con nuestras 23 m\u00e1quinas de moldeo, estamos en condiciones de producir componentes de pl\u00e1stico con una frecuencia de 1 ciclo por 10-60 segundos, de 1 a 64 piezas dependiendo de las cavidades del molde. 10 de estas m\u00e1quinas de moldeo FANUC son de \u00faltima generaci\u00f3n de bajo consumo energ\u00e9tico, que pueden consumir menos de 2,3 kW de electricidad por hora.<\/p>\n<p>[\/vc_column_text][\/vc_column_inner][vc_column_inner width=\u00bb1\/4&#8243;][vc_single_image image=\u00bb552&#8243; img_size=\u00bblarge\u00bb alignment=\u00bbcenter\u00bb][\/vc_column_inner][\/vc_row_inner][\/vc_column][\/vc_row][vc_row][vc_column][vc_column_text]<\/p>\n<h2 style=\"text-align: center;\">Departamento de forja autom\u00e1tica<\/h2>\n<p>[\/vc_column_text][vc_row_inner][vc_column_inner width=\u00bb1\/4&#8243;][vc_single_image image=\u00bb564&#8243; img_size=\u00bblarge\u00bb alignment=\u00bbcenter\u00bb][\/vc_column_inner][vc_column_inner width=\u00bb1\/2&#8243;][vc_column_text]<\/p>\n<p style=\"text-align: justify;\">16 m\u00e1quinas de torneado procesan las 400 toneladas de barras de acero que compramos todos los a\u00f1os para fabricar los ejes de las ruedas, las fijaciones y los v\u00e1stagos de los reguladores.<\/p>\n<p style=\"text-align: justify;\">2 m\u00e1quinas de forja se utilizan para hacer algunas de las fijaciones m\u00e1s comunes para las ruedas a una frecuencia de 3 por segundo.<\/p>\n<p style=\"text-align: justify;\">Una m\u00e1quina de estampaci\u00f3n de metal produce 1 placa met\u00e1licas por segundo.<\/p>\n<p>[\/vc_column_text][\/vc_column_inner][vc_column_inner width=\u00bb1\/4&#8243;][vc_single_image image=\u00bb481&#8243; img_size=\u00bblarge\u00bb alignment=\u00bbcenter\u00bb][\/vc_column_inner][\/vc_row_inner][\/vc_column][\/vc_row][vc_row][vc_column][vc_column_text]<\/p>\n<h2 style=\"text-align: center;\">Prensa y montaje<\/h2>\n<p>[\/vc_column_text][vc_row_inner][vc_column_inner width=\u00bb1\/4&#8243;][vc_single_image image=\u00bb560&#8243; img_size=\u00bblarge\u00bb alignment=\u00bbcenter\u00bb][\/vc_column_inner][vc_column_inner width=\u00bb1\/2&#8243;][vc_column_text]<\/p>\n<p style=\"text-align: justify;\">M\u00e1quinas de montaje autom\u00e1tico de ruedas: podemos producir hasta 50.000 ruedas de 50mm por d\u00eda, con diversas opciones.<\/p>\n<p style=\"text-align: justify;\">M\u00e1quinas semiautom\u00e1ticas: son operadas por personal calificado y producen hasta 20.000 ruedas de 65mm por d\u00eda.<\/p>\n<p style=\"text-align: justify;\">En Guy-Raymond, el control de la calidad es un asunto serio. Adem\u00e1s de implementar nuestros propios procedimientos de control de calidad, muchos de nuestros productos son probados y certificados en el Instituto LGA, en Alemania.<\/p>\n<p>[\/vc_column_text][\/vc_column_inner][vc_column_inner width=\u00bb1\/4&#8243;][vc_single_image image=\u00bb556&#8243; img_size=\u00bblarge\u00bb alignment=\u00bbcenter\u00bb][\/vc_column_inner][\/vc_row_inner][\/vc_column][\/vc_row][vc_row][vc_column][vc_column_text]<\/p>\n<h3 style=\"text-align: center;\">Para m\u00e1s informaci\u00f3n, llame al <a href=\"tel:+441553761401\">+44 (0)1553 761401<\/a><\/h3>\n<p>[\/vc_column_text][\/vc_column][\/vc_row][\/vc_section][vc_section][vc_row][vc_column][vc_column_text]<\/p>\n<h2 style=\"text-align: center;\">Case Studies<\/h2>\n<p>[\/vc_column_text]\n\t\t<div class=\"guyraymond-teaser\">\n\t\t\t<div class=\"swiper-container swiper-teaser\">\n\t\t\t\t<div class=\"swiper-wrapper\">\n\t\t<div class=\"swiper-slide\" style=\"background-image: url(https:\/\/www.guy-raymond.co.uk\/wp-content\/uploads\/2018\/11\/functions-features1-700x353.jpg)\" data-title=\"BioCote\u00ae\" data-href=\"https:\/\/www.guy-raymond.co.uk\/es\/case-study\/biocote\/\"><\/div><div class=\"swiper-slide\" style=\"background-image: url(https:\/\/www.guy-raymond.co.uk\/wp-content\/uploads\/2018\/10\/Imno-banner-700x250.jpg)\" data-title=\"Inmoclinc\" data-href=\"https:\/\/www.guy-raymond.co.uk\/es\/case-study\/inmoclinc\/\"><\/div>\n\n\t\t\t\t<\/div>\n\t\t\t<\/div>\n\t\t\n\t\t\t<div class=\"swiper-teaser-nav\">\n\t\t\t\t<div class=\"swiper-teaser-nav-title\">\n\t\t\t\t\t<span data-currenttitle>BioCote\u00ae<\/span>\n\t\t\t\t<\/div>\n\t\t\t\t<div class=\"swiper-teaser-nav-links\">\n\t\t\t\t\t<span data-currenttease>1 \/ 2<\/span>\n\t\t\t\t\t<div class=\"swiper-button-prev\"><\/div>\n\t\t\t\t\t<div class=\"swiper-button-next\"><\/div>\n\t\t\t\t<\/div>\n\t\t\t\t<div class=\"clear\"><\/div>\n\t\t\t<\/div>\n\t\t\t<div class=\"swiper-teaser-buttons\">\n\t\t\t\t<a class=\"btn btn-primary btn-sm\" href=\"https:\/\/www.guy-raymond.co.uk\/es\/case-study\/biocote\/\" data-readmore>Read More<\/a>\n\t\t\t\t\t\t<a class=\"btn btn-primary btn-sm\" href=\"\/about-us\/case-studies\/\">All Case Studies<\/a>\n\t\t\t<\/div>\n\t\t\n\t\t\t<script>\n\t\t\t\tif (jQuery(\".swiper-teaser\").length) {\n\t\t\t\t\tvar teaserSwiper = new Swiper(\".swiper-teaser\", {\n\t\t\t\t\t\teffect: \"coverflow\",\n\t\t\t\t\t\t\/\/slidesPerView: 2,\n\t\t\t\t\t\tspaceBetween: 20,\n\t\t\t\t\t\ttouchRatio: 0,\n\t\t\t\t\t\tcoverflowEffect: {\n\t\t\t\t\t\t\trotate: 0,\n\t\t\t\t\t\t\tstretch: 1,\n\t\t\t\t\t\t\tdepth: 0,\n\t\t\t\t\t\t\tmodifier: 1,\n\t\t\t\t\t\t},\n\t\t\t\t\t\tnavigation: {\n\t\t\t\t\t\t\tnextEl: \".swiper-button-next\",\n\t\t\t\t\t\t\tprevEl: \".swiper-button-prev\",\n\t\t\t\t\t\t},\n\t\t\t\t\t});\n\t\t\t\t\tteaserSwiper.on(\"slideChangeTransitionEnd\", function() {\n\t\t\t\t\t\tvar newSlideIndex =  this.activeIndex;\n\t\t\t\t\t\tvar newSlideName = jQuery(this.$el).find(\".swiper-slide-active\").attr(\"data-title\");\n\t\t\t\t\t\tvar newSlideLink = jQuery(this.$el).find(\".swiper-slide-active\").attr(\"data-href\");\n\t\t\t\t\t\tjQuery(this.$el).parent().find(\".swiper-teaser-nav span[data-currenttease]\").text((newSlideIndex + 1) + \" \/ \" + this.slides.length);\n\t\t\t\t\t\tjQuery(this.$el).parent().find(\".swiper-teaser-buttons a[data-readmore]\").attr(\"href\", newSlideLink);\n\t\t\t\t\t\tjQuery(this.$el).parent().find(\".swiper-teaser-nav span[data-currenttitle]\").text(newSlideName);\n\t\t\t\t\t});\n\t\t\t\t}\n\t\t\t<\/script>\n\t\t<\/div>[\/vc_column][\/vc_row][\/vc_section][vc_row][vc_column]\n\t\t<div class=\"guyraymond-slider bg-grey\">\n\t\t\t<script type=\"text\/javascript\">\n\t\t\t\tjQuery(\"#swiper-b708fd122e7433735dabe2b78ad95ebd\").ready(function() {\n\t\t\t\t\tvar swp = new Swiper (\"#swiper-b708fd122e7433735dabe2b78ad95ebd\", {\n\t\t\t\t\t\tloop: true,\n\t\t\t\t\t\teffect: \"slide\",\n\t\t\t\t\t\tautoplay: {\n\t\t\t\t\t\t\tdelay: 4000,\n\t\t\t\t\t\t\tenabled: true,\n\t\t\t\t\t\t},\n\t\t\t\t\t\tspeed: 500,\n\t\t\t\t\t\tnavigation: {\n\t\t\t\t\t\t\tnextEl: \".swiper-button-next\",\n\t\t\t\t\t\t\tprevEl: \".swiper-button-prev\",\n\t\t\t\t\t\t}\n\t\t\t\t\t});\n\t\t\t\t\tswp.update();\n\t\t\t\t});\n\t\t\t<\/script>\n\t\t\n\t\t\t\t<style type=\"text\/css\">\n\t\t\t\t\t@media (min-width: 768px) {\n\t\t\t\t\t\t#swiper-b708fd122e7433735dabe2b78ad95ebd .swiper-slide {\n\t\t\t\t\t\t\theight:600px!important;\n\t\t\t\t\t\t}\n\t\t\t\t\t}\n\t\t\t\t<\/style>\n\t\t\t\n\t\t\t<div class=\"container\">\n\t\t\t<div class=\"swiper-container\" id=\"swiper-b708fd122e7433735dabe2b78ad95ebd\">\n\t\t\t\t<div class=\"swiper-wrapper\">\n\t\t\n\t\t\t\t\t\t<div class=\"swiper-slide\">\n\t\t\t\t\t\t\t<img src=\"https:\/\/www.guy-raymond.co.uk\/wp-content\/uploads\/2018\/12\/auto-forging.jpg\">\n\t\t\t\t\t\t<\/div>\n\t\t\t\t\n\t\t\t\t\t\t<div class=\"swiper-slide\">\n\t\t\t\t\t\t\t<img src=\"https:\/\/www.guy-raymond.co.uk\/wp-content\/uploads\/2018\/12\/tool-room2.jpg\">\n\t\t\t\t\t\t<\/div>\n\t\t\t\t\n\t\t\t\t\t\t<div class=\"swiper-slide\">\n\t\t\t\t\t\t\t<img src=\"https:\/\/www.guy-raymond.co.uk\/wp-content\/uploads\/2018\/12\/tool-room.jpg\">\n\t\t\t\t\t\t<\/div>\n\t\t\t\t\n\t\t\t\t\t\t<div class=\"swiper-slide\">\n\t\t\t\t\t\t\t<img src=\"https:\/\/www.guy-raymond.co.uk\/wp-content\/uploads\/2018\/12\/RD.jpg\">\n\t\t\t\t\t\t<\/div>\n\t\t\t\t\n\t\t\t\t\t\t<div class=\"swiper-slide\">\n\t\t\t\t\t\t\t<img src=\"https:\/\/www.guy-raymond.co.uk\/wp-content\/uploads\/2018\/12\/injection-mounlding.jpg\">\n\t\t\t\t\t\t<\/div>\n\t\t\t\t\n\t\t\t\t\t\t<div class=\"swiper-slide\">\n\t\t\t\t\t\t\t<img src=\"https:\/\/www.guy-raymond.co.uk\/wp-content\/uploads\/2018\/12\/castors.jpg\">\n\t\t\t\t\t\t<\/div>\n\t\t\t\t\n\t\t\t\t<\/div>\n\t\t\t\t<div class=\"swiper-button-prev\"><\/div>\n\t\t\t\t<div class=\"swiper-button-next\"><\/div>\n\t\t\t<\/div>\n\t\t\t<\/div>\n\t\t<\/div>[\/vc_column][\/vc_row][vc_row][vc_column]\n\t\t<div class=\"guyraymond-slider bg-grey\">\n\t\t\t<script type=\"text\/javascript\">\n\t\t\t\tjQuery(\"#swiper-b708fd122e7433735dabe2b78ad95ebd\").ready(function() {\n\t\t\t\t\tvar swp = new Swiper (\"#swiper-b708fd122e7433735dabe2b78ad95ebd\", {\n\t\t\t\t\t\tloop: true,\n\t\t\t\t\t\teffect: \"slide\",\n\t\t\t\t\t\tautoplay: {\n\t\t\t\t\t\t\tdelay: 4000,\n\t\t\t\t\t\t\tenabled: true,\n\t\t\t\t\t\t},\n\t\t\t\t\t\tspeed: 500,\n\t\t\t\t\t\tnavigation: {\n\t\t\t\t\t\t\tnextEl: \".swiper-button-next\",\n\t\t\t\t\t\t\tprevEl: \".swiper-button-prev\",\n\t\t\t\t\t\t}\n\t\t\t\t\t});\n\t\t\t\t\tswp.update();\n\t\t\t\t});\n\t\t\t<\/script>\n\t\t\n\t\t\t<div class=\"container\">\n\t\t\t<div class=\"swiper-container\" id=\"swiper-b708fd122e7433735dabe2b78ad95ebd\">\n\t\t\t\t<div class=\"swiper-wrapper\">\n\t\t\n\t\t\t\t<\/div>\n\t\t\t\t<div class=\"swiper-button-prev\"><\/div>\n\t\t\t\t<div class=\"swiper-button-next\"><\/div>\n\t\t\t<\/div>\n\t\t\t<\/div>\n\t\t<\/div>[\/vc_column][\/vc_row]<\/p>\n","protected":false},"excerpt":{"rendered":"[vc_section][vc_row][vc_column][vc_column_text] Guy-Raymond se encarga de la producci\u00f3n a nivel interno, en nuestra f\u00e1brica moderna de King&#8217;s Lynn, en el Este de Inglaterra. Tenemos una gran capacidad de producci\u00f3n en nuestra planta de 6000 m2, y la gran mayor\u00eda de nuestros procesos se realizan a nivel interno para mejorar la eficiencia, flexibilidad y fiabilidad de los&#8230; <a class=\"view-article\" href=\"https:\/\/www.guy-raymond.co.uk\/es\/capacidades\/\">View Article<\/a>","protected":false},"author":7,"featured_media":0,"parent":0,"menu_order":0,"comment_status":"closed","ping_status":"closed","template":"","meta":[],"_links":{"self":[{"href":"https:\/\/www.guy-raymond.co.uk\/es\/wp-json\/wp\/v2\/pages\/4878\/"}],"collection":[{"href":"https:\/\/www.guy-raymond.co.uk\/es\/wp-json\/wp\/v2\/pages\/"}],"about":[{"href":"https:\/\/www.guy-raymond.co.uk\/es\/wp-json\/wp\/v2\/types\/page\/"}],"author":[{"embeddable":true,"href":"https:\/\/www.guy-raymond.co.uk\/es\/wp-json\/wp\/v2\/users\/7\/"}],"replies":[{"embeddable":true,"href":"https:\/\/www.guy-raymond.co.uk\/es\/wp-json\/wp\/v2\/comments\/?post=4878"}],"version-history":[{"count":3,"href":"https:\/\/www.guy-raymond.co.uk\/es\/wp-json\/wp\/v2\/pages\/4878\/revisions\/"}],"predecessor-version":[{"id":6190,"href":"https:\/\/www.guy-raymond.co.uk\/es\/wp-json\/wp\/v2\/pages\/4878\/revisions\/6190\/"}],"wp:attachment":[{"href":"https:\/\/www.guy-raymond.co.uk\/es\/wp-json\/wp\/v2\/media\/?parent=4878"}],"curies":[{"name":"wp","href":"https:\/\/api.w.org\/{rel}","templated":true}]}}