{"id":4980,"date":"2020-08-05T10:39:38","date_gmt":"2020-08-05T09:39:38","guid":{"rendered":"http:\/\/www.guy-raymond.co.uk\/?page_id=4980"},"modified":"2020-08-05T10:39:38","modified_gmt":"2020-08-05T09:39:38","slug":"accesibilidad","status":"publish","type":"page","link":"https:\/\/www.guy-raymond.co.uk\/es\/accesibilidad\/","title":{"rendered":"Accesibilidad"},"content":{"rendered":"<p>[vc_section][vc_row][vc_column][vc_column_text]Para nosotros, es prioritario asegurarnos de que todos puedan acceder plenamente a nuestro sitio web. Nos hemos esforzado por garantizar que el sitio sea accesible para todos y agradeceremos sus comentarios al respecto a trav\u00e9s del numero\u00a0<a href=\"tel:+441553761401\">+44 (0)1553 761401<\/a>.<\/p>\n<p>Hemos dise\u00f1ado el sitio web teniendo en cuenta las pautas dispuestas en la Ley de Discriminaci\u00f3n por causa de Discapacidad y nos hemos asegurado que el sitio cumpla con el W3C. El W3C es un servicio de validaci\u00f3n de sitios web que ayuda a eliminar cualquier error, error tipogr\u00e1fico o uso incorrecto de la codificaci\u00f3n en la creaci\u00f3n de un sitio web, para que no surjan problemas al utilizarlo.<\/p>\n<p>Todas las p\u00e1ginas de este sitio han pasado las pruebas de validaci\u00f3n del W3C para\u00a0<a title=\"HTML5 Powered\" href=\"http:\/\/validator.w3.org\/check?uri=https:\/\/guy-raymond.co.uk\" target=\"_blank\" rel=\"noopener\">HTML5<\/a>\u00a0con estilo\u00a0<a title=\"CSS3\" href=\"http:\/\/jigsaw.w3.org\/css-validator\/validator?uri=https:\/\/guy-raymond.co.uk\" target=\"blank\">CSS3<\/a>\u00a0y gr\u00e1ficos, 3D y efectos:<\/p>\n<p><a href=\"http:\/\/validator.w3.org\/check?uri=https:\/\/guy-raymond.co.uk\" target=\"_blank\" rel=\"noopener\"><img decoding=\"async\" loading=\"lazy\" title=\"HTML5 Powered with CSS3 \/ Styling, and Graphics, 3D &amp; Effects\" src=\"http:\/\/www.w3.org\/html\/logo\/badge\/html5-badge-h-css3-graphics.png\" alt=\"HTML5 Powered with CSS3 \/ Styling, and Graphics, 3D &amp; Effects\" width=\"129\" height=\"50\" \/><\/a>\u00a0<a href=\"http:\/\/jigsaw.w3.org\/css-validator\/validator?uri=http:\/\/www.guy-raymond.co.uk\/\" target=\"_blank\" rel=\"noopener\"><img decoding=\"async\" loading=\"lazy\" title=\"Valid CSS3\" src=\"\/wp-content\/uploads\/2018\/11\/vcss.gif\" alt=\"Valid CSS3\" width=\"88\" height=\"31\" \/><\/a><\/p>\n<p>Entre otras cosas:<\/p>\n<ul>\n<li>Hemos evitado usar marcos que sean dif\u00edciles de interpretar para los lectores de texto y los navegadores especiales.<\/li>\n<li>Hemos empleado una tipograf\u00eda segura para que el texto sea f\u00e1cil de leer.<\/li>\n<li>Incorporado texto alternativo para que todas las im\u00e1genes tengan una descripci\u00f3n \u00fatil.<\/li>\n<li>Hemos utilizado un esquema claro de colores.<\/li>\n<\/ul>\n<p>Si desea modificar el aspecto del sitio web, por ejemplo, el tama\u00f1o del texto o el color de los hiperv\u00ednculos, deber\u00e1 cambiar la configuraci\u00f3n de su navegador. Para obtener instrucciones al respecto, <a href=\"http:\/\/www.w3.org\/WAI\/changedesign.html\" target=\"_blank\" rel=\"noopener\">haga clic aqu\u00ed y visite el sitio web del W3C.<\/a>.[\/vc_column_text][\/vc_column][\/vc_row][\/vc_section]<\/p>\n","protected":false},"excerpt":{"rendered":"[vc_section][vc_row][vc_column][vc_column_text]Para nosotros, es prioritario asegurarnos de que todos puedan acceder plenamente a nuestro sitio web. Nos hemos esforzado por garantizar que el sitio sea accesible para todos y agradeceremos sus comentarios al respecto a trav\u00e9s del numero\u00a0+44 (0)1553 761401. Hemos dise\u00f1ado el sitio web teniendo en cuenta las pautas dispuestas en la Ley de Discriminaci\u00f3n&#8230; <a class=\"view-article\" href=\"https:\/\/www.guy-raymond.co.uk\/es\/accesibilidad\/\">View Article<\/a>","protected":false},"author":7,"featured_media":0,"parent":0,"menu_order":0,"comment_status":"closed","ping_status":"closed","template":"","meta":[],"_links":{"self":[{"href":"https:\/\/www.guy-raymond.co.uk\/es\/wp-json\/wp\/v2\/pages\/4980\/"}],"collection":[{"href":"https:\/\/www.guy-raymond.co.uk\/es\/wp-json\/wp\/v2\/pages\/"}],"about":[{"href":"https:\/\/www.guy-raymond.co.uk\/es\/wp-json\/wp\/v2\/types\/page\/"}],"author":[{"embeddable":true,"href":"https:\/\/www.guy-raymond.co.uk\/es\/wp-json\/wp\/v2\/users\/7\/"}],"replies":[{"embeddable":true,"href":"https:\/\/www.guy-raymond.co.uk\/es\/wp-json\/wp\/v2\/comments\/?post=4980"}],"version-history":[{"count":1,"href":"https:\/\/www.guy-raymond.co.uk\/es\/wp-json\/wp\/v2\/pages\/4980\/revisions\/"}],"predecessor-version":[{"id":4981,"href":"https:\/\/www.guy-raymond.co.uk\/es\/wp-json\/wp\/v2\/pages\/4980\/revisions\/4981\/"}],"wp:attachment":[{"href":"https:\/\/www.guy-raymond.co.uk\/es\/wp-json\/wp\/v2\/media\/?parent=4980"}],"curies":[{"name":"wp","href":"https:\/\/api.w.org\/{rel}","templated":true}]}}