{"id":4982,"date":"2020-08-05T12:31:32","date_gmt":"2020-08-05T11:31:32","guid":{"rendered":"http:\/\/www.guy-raymond.co.uk\/?page_id=4982"},"modified":"2020-08-05T12:40:17","modified_gmt":"2020-08-05T11:40:17","slug":"politica-de-privacidad","status":"publish","type":"page","link":"https:\/\/www.guy-raymond.co.uk\/es\/politica-de-privacidad\/","title":{"rendered":"POL\u00cdTICA DE PRIVACIDAD"},"content":{"rendered":"<p>[vc_section][vc_row][vc_column][vc_column_text]<\/p>\n<h2 style=\"text-align: center;\">Pol\u00edtica de privacidad y cookies<\/h2>\n<p>Para nosotros, es importante mantener su privacidad. Este aviso le notifica c\u00f3mo usamos la informaci\u00f3n que usted nos transmite y c\u00f3mo protegemos su privacidad. Tambi\u00e9n explica sus derechos establecidos por la Ley de Protecci\u00f3n de Datos del Reino Unido (actualizada en 2018) y el Reglamento General de Protecci\u00f3n de Datos de la UE de 2018. Cumplimos con lo dispuesto por la ley del Reino Unido y la autoridad reguladora de protecci\u00f3n de datos dentro del Reino Unido que nos fiscaliza es la Oficina de Comisionados de Informaci\u00f3n<\/p>\n<ol>\n<li><a href=\"#personal-information\">Uso de su informaci\u00f3n personal<\/a><\/li>\n<li><a href=\"#disclosure\">Divulgaci\u00f3n de su informaci\u00f3n<\/a><\/li>\n<li><a href=\"#cookies\">Cookies<\/a><\/li>\n<li><a href=\"#security\">Seguridad<\/a><\/li>\n<li><a href=\"#general\">Informaci\u00f3n general, en particular, su derecho a plantear quejas y consentir<\/a><\/li>\n<\/ol>\n<h3 id=\"personal-information\" class=\"mt-5\" style=\"text-align: center;\">1. Uso de su informaci\u00f3n personal<\/h3>\n<p>Ofrecemos diversos productos y servicios a nuestros clientes. Para poder hacerlo, es posible que debamos recabar datos personales, en particular, el nombre, la direcci\u00f3n, el n\u00famero de tel\u00e9fono y la direcci\u00f3n de correo electr\u00f3nico.<\/p>\n<p>Almacenaremos estos datos y los guardaremos en computadoras o por otros medios. Utilizaremos estos datos para cumplir nuestro acuerdo con usted.<\/p>\n<p>Podremos utilizar la informaci\u00f3n que usted nos transmita o que obtengamos por otros medios para fines administrativos, para ejecutar un contrato, para comunicarnos con usted respecto de una eventual revisi\u00f3n o cambio y para efectuar nuestra propia investigaci\u00f3n o an\u00e1lisis comercial. Podremos mantenerlo informado sobre dichos productos y servicios (en particular, ofertas especiales, descuentos, promociones, concursos, etc., entre ellos, productos y servicios de otras empresas y organizaciones que consideremos que podr\u00edan interesarle) por cualquiera de los siguientes medios:<\/p>\n<ul>\n<li>Correo electr\u00f3nico<\/li>\n<li>Tel\u00e9fono<\/li>\n<li>Correo postal<\/li>\n<\/ul>\n<p>Si no nos transmite los datos necesarios, la provisi\u00f3n de productos o servicios. podr\u00eda ser insuficiente. Podremos obtener datos de clientes particulares o de empresas.<\/p>\n<p>Si no quiere aparece en nuestra base de datos para estos fines, env\u00ede un correo electr\u00f3nico con el asunto \u00abCancelar suscripci\u00f3n\u00bb. No se olvide de indicar su nombre y la direcci\u00f3n de correo electr\u00f3nico que desea eliminar. Cumpliremos su solicitud lo m\u00e1s r\u00e1pido posible.<\/p>\n<p style=\"text-align: left;\"><strong>Datos personales recabados y prop\u00f3sito<\/strong><\/p>\n<p><strong>Comentarios<\/strong><\/p>\n<p>Cuando los visitantes dejan comentarios en el sitio, recogemos los datos que aparecen en el formulario de comentarios y la direcci\u00f3n IP del visitante y la cadena del agente de usuario del navegador para ayudar a detectar el correo basura.<\/p>\n<p>Se puede transmitir una cadena an\u00f3nima creada a partir de su direcci\u00f3n de correo electr\u00f3nico (tambi\u00e9n llamada hash) al servicio Gravatar para determinar si la est\u00e1 utilizando. La pol\u00edtica de privacidad del servicio Gravatar se puede consultara aqu\u00ed: https:\/\/automattic.com\/privacy\/. Tras la aprobaci\u00f3n de su comentario, su foto de perfil ser\u00e1 visible para el p\u00fablico en el contexto de su comentario.<\/p>\n<p><strong>Medios<\/strong><\/p>\n<p>Si carga im\u00e1genes al sitio web, debe evitar cargar im\u00e1genes que tengan datos de la ubicaci\u00f3n (EXIF, GPS). Los visitantes del sitio web pueden descargar esas im\u00e1genes del sitio web y extraer los datos de la ubicaci\u00f3n.<\/p>\n<p><strong>Sus derechos con respecto a sus datos:<\/strong><\/p>\n<ul>\n<li>Conservaremos su informaci\u00f3n \u00fanicamente durante el plazo necesario y como m\u00e1ximo, no m\u00e1s de 10 a\u00f1os despu\u00e9s de que deje de ser cliente de nuestra firma, a menos que la legislaci\u00f3n dispusiera lo contrario.<\/li>\n<li>Si sus datos son inexactos, los rectificaremos a la mayor brevedad.<\/li>\n<li>Si quiere que eliminemos sus datos en cualquier momento, comun\u00edquese con la oficina correspondiente, cuyos datos se indican a continuaci\u00f3n. Cumpliremos con su solicitud a menos que hubiera un fundamento legal para retener la informaci\u00f3n, en cuyo caso, ser\u00e1 informado al respecto.<\/li>\n<li>Puede solicitar consultar sus datos en cualquier momento. Le entregaremos una copia completa de ellos dentro del mes de su solicitud.<\/li>\n<li>Puede cancelar su consentimiento en cualquier momento y dejaremos de conservar y procesar su informaci\u00f3n. Para eso, comun\u00edquese con la oficina correspondiente, cuyos datos se indican a continuaci\u00f3n.<\/li>\n<li>Podremos enviarle actualizaciones y boletines relevantes para sus productos y servicios de forma continua, en cuyo caso, le informaremos al respecto. Si no desea recibirlos, comun\u00edquese con nosotros.<\/li>\n<\/ul>\n<h3 id=\"disclosure\" class=\"mt-5\" style=\"text-align: center;\">2. Divulgaci\u00f3n de su informaci\u00f3n<\/h3>\n<p>Podremos compartir sus datos personales con las siguientes organizaciones:<\/p>\n<ul>\n<li>Otros organismos regulados seg\u00fan sea necesario<\/li>\n<li>Podremos verificar su identidad consultando los registros p\u00fablicos.<\/li>\n<li>Socios comerciales, proveedores y subcontratistas para cumplir las obligaciones contractuales que tuvi\u00e9ramos con ellos.<\/li>\n<li>Podremos compartir su informaci\u00f3n con nuestros agentes o distribuidores en su territorio.<\/li>\n<li>Podremos recurrir a una empresa de encuestas web, que podr\u00eda comunicarse con usted para efectuar una encuesta de satisfacci\u00f3n del cliente, como por ejemplo, Little Green Plane.<\/li>\n<li>Podremos enviarle un correo electr\u00f3nico a trav\u00e9s de un proveedor de servicios de correo electr\u00f3nico externo para enviarle informaci\u00f3n sobre nuestros productos y servicios.<\/li>\n<\/ul>\n<h3 id=\"cookies\" class=\"mt-5\" style=\"text-align: center;\">3. Cookies<\/h3>\n<p>Una cookie es un elemento de datos que un sitio web puede enviar a su navegador y luego puede almacenarse en su computadora.<\/p>\n<p>Este sitio web utiliza cookies; al utilizar nuestro sitio web, usted nos autoriza a almacenar cookies en su computadora. En general, puede modificar la configuraci\u00f3n de su navegador para evitarlo; sin embargo, al desactivar las cookies o ciertos tipos de cookies, puede perjudicar su experiencia de usuario en este y otros sitios web, o impedir su funcionamiento.<\/p>\n<p>Algunas cookies utilizadas en este sitio web son \u00abfundamentales\u00bb para poder navegar por el sitio web y usar sus funciones, como por ejemplo, acceder a las \u00e1reas seguras del sitio web. Sin estas cookies, no podr\u00e1n prestarse los servicios que haya solicitado, como por ejemplo, los carritos de compras o la facturaci\u00f3n electr\u00f3nica.<\/p>\n<p>Tambi\u00e9n utilizamos cookies \u00abaccesorias\u00bb, las cuales se pueden usar para recordar los cambios que haya efectuado, como por ejemplo, el tama\u00f1o del texto, las fuentes y otros elementos de las p\u00e1ginas web que se puedan personalizar. Tambi\u00e9n se pueden usar para prestar los servicios que usted hubiera solicitado, como por ejemplo, ver un v\u00eddeo o comentar en un blog.<\/p>\n<p>Tenga en cuenta que algunas cookies pueden ser enviadas por prestadores de servicios externos como por ejemplo, Google Analytics, un conocido servicio de an\u00e1lisis web prestado por Google. Este sitio web utiliza Google Analytics para analizar c\u00f3mo usan el sitio web los visitantes. Puede obtener m\u00e1s informaci\u00f3n sobre c\u00f3mo se utilizan estas cookies en el sitio de privacidad de Google.<\/p>\n<p>Este sitio web tambi\u00e9n utiliza otras cookies de terceros, como por ejemplo, herramientas de marcadores sociales (p. ej., el bot\u00f3n Seguir de LinkedIn, el bot\u00f3n Me gusta de Facebook, el bot\u00f3n Seguir de Twitter, el bot\u00f3n Google +1) y v\u00eddeos de YouTube, etc. Algunos de estos servicios pueden usarse para hacer un seguimiento de su comportamiento en otros sitios web, lo cual no depende de nosotros.<\/p>\n<p><strong>Recuerde<\/strong>:\u00a0Utilizamos la informaci\u00f3n de las cookies exclusivamente a efectos funcionales y estad\u00edsticos y esto de ninguna manera nos da acceso a su computadora ni a ninguna otra informaci\u00f3n personal sobre usted.<\/p>\n<h3 id=\"security\" class=\"mt-5\" style=\"text-align: center;\">4. Seguridad<\/h3>\n<p>Nos tomamos muy en serio la seguridad de los datos y consideramos que tenemos las opciones m\u00e1s seguras para almacenar y transferir sus datos. No dude en solicitarnos m\u00e1s detalles al respecto.<\/p>\n<p>Procesaremos toda su informaci\u00f3n con la m\u00e1s estricta confidencialidad y nos esforzaremos por tomar todas las medidas razonables para proteger su informaci\u00f3n personal. Sin embargo, no podemos garantizar la seguridad de los datos que usted de a conocer en Internet. Usted acepta los riesgos de seguridad inherentes a entregar informaci\u00f3n y hacer negocios en Internet y no nos har\u00e1 responsables ante una eventual infracci\u00f3n de seguridad a menos que esto se debiera a una negligencia o incumplimiento intencional atribuible a nosotros.<\/p>\n<p>No debe transmitir ninguna informaci\u00f3n confidencial o privada a trav\u00e9s de este sitio web, a excepci\u00f3n de las \u00e1reas seguras reconocidas. Los propietarios de este sitio web no asumen responsabilidad alguna por los datos enviados a trav\u00e9s de las \u00e1reas inseguras de este sitio web.<\/p>\n<p>Su navegador genera otro tipo de informaci\u00f3n, por ejemplo, el idioma en el que aparece el sitio y la direcci\u00f3n del Protocolo de Internet (\u00abdirecci\u00f3n IP\u00bb). Una direcci\u00f3n IP es un conjunto de n\u00fameros que se le asignan a su computadora durante una sesi\u00f3n de navegaci\u00f3n cada vez que inicia sesi\u00f3n en Internet a trav\u00e9s de su prestador de servicios de Internet o su red (si accede a Internet desde una computadora en el trabajo, por ejemplo). Nuestros servidores registran autom\u00e1ticamente su direcci\u00f3n IP y la utilizan para recabar datos sobre el tr\u00e1fico de los visitantes de nuestros sitios web. No utilizaremos su direcci\u00f3n IP para identificarlo a nivel personal.<\/p>\n<p>Seguridad y posibilidad de transferencia internacional: Tenga en cuenta que es posible que los pa\u00edses fuera del EEE no apliquen el mismo nivel de protecci\u00f3n de los datos que los pa\u00edses dentro del EEE, pero siempre exigiremos que las partes a quienes transferimos datos cumplan con los mismos procedimientos de seguridad que nosotros. Al enviar su informaci\u00f3n personal, usted autoriza el procesamiento y las transferencias de datos en relaci\u00f3n con dichos pedidos, ofertas de servicios y para cualquier otro prop\u00f3sito que usted autorizara al momento de entregar la informaci\u00f3n.<\/p>\n<p>Protecci\u00f3n contra ataques cibern\u00e9ticos y de piratas inform\u00e1ticos: Tenemos un firewall en nuestro servidor web, dise\u00f1ado para inspeccionar el tr\u00e1fico que ingresa, eliminar cualquier ataque malicioso, que constituye una primera l\u00ednea de defensa para evitar que un posible pirata inform\u00e1tico acceda a los datos que alojamos.<\/p>\n<p>Informaci\u00f3n transmitida por correo electr\u00f3nico: Si ingresa alguna correspondencia por correo electr\u00f3nico para informar sobre un problema o hacer una consulta, conservaremos la informaci\u00f3n personal que nos env\u00ede con el fin de responder su consulta y no compartiremos los datos con ning\u00fan tercero.<\/p>\n<p>Cifrado de datos: Nuestro sitio web utiliza un certificado SSL que garantiza una conexi\u00f3n cifrada entre el navegador web y el servidor. Esto implica que toda la informaci\u00f3n personal que ingrese en el sitio web ser\u00e1 cifrada al transferirla al servidor web.<\/p>\n<h3 id=\"general\" class=\"mt-5\" style=\"text-align: center;\">5. Informaci\u00f3n general<\/h3>\n<p>Si desea comunicarse con nosotros en relaci\u00f3n con cualquier problema dentro de este aviso, env\u00ede un correo electr\u00f3nico a:<br \/>\nKatie Daniels, Directora, katiedaniels@guy-raymond.co.uk. Con gusto le responderemos a la mayor brevedad posible.<\/p>\n<p>Si le preocupa que alguna parte de la informaci\u00f3n que tenemos sobre usted sea incorrecta o si tiene alguna consulta general relacionada con nuestra Pol\u00edtica de privacidad, comun\u00edquese con Katie Daniels a la direcci\u00f3n anterior.<\/p>\n<p>Tenga en cuenta que nuestro sitio web puede tener enlaces a otros sitios web a los cuales se puede acceder a trav\u00e9s de nuestro sitio. No asumimos responsabilidad alguna por las pol\u00edticas o procedimientos de manejo de datos ni por el contenido de dichos sitios web vinculados.<\/p>\n<p><strong>Su derecho a plantear quejas<\/strong><\/p>\n<p>Si desea presentar una queja en relaci\u00f3n con alg\u00fan problema de protecci\u00f3n de datos en relaci\u00f3n con nuestra empresa, puede comunicarse con nosotros a la direcci\u00f3n anterior o con la autoridad reguladora que nos fiscaliza, de la siguiente manera<\/p>\n<p>Oficina del Comisionado de Informaci\u00f3n Wycliffe House, Water Lane, Wilmslow, Cheshire, sitio web SK9 5AF: www.ico.org.uk:\u00a0<a href=\"http:\/\/www.ico.org.uk\">www.ico.org.uk<\/a><\/p>\n<p>Tel.: 0303-123-1113 (tarifa local) o 01625-545-745, si prefiere usar un n\u00famero con tarifa nacional.<\/p>\n<p><strong>Consentimiento<\/strong><\/p>\n<p>Tal como lo dispone el Reglamento, debemos obtener su consentimiento para poder recabar, procesar, compartir y conservar sus datos personales. Lea este aviso en su totalidad y acepte todas las notificaciones. Si tiene alguna consulta, comun\u00edquese directamente con nosotros. Si no puede leer este aviso o no lo comprende cabalmente, comun\u00edquese con nosotros.[\/vc_column_text][\/vc_column][\/vc_row][\/vc_section]<\/p>\n","protected":false},"excerpt":{"rendered":"[vc_section][vc_row][vc_column][vc_column_text] Pol\u00edtica de privacidad y cookies Para nosotros, es importante mantener su privacidad. Este aviso le notifica c\u00f3mo usamos la informaci\u00f3n que usted nos transmite y c\u00f3mo protegemos su privacidad. Tambi\u00e9n explica sus derechos establecidos por la Ley de Protecci\u00f3n de Datos del Reino Unido (actualizada en 2018) y el Reglamento General de Protecci\u00f3n de&#8230; <a class=\"view-article\" href=\"https:\/\/www.guy-raymond.co.uk\/es\/politica-de-privacidad\/\">View Article<\/a>","protected":false},"author":7,"featured_media":0,"parent":0,"menu_order":0,"comment_status":"closed","ping_status":"open","template":"","meta":[],"_links":{"self":[{"href":"https:\/\/www.guy-raymond.co.uk\/es\/wp-json\/wp\/v2\/pages\/4982\/"}],"collection":[{"href":"https:\/\/www.guy-raymond.co.uk\/es\/wp-json\/wp\/v2\/pages\/"}],"about":[{"href":"https:\/\/www.guy-raymond.co.uk\/es\/wp-json\/wp\/v2\/types\/page\/"}],"author":[{"embeddable":true,"href":"https:\/\/www.guy-raymond.co.uk\/es\/wp-json\/wp\/v2\/users\/7\/"}],"replies":[{"embeddable":true,"href":"https:\/\/www.guy-raymond.co.uk\/es\/wp-json\/wp\/v2\/comments\/?post=4982"}],"version-history":[{"count":7,"href":"https:\/\/www.guy-raymond.co.uk\/es\/wp-json\/wp\/v2\/pages\/4982\/revisions\/"}],"predecessor-version":[{"id":4989,"href":"https:\/\/www.guy-raymond.co.uk\/es\/wp-json\/wp\/v2\/pages\/4982\/revisions\/4989\/"}],"wp:attachment":[{"href":"https:\/\/www.guy-raymond.co.uk\/es\/wp-json\/wp\/v2\/media\/?parent=4982"}],"curies":[{"name":"wp","href":"https:\/\/api.w.org\/{rel}","templated":true}]}}