{"id":7753,"date":"2025-02-17T20:04:28","date_gmt":"2025-02-17T20:04:28","guid":{"rendered":"https:\/\/www.guy-raymond.co.uk\/quienes-somos\/sustainability\/"},"modified":"2025-07-23T11:59:19","modified_gmt":"2025-07-23T10:59:19","slug":"sustainability","status":"publish","type":"page","link":"https:\/\/www.guy-raymond.co.uk\/es\/quienes-somos\/sustainability\/","title":{"rendered":"Sostenibilidad"},"content":{"rendered":"<p>[vc_section][vc_row][vc_column][vc_column_text]<\/p>\n<h2 style=\"text-align: center;\">Sostenibilidad<\/h2>\n<p style=\"text-align: center;\">Desde m\u00e1s de 10 a\u00f1os, Guy-Raymond trabaja sobre la reducci\u00f3n de su consumo de energia y de su huella de carbono, y sobre una mejora de su sostenibilidad. Trabajamos actualmente sobre una medici\u00f3n integral de nuestra huella de carbono y planeamos la instalaci\u00f3n de paneles solares en el futuro pr\u00f3ximo.<\/p>\n<p style=\"text-align: center;\">Descubra abajo las mejoras implementadas hasta ahora:<\/p>\n<p>[\/vc_column_text][\/vc_column][\/vc_row][vc_row][vc_column]<div class=\"guyraymond-timeline\"><div class=\"timeline\">\n\t\t\t\t\t<div class=\"row no-gutters justify-content-end justify-content-md-around align-items-start timeline-nodes scroll-rv\">\n\t\t\t\t\t\t<span class=\"timeline-line hidden\"><\/span>\n\t\t\t\t\t\t<div class=\"col-10 col-md-5 order-3 order-md-1 timeline-content\">\n\t\t\t\t\t\t\t<div class=\"timeline-row row row-eq-height\">\n\t\t\t\t\t\t\t\t<div class=\"col col-sm-6 col-md-7 order-2\">\n\t\t\t\t\t\t\t\t\t<h3>2025<\/h3>\n\t\t\t\t\t\t\t\t\t<p>Instalaci\u00f3n de un nuevo granulador utilizando un 50% menos de electricidad respecto al anterior. <\/p>\n\t\t\t\t\t\t\t\t<\/div>\n\t\t\t\t\t\t\t\t<div class=\"timeline-img col col-sm-6 col-md-5\">\n\t\t\t\t\t\t\t\t\t<div class=\"compat_image_container\">\n\t\t\t\t\t\t\t\t\t\t<img src=\"https:\/\/www.guy-raymond.co.uk\/wp-content\/uploads\/2025\/06\/Piovan-new-CMG-granulator-5.jpg\" class=\"img-fluid\" alt=\"img\">\n\t\t\t\t\t\t\t\t\t<\/div>\n\t\t\t\t\t\t\t\t<\/div>\n\t\t\t\t\t\t\t<\/div>\n\t\t\t\t\t\t<\/div>\n\t\t\t\t\t\t<div class=\"col-2 col-sm-1 px-md-3 order-2 timeline-dot text-md-center\">\n\t\t\t\t\t\t\t<!-- the dot -->\n\t\t\t\t\t\t<\/div>\n\t\t\t\t\t\t<div class=\"col-10 col-md-5 order-1 order-md-3 py-3 timeline-date\"><\/div>\n\t\t\t\t\t<\/div>\n\t\t\t\n\t\t\t\t\t<div class=\"row no-gutters justify-content-end justify-content-md-around align-items-start timeline-nodes scroll-rv\">\n\t\t\t\t\t\t<span class=\"timeline-line hidden\"><\/span>\n\t\t\t\t\t\t<div class=\"col-10 col-md-5 order-3 order-md-1 timeline-content\">\n\t\t\t\t\t\t\t<div class=\"timeline-row row row-eq-height\">\n\t\t\t\t\t\t\t\t<div class=\"col col-sm-6 col-md-7 order-2\">\n\t\t\t\t\t\t\t\t\t<h3>2024<\/h3>\n\t\t\t\t\t\t\t\t\t<p>Expansion del campo de flores silvestres detr\u00e1s de la f\u00e1brica, que hace parte del proyecto Bee-Line Bee Superhighway para ayudar con la protecci\u00f3n de h\u00e1bitats a las abejas.<\/p>\n\t\t\t\t\t\t\t\t<\/div>\n\t\t\t\t\t\t\t\t<div class=\"timeline-img col col-sm-6 col-md-5\">\n\t\t\t\t\t\t\t\t\t<div class=\"compat_image_container\">\n\t\t\t\t\t\t\t\t\t\t<img src=\"https:\/\/www.guy-raymond.co.uk\/wp-content\/uploads\/2024\/08\/B-Lines-aims-to-create-and-restore-at-least-150000-hectares-of-flower-rich-habitat-across-the-UK.-Making-this-happen-will-take-time-and-will-need-farmers-land-owners-wildlife-organisations-bus-1.png\" class=\"img-fluid\" alt=\"img\">\n\t\t\t\t\t\t\t\t\t<\/div>\n\t\t\t\t\t\t\t\t<\/div>\n\t\t\t\t\t\t\t<\/div>\n\t\t\t\t\t\t<\/div>\n\t\t\t\t\t\t<div class=\"col-2 col-sm-1 px-md-3 order-2 timeline-dot text-md-center\">\n\t\t\t\t\t\t\t<!-- the dot -->\n\t\t\t\t\t\t<\/div>\n\t\t\t\t\t\t<div class=\"col-10 col-md-5 order-1 order-md-3 py-3 timeline-date\"><\/div>\n\t\t\t\t\t<\/div>\n\t\t\t\n\t\t\t\t\t<div class=\"row no-gutters justify-content-end justify-content-md-around align-items-start timeline-nodes scroll-rv\">\n\t\t\t\t\t\t<span class=\"timeline-line hidden\"><\/span>\n\t\t\t\t\t\t<div class=\"col-10 col-md-5 order-3 order-md-1 timeline-content\">\n\t\t\t\t\t\t\t<div class=\"timeline-row row row-eq-height\">\n\t\t\t\t\t\t\t\t<div class=\"col col-sm-6 col-md-7 order-2\">\n\t\t\t\t\t\t\t\t\t<h3>2024<\/h3>\n\t\t\t\t\t\t\t\t\t<p>Introducci\u00f3n de reciclaje para los residuos no industriales en la f\u00e1brica.  Las tazas de caf\u00e9 son ahora compostables y reciclables.<\/p>\n\t\t\t\t\t\t\t\t<\/div>\n\t\t\t\t\t\t\t\t<div class=\"timeline-img col col-sm-6 col-md-5\">\n\t\t\t\t\t\t\t\t\t<div class=\"compat_image_container\">\n\t\t\t\t\t\t\t\t\t\t<img src=\"https:\/\/www.guy-raymond.co.uk\/wp-content\/uploads\/2024\/10\/Recycling-symbol.jpg\" class=\"img-fluid\" alt=\"img\">\n\t\t\t\t\t\t\t\t\t<\/div>\n\t\t\t\t\t\t\t\t<\/div>\n\t\t\t\t\t\t\t<\/div>\n\t\t\t\t\t\t<\/div>\n\t\t\t\t\t\t<div class=\"col-2 col-sm-1 px-md-3 order-2 timeline-dot text-md-center\">\n\t\t\t\t\t\t\t<!-- the dot -->\n\t\t\t\t\t\t<\/div>\n\t\t\t\t\t\t<div class=\"col-10 col-md-5 order-1 order-md-3 py-3 timeline-date\"><\/div>\n\t\t\t\t\t<\/div>\n\t\t\t\n\t\t\t\t\t<div class=\"row no-gutters justify-content-end justify-content-md-around align-items-start timeline-nodes scroll-rv\">\n\t\t\t\t\t\t<span class=\"timeline-line hidden\"><\/span>\n\t\t\t\t\t\t<div class=\"col-10 col-md-5 order-3 order-md-1 timeline-content\">\n\t\t\t\t\t\t\t<div class=\"timeline-row row row-eq-height\">\n\t\t\t\t\t\t\t\t<div class=\"col col-sm-6 col-md-7 order-2\">\n\t\t\t\t\t\t\t\t\t<h3>2023<\/h3>\n\t\t\t\t\t\t\t\t\t<p>Actualizaci\u00f3n a un nuevo sistema de centrifugado para recuperar el aceite de las virutas, recuperando un 30% m\u00e1s de aceite para la reutilizaci\u00f3n.<\/p>\n\t\t\t\t\t\t\t\t<\/div>\n\t\t\t\t\t\t\t\t<div class=\"timeline-img col col-sm-6 col-md-5\">\n\t\t\t\t\t\t\t\t\t<div class=\"compat_image_container\">\n\t\t\t\t\t\t\t\t\t\t<img src=\"https:\/\/www.guy-raymond.co.uk\/wp-content\/uploads\/2024\/11\/Guy-Raymond-Swarf-Centrifugal-System-700x635-1.jpg\" class=\"img-fluid\" alt=\"img\">\n\t\t\t\t\t\t\t\t\t<\/div>\n\t\t\t\t\t\t\t\t<\/div>\n\t\t\t\t\t\t\t<\/div>\n\t\t\t\t\t\t<\/div>\n\t\t\t\t\t\t<div class=\"col-2 col-sm-1 px-md-3 order-2 timeline-dot text-md-center\">\n\t\t\t\t\t\t\t<!-- the dot -->\n\t\t\t\t\t\t<\/div>\n\t\t\t\t\t\t<div class=\"col-10 col-md-5 order-1 order-md-3 py-3 timeline-date\"><\/div>\n\t\t\t\t\t<\/div>\n\t\t\t\n\t\t\t\t\t<div class=\"row no-gutters justify-content-end justify-content-md-around align-items-start timeline-nodes scroll-rv\">\n\t\t\t\t\t\t<span class=\"timeline-line hidden\"><\/span>\n\t\t\t\t\t\t<div class=\"col-10 col-md-5 order-3 order-md-1 timeline-content\">\n\t\t\t\t\t\t\t<div class=\"timeline-row row row-eq-height\">\n\t\t\t\t\t\t\t\t<div class=\"col col-sm-6 col-md-7 order-2\">\n\t\t\t\t\t\t\t\t\t<h3>2023<\/h3>\n\t\t\t\t\t\t\t\t\t<p>Instalaci\u00f3n de iluminaci\u00f3n LED en la f\u00e1brica, con una reducci\u00f3n de aproximadamente el 60% de la electricidad consumida por la iluminaci\u00f3n.<\/p>\n\t\t\t\t\t\t\t\t<\/div>\n\t\t\t\t\t\t\t\t<div class=\"timeline-img col col-sm-6 col-md-5\">\n\t\t\t\t\t\t\t\t\t<div class=\"compat_image_container\">\n\t\t\t\t\t\t\t\t\t\t<img src=\"https:\/\/www.guy-raymond.co.uk\/wp-content\/uploads\/2024\/08\/Guy-Raymond-LED-Light-Upgrade.jpg\" class=\"img-fluid\" alt=\"img\">\n\t\t\t\t\t\t\t\t\t<\/div>\n\t\t\t\t\t\t\t\t<\/div>\n\t\t\t\t\t\t\t<\/div>\n\t\t\t\t\t\t<\/div>\n\t\t\t\t\t\t<div class=\"col-2 col-sm-1 px-md-3 order-2 timeline-dot text-md-center\">\n\t\t\t\t\t\t\t<!-- the dot -->\n\t\t\t\t\t\t<\/div>\n\t\t\t\t\t\t<div class=\"col-10 col-md-5 order-1 order-md-3 py-3 timeline-date\"><\/div>\n\t\t\t\t\t<\/div>\n\t\t\t\n\t\t\t\t\t<div class=\"row no-gutters justify-content-end justify-content-md-around align-items-start timeline-nodes scroll-rv\">\n\t\t\t\t\t\t<span class=\"timeline-line hidden\"><\/span>\n\t\t\t\t\t\t<div class=\"col-10 col-md-5 order-3 order-md-1 timeline-content\">\n\t\t\t\t\t\t\t<div class=\"timeline-row row row-eq-height\">\n\t\t\t\t\t\t\t\t<div class=\"col col-sm-6 col-md-7 order-2\">\n\t\t\t\t\t\t\t\t\t<h3>2021<\/h3>\n\t\t\t\t\t\t\t\t\t<p>Instalaci\u00f3n de una m\u00e1quina de moldeo por inyecci\u00f3n totalmente el\u00e9ctrica para sobremoldear la rodadura blanda de las ruedas, reduciendo el consumo de energ\u00eda en un 70%.<\/p>\n\t\t\t\t\t\t\t\t<\/div>\n\t\t\t\t\t\t\t\t<div class=\"timeline-img col col-sm-6 col-md-5\">\n\t\t\t\t\t\t\t\t\t<div class=\"compat_image_container\">\n\t\t\t\t\t\t\t\t\t\t<img src=\"https:\/\/www.guy-raymond.co.uk\/wp-content\/uploads\/2024\/11\/Robot-3-scaled.jpg\" class=\"img-fluid\" alt=\"img\">\n\t\t\t\t\t\t\t\t\t<\/div>\n\t\t\t\t\t\t\t\t<\/div>\n\t\t\t\t\t\t\t<\/div>\n\t\t\t\t\t\t<\/div>\n\t\t\t\t\t\t<div class=\"col-2 col-sm-1 px-md-3 order-2 timeline-dot text-md-center\">\n\t\t\t\t\t\t\t<!-- the dot -->\n\t\t\t\t\t\t<\/div>\n\t\t\t\t\t\t<div class=\"col-10 col-md-5 order-1 order-md-3 py-3 timeline-date\"><\/div>\n\t\t\t\t\t<\/div>\n\t\t\t\n\t\t\t\t\t<div class=\"row no-gutters justify-content-end justify-content-md-around align-items-start timeline-nodes scroll-rv\">\n\t\t\t\t\t\t<span class=\"timeline-line hidden\"><\/span>\n\t\t\t\t\t\t<div class=\"col-10 col-md-5 order-3 order-md-1 timeline-content\">\n\t\t\t\t\t\t\t<div class=\"timeline-row row row-eq-height\">\n\t\t\t\t\t\t\t\t<div class=\"col col-sm-6 col-md-7 order-2\">\n\t\t\t\t\t\t\t\t\t<h3>2021<\/h3>\n\t\t\t\t\t\t\t\t\t<p>5 m\u00e1quinas de inyecci\u00f3n el\u00e9ctricas de 150t de Fanuc que reducen el consumo de energ\u00eda en un 70% respecto a las m\u00e1quinas que susituyen.<\/p>\n\t\t\t\t\t\t\t\t<\/div>\n\t\t\t\t\t\t\t\t<div class=\"timeline-img col col-sm-6 col-md-5\">\n\t\t\t\t\t\t\t\t\t<div class=\"compat_image_container\">\n\t\t\t\t\t\t\t\t\t\t<img src=\"https:\/\/www.guy-raymond.co.uk\/wp-content\/uploads\/2024\/10\/Guy-Raymond-Fanuc-150-scaled.jpg\" class=\"img-fluid\" alt=\"img\">\n\t\t\t\t\t\t\t\t\t<\/div>\n\t\t\t\t\t\t\t\t<\/div>\n\t\t\t\t\t\t\t<\/div>\n\t\t\t\t\t\t<\/div>\n\t\t\t\t\t\t<div class=\"col-2 col-sm-1 px-md-3 order-2 timeline-dot text-md-center\">\n\t\t\t\t\t\t\t<!-- the dot -->\n\t\t\t\t\t\t<\/div>\n\t\t\t\t\t\t<div class=\"col-10 col-md-5 order-1 order-md-3 py-3 timeline-date\"><\/div>\n\t\t\t\t\t<\/div>\n\t\t\t\n\t\t\t\t\t<div class=\"row no-gutters justify-content-end justify-content-md-around align-items-start timeline-nodes scroll-rv\">\n\t\t\t\t\t\t<span class=\"timeline-line hidden\"><\/span>\n\t\t\t\t\t\t<div class=\"col-10 col-md-5 order-3 order-md-1 timeline-content\">\n\t\t\t\t\t\t\t<div class=\"timeline-row row row-eq-height\">\n\t\t\t\t\t\t\t\t<div class=\"col col-sm-6 col-md-7 order-2\">\n\t\t\t\t\t\t\t\t\t<h3>2019<\/h3>\n\t\t\t\t\t\t\t\t\t<p>Siembra de una franja de flores silvestres de 100m x 2m detr\u00e1s de la f\u00e1brica.<\/p>\n\t\t\t\t\t\t\t\t<\/div>\n\t\t\t\t\t\t\t\t<div class=\"timeline-img col col-sm-6 col-md-5\">\n\t\t\t\t\t\t\t\t\t<div class=\"compat_image_container\">\n\t\t\t\t\t\t\t\t\t\t<img src=\"https:\/\/www.guy-raymond.co.uk\/wp-content\/uploads\/2024\/04\/20230608_131314.jpg\" class=\"img-fluid\" alt=\"img\">\n\t\t\t\t\t\t\t\t\t<\/div>\n\t\t\t\t\t\t\t\t<\/div>\n\t\t\t\t\t\t\t<\/div>\n\t\t\t\t\t\t<\/div>\n\t\t\t\t\t\t<div class=\"col-2 col-sm-1 px-md-3 order-2 timeline-dot text-md-center\">\n\t\t\t\t\t\t\t<!-- the dot -->\n\t\t\t\t\t\t<\/div>\n\t\t\t\t\t\t<div class=\"col-10 col-md-5 order-1 order-md-3 py-3 timeline-date\"><\/div>\n\t\t\t\t\t<\/div>\n\t\t\t\n\t\t\t\t\t<div class=\"row no-gutters justify-content-end justify-content-md-around align-items-start timeline-nodes scroll-rv\">\n\t\t\t\t\t\t<span class=\"timeline-line hidden\"><\/span>\n\t\t\t\t\t\t<div class=\"col-10 col-md-5 order-3 order-md-1 timeline-content\">\n\t\t\t\t\t\t\t<div class=\"timeline-row row row-eq-height\">\n\t\t\t\t\t\t\t\t<div class=\"col col-sm-6 col-md-7 order-2\">\n\t\t\t\t\t\t\t\t\t<h3>2018<\/h3>\n\t\t\t\t\t\t\t\t\t<p>Otras 5 m\u00e1quinas de inyecci\u00f3n el\u00e9ctricas de 100t de Fanuc que reducen el consumo de energ\u00eda en un 70% respecto a las m\u00e1quinas que susituyen.<\/p>\n\t\t\t\t\t\t\t\t<\/div>\n\t\t\t\t\t\t\t\t<div class=\"timeline-img col col-sm-6 col-md-5\">\n\t\t\t\t\t\t\t\t\t<div class=\"compat_image_container\">\n\t\t\t\t\t\t\t\t\t\t<img src=\"https:\/\/www.guy-raymond.co.uk\/wp-content\/uploads\/2019\/01\/10-Fanuc-Injection-Moulding-Machines.jpg\" class=\"img-fluid\" alt=\"img\">\n\t\t\t\t\t\t\t\t\t<\/div>\n\t\t\t\t\t\t\t\t<\/div>\n\t\t\t\t\t\t\t<\/div>\n\t\t\t\t\t\t<\/div>\n\t\t\t\t\t\t<div class=\"col-2 col-sm-1 px-md-3 order-2 timeline-dot text-md-center\">\n\t\t\t\t\t\t\t<!-- the dot -->\n\t\t\t\t\t\t<\/div>\n\t\t\t\t\t\t<div class=\"col-10 col-md-5 order-1 order-md-3 py-3 timeline-date\"><\/div>\n\t\t\t\t\t<\/div>\n\t\t\t\n\t\t\t\t\t<div class=\"row no-gutters justify-content-end justify-content-md-around align-items-start timeline-nodes scroll-rv\">\n\t\t\t\t\t\t<span class=\"timeline-line hidden\"><\/span>\n\t\t\t\t\t\t<div class=\"col-10 col-md-5 order-3 order-md-1 timeline-content\">\n\t\t\t\t\t\t\t<div class=\"timeline-row row row-eq-height\">\n\t\t\t\t\t\t\t\t<div class=\"col col-sm-6 col-md-7 order-2\">\n\t\t\t\t\t\t\t\t\t<h3>2017<\/h3>\n\t\t\t\t\t\t\t\t\t<p>Proyecto de modernizaci\u00f3n del parque de m\u00e1quinas del departamente de inyecci\u00f3n de pl\u00e1stico: 5 m\u00e1quinas de inyecci\u00f3n totalmente el\u00e9ctricas que reducen el consumo de energ\u00eda en un 70% respecto a las m\u00e1quinas m\u00e1s viejas que sustituyen.<\/p>\n\t\t\t\t\t\t\t\t<\/div>\n\t\t\t\t\t\t\t\t<div class=\"timeline-img col col-sm-6 col-md-5\">\n\t\t\t\t\t\t\t\t\t<div class=\"compat_image_container\">\n\t\t\t\t\t\t\t\t\t\t<img src=\"https:\/\/www.guy-raymond.co.uk\/wp-content\/uploads\/2018\/10\/Timeline-2017-18-Fanucs.jpg\" class=\"img-fluid\" alt=\"img\">\n\t\t\t\t\t\t\t\t\t<\/div>\n\t\t\t\t\t\t\t\t<\/div>\n\t\t\t\t\t\t\t<\/div>\n\t\t\t\t\t\t<\/div>\n\t\t\t\t\t\t<div class=\"col-2 col-sm-1 px-md-3 order-2 timeline-dot text-md-center\">\n\t\t\t\t\t\t\t<!-- the dot -->\n\t\t\t\t\t\t<\/div>\n\t\t\t\t\t\t<div class=\"col-10 col-md-5 order-1 order-md-3 py-3 timeline-date\"><\/div>\n\t\t\t\t\t<\/div>\n\t\t\t\n\t\t\t\t\t<div class=\"row no-gutters justify-content-end justify-content-md-around align-items-start timeline-nodes scroll-rv\">\n\t\t\t\t\t\t<span class=\"timeline-line hidden\"><\/span>\n\t\t\t\t\t\t<div class=\"col-10 col-md-5 order-3 order-md-1 timeline-content\">\n\t\t\t\t\t\t\t<div class=\"timeline-row row row-eq-height\">\n\t\t\t\t\t\t\t\t<div class=\"col col-sm-6 col-md-7 order-2\">\n\t\t\t\t\t\t\t\t\t<h3>2000<\/h3>\n\t\t\t\t\t\t\t\t\t<p>Certificaci\u00f3n ISO 14000:1 (medio ambiente)<\/p>\n\t\t\t\t\t\t\t\t<\/div>\n\t\t\t\t\t\t\t\t<div class=\"timeline-img col col-sm-6 col-md-5\">\n\t\t\t\t\t\t\t\t\t<div class=\"compat_image_container\">\n\t\t\t\t\t\t\t\t\t\t<img src=\"https:\/\/www.guy-raymond.co.uk\/wp-content\/uploads\/2024\/10\/ISO-14001.jpg\" class=\"img-fluid\" alt=\"img\">\n\t\t\t\t\t\t\t\t\t<\/div>\n\t\t\t\t\t\t\t\t<\/div>\n\t\t\t\t\t\t\t<\/div>\n\t\t\t\t\t\t<\/div>\n\t\t\t\t\t\t<div class=\"col-2 col-sm-1 px-md-3 order-2 timeline-dot text-md-center\">\n\t\t\t\t\t\t\t<!-- the dot -->\n\t\t\t\t\t\t<\/div>\n\t\t\t\t\t\t<div class=\"col-10 col-md-5 order-1 order-md-3 py-3 timeline-date\"><\/div>\n\t\t\t\t\t<\/div>\n\t\t\t<\/div><\/div>[\/vc_column][\/vc_row][vc_row][vc_column][\/vc_column][\/vc_row][\/vc_section]<\/p>\n","protected":false},"excerpt":{"rendered":"[vc_section][vc_row][vc_column][vc_column_text] Sostenibilidad Desde m\u00e1s de 10 a\u00f1os, Guy-Raymond trabaja sobre la reducci\u00f3n de su consumo de energia y de su huella de carbono, y sobre una mejora de su sostenibilidad. Trabajamos actualmente sobre una medici\u00f3n integral de nuestra huella de carbono y planeamos la instalaci\u00f3n de paneles solares en el futuro pr\u00f3ximo. Descubra abajo las&#8230; <a class=\"view-article\" href=\"https:\/\/www.guy-raymond.co.uk\/es\/quienes-somos\/sustainability\/\">View Article<\/a>","protected":false},"author":7,"featured_media":6268,"parent":4881,"menu_order":58,"comment_status":"closed","ping_status":"closed","template":"","meta":[],"_links":{"self":[{"href":"https:\/\/www.guy-raymond.co.uk\/es\/wp-json\/wp\/v2\/pages\/7753\/"}],"collection":[{"href":"https:\/\/www.guy-raymond.co.uk\/es\/wp-json\/wp\/v2\/pages\/"}],"about":[{"href":"https:\/\/www.guy-raymond.co.uk\/es\/wp-json\/wp\/v2\/types\/page\/"}],"author":[{"embeddable":true,"href":"https:\/\/www.guy-raymond.co.uk\/es\/wp-json\/wp\/v2\/users\/7\/"}],"replies":[{"embeddable":true,"href":"https:\/\/www.guy-raymond.co.uk\/es\/wp-json\/wp\/v2\/comments\/?post=7753"}],"version-history":[{"count":3,"href":"https:\/\/www.guy-raymond.co.uk\/es\/wp-json\/wp\/v2\/pages\/7753\/revisions\/"}],"predecessor-version":[{"id":7756,"href":"https:\/\/www.guy-raymond.co.uk\/es\/wp-json\/wp\/v2\/pages\/7753\/revisions\/7756\/"}],"up":[{"embeddable":true,"href":"https:\/\/www.guy-raymond.co.uk\/es\/wp-json\/wp\/v2\/pages\/4881\/"}],"wp:featuredmedia":[{"embeddable":true,"href":"https:\/\/www.guy-raymond.co.uk\/es\/wp-json\/wp\/v2\/media\/6268\/"}],"wp:attachment":[{"href":"https:\/\/www.guy-raymond.co.uk\/es\/wp-json\/wp\/v2\/media\/?parent=7753"}],"curies":[{"name":"wp","href":"https:\/\/api.w.org\/{rel}","templated":true}]}}