{"id":4066,"date":"2019-07-23T12:13:09","date_gmt":"2019-07-23T11:13:09","guid":{"rendered":"http:\/\/www.guy-raymond.co.uk\/?page_id=4066"},"modified":"2024-11-21T11:52:04","modified_gmt":"2024-11-21T11:52:04","slug":"contact","status":"publish","type":"page","link":"https:\/\/www.guy-raymond.co.uk\/fr\/contact\/","title":{"rendered":"Contact"},"content":{"rendered":"<p>[vc_row][vc_column]<div class=\"guyraymond-map\"><script async defer src=\"https:\/\/maps.googleapis.com\/maps\/api\/js?key=AIzaSyCtHWuX955YkjgDX6wQjrDsFpzT8vOOZyA&callback=geocodeGMapAddress\"\n\t\ttype=\"text\/javascript\"><\/script>\n\t\t\t\t\t<script>\n\t\t\t\t\t\tfunction geocodeGMapAddress() {\n\t\t\t\t\t\t\tvar geocoder = new google.maps.Geocoder();\n\t\t\t\t\t\t\tgeocoder.geocode({\n\t\t\t\t\t\t\t\t\"address\": 'Guy-Raymond, Rollesby Road, King\\'s Lynn, PE30 4LX'\n\t\t\t\t\t\t\t}, function(results, status) {\n\t\t\t\t\t\t\t\tif (status == google.maps.GeocoderStatus.OK) {\n\t\t\t\t\t\t\t\t\tvar myOptions = {\n\t\t\t\t\t\t\t\t\t\tzoom: 14,\n\t\t\t\t\t\t\t\t\t\tcenter: results[0].geometry.location,\n\t\t\t\t\t\t\t\t\t\tmapTypeId: google.maps.MapTypeId.ROADMAP\n\t\t\t\t\t\t\t\t\t}\n\t\t\t\t\t\t\t\t\tvar map = new google.maps.Map(document.getElementById(\"map_canvas\"), myOptions);\n\t\t\t\t\t\t\t\t\tnew google.maps.Marker({\n\t\t\t\t\t\t\t\t\t\tmap: map,\n\t\t\t\t\t\t\t\t\t\tposition: results[0].geometry.location,\n\t\t\t\t\t\t\t\t\t\ttitle: \"Guy-Raymond Engineering\",\n\t\t\t\t\t\t\t\t\t\ticon: \"https:\/\/www.guy-raymond.co.uk\/wp-content\/themes\/guy-raymond-engineering\/img\/icons\/map.png\"\n\t\t\t\t\t\t\t\t\t});\n\t\t\t\t\t\t\t\t}\n\t\t\t\t\t\t\t});\n\t\t\t\t\t\t}\n\t\t\t\t\t<\/script>\n\t\t\n\t\t\t\t\t<div class=\"overlay\">\n\t\t\t\t\t\t<p>Guy-Raymond, Rollesby Road, King's Lynn, PE30 4LX<\/p>\n\t\t\t\t\t\t<p>Office Hours:<\/p>\n\t\t\t\t\t\t<p>Lundi - Jeudi 8h00 \u2013 16h15<br \/>\nVendredi 8h00 \u2013 15h15<\/p>\n\t\t\t\t\t\t<p><a href=\"+44(0)1553761401\">+44 (0)1553 761401<\/a><\/p>\n\t\t\t\t\t<\/div>\n\t\t<div id=\"map_canvas\" class=\"map-iframe\"><\/div><\/div>[\/vc_column][\/vc_row][vc_section el_id=\u00a0\u00bbcontact\u00a0\u00bb][vc_row][vc_column width=\u00a0\u00bb1\/2&Prime;][vc_column_text]<\/p>\n<h2 style=\"text-align: center;\">Demande de Renseignements<\/h2>\n<p>[\/vc_column_text]\n<div class=\"wpcf7 no-js\" id=\"wpcf7-f4191-o1\" lang=\"en-US\" dir=\"ltr\">\n<div class=\"screen-reader-response\"><p role=\"status\" aria-live=\"polite\" aria-atomic=\"true\"><\/p> <ul><\/ul><\/div>\n<form action=\"\/fr\/wp-json\/wp\/v2\/pages\/4066\/#wpcf7-f4191-o1\" method=\"post\" class=\"wpcf7-form init\" aria-label=\"Contact form\" novalidate=\"novalidate\" data-status=\"init\">\n<div style=\"display: none;\">\n<input type=\"hidden\" name=\"_wpcf7\" value=\"4191\" \/>\n<input type=\"hidden\" name=\"_wpcf7_version\" value=\"5.7.3\" \/>\n<input type=\"hidden\" name=\"_wpcf7_locale\" value=\"en_US\" \/>\n<input type=\"hidden\" name=\"_wpcf7_unit_tag\" value=\"wpcf7-f4191-o1\" \/>\n<input type=\"hidden\" name=\"_wpcf7_container_post\" value=\"0\" \/>\n<input type=\"hidden\" name=\"_wpcf7_posted_data_hash\" value=\"\" \/>\n<\/div>\n<div class=\"wpcf7-response-output\" aria-hidden=\"true\"><\/div>\n<p><span class=\"wpcf7-form-control-wrap\" data-name=\"company-name\"><input size=\"40\" class=\"wpcf7-form-control wpcf7-text\" aria-invalid=\"false\" placeholder=\"Nom de l\u2019entreprise\" value=\"\" type=\"text\" name=\"company-name\" \/><\/span>\n<\/p>\n<p><span class=\"wpcf7-form-control-wrap\" data-name=\"your-name\"><input size=\"40\" class=\"wpcf7-form-control wpcf7-text wpcf7-validates-as-required\" aria-required=\"true\" aria-invalid=\"false\" placeholder=\"Votre nom*\" value=\"\" type=\"text\" name=\"your-name\" \/><\/span>\n<\/p>\n<p><span class=\"wpcf7-form-control-wrap\" data-name=\"your-email\"><input size=\"40\" class=\"wpcf7-form-control wpcf7-text wpcf7-email wpcf7-validates-as-required wpcf7-validates-as-email\" aria-required=\"true\" aria-invalid=\"false\" placeholder=\"Votre adresse \u00e9lectronique*\" value=\"\" type=\"email\" name=\"your-email\" \/><\/span>\n<\/p>\n<p><span class=\"wpcf7-form-control-wrap\" data-name=\"phone\"><input size=\"40\" class=\"wpcf7-form-control wpcf7-text wpcf7-tel wpcf7-validates-as-required wpcf7-validates-as-tel\" aria-required=\"true\" aria-invalid=\"false\" placeholder=\"T\u00e9l\u00e9phone*\" value=\"\" type=\"tel\" name=\"phone\" \/><\/span>\n<\/p>\n<p><span class=\"wpcf7-form-control-wrap\" data-name=\"your-message\"><input size=\"40\" class=\"wpcf7-form-control wpcf7-text\" aria-invalid=\"false\" placeholder=\"Message\" value=\"\" type=\"text\" name=\"your-message\" \/><\/span>\n<\/p>\n<p><label>\u00cates-vous d\u2019accord que nous vous contactions?<\/label><span class=\"wpcf7-form-control-wrap\" data-name=\"happy_to_contact_you\"><span class=\"wpcf7-form-control wpcf7-radio\"><span class=\"wpcf7-list-item first\"><input type=\"radio\" name=\"happy_to_contact_you\" value=\"OUI\" tabindex=\"\" \/><span class=\"wpcf7-list-item-label\">OUI<\/span><\/span><span class=\"wpcf7-list-item last\"><input type=\"radio\" name=\"happy_to_contact_you\" value=\"NON\" tabindex=\"\" \/><span class=\"wpcf7-list-item-label\">NON<\/span><\/span><\/span><\/span>\n<\/p>\n<p><input class=\"wpcf7-form-control has-spinner wpcf7-submit btn btn-primary\" type=\"submit\" value=\"ENVOYER LA DEMANDE\" \/>\n<\/p>\n<\/form>\n<\/div>\n[\/vc_column][vc_column width=\u00a0\u00bb1\/2&Prime; el_id=\u00a0\u00bbcatalogue\u00a0\u00bb][vc_column_text]<\/p>\n<h2 style=\"text-align: center;\">T\u00e9l\u00e9charger un Catalogue<\/h2>\n<p>[\/vc_column_text]\n<div class=\"wpcf7 no-js\" id=\"wpcf7-f4223-o2\" lang=\"en-US\" dir=\"ltr\">\n<div class=\"screen-reader-response\"><p role=\"status\" aria-live=\"polite\" aria-atomic=\"true\"><\/p> <ul><\/ul><\/div>\n<form action=\"\/fr\/wp-json\/wp\/v2\/pages\/4066\/#wpcf7-f4223-o2\" method=\"post\" class=\"wpcf7-form init\" aria-label=\"Contact form\" novalidate=\"novalidate\" data-status=\"init\">\n<div style=\"display: none;\">\n<input type=\"hidden\" name=\"_wpcf7\" value=\"4223\" \/>\n<input type=\"hidden\" name=\"_wpcf7_version\" value=\"5.7.3\" \/>\n<input type=\"hidden\" name=\"_wpcf7_locale\" value=\"en_US\" \/>\n<input type=\"hidden\" name=\"_wpcf7_unit_tag\" value=\"wpcf7-f4223-o2\" \/>\n<input type=\"hidden\" name=\"_wpcf7_container_post\" value=\"0\" \/>\n<input type=\"hidden\" name=\"_wpcf7_posted_data_hash\" value=\"\" \/>\n<\/div>\n<div class=\"wpcf7-response-output\" aria-hidden=\"true\"><\/div>\n<p><span class=\"wpcf7-form-control-wrap\" data-name=\"company-name\"><input size=\"40\" class=\"wpcf7-form-control wpcf7-text wpcf7-validates-as-required\" aria-required=\"true\" aria-invalid=\"false\" placeholder=\"Nom de l\u2019entreprise*\" value=\"\" type=\"text\" name=\"company-name\" \/><\/span>\n<\/p>\n<p><span class=\"wpcf7-form-control-wrap\" data-name=\"your-name\"><input size=\"40\" class=\"wpcf7-form-control wpcf7-text wpcf7-validates-as-required\" aria-required=\"true\" aria-invalid=\"false\" placeholder=\"Votre nom*\" value=\"\" type=\"text\" name=\"your-name\" \/><\/span>\n<\/p>\n<p><span class=\"wpcf7-form-control-wrap\" data-name=\"your-email\"><input size=\"40\" class=\"wpcf7-form-control wpcf7-text wpcf7-email wpcf7-validates-as-required wpcf7-validates-as-email\" aria-required=\"true\" aria-invalid=\"false\" placeholder=\"Email*\" value=\"\" type=\"email\" name=\"your-email\" \/><\/span>\n<\/p>\n<p><span class=\"wpcf7-form-control-wrap\" data-name=\"phone\"><input size=\"40\" class=\"wpcf7-form-control wpcf7-text wpcf7-tel wpcf7-validates-as-required wpcf7-validates-as-tel\" aria-required=\"true\" aria-invalid=\"false\" placeholder=\"T\u00e9l\u00e9phone*\" value=\"\" type=\"tel\" name=\"phone\" \/><\/span>\n<\/p>\n<p><label>Souhaitez-vous recevoir un catalogue par courrier ?<\/label><span class=\"wpcf7-form-control-wrap\" data-name=\"catalogue_posted_to_you\"><span class=\"wpcf7-form-control wpcf7-checkbox\"><span class=\"wpcf7-list-item first last\"><input type=\"checkbox\" name=\"catalogue_posted_to_you[]\" value=\"OUI\" tabindex=\"\" \/><span class=\"wpcf7-list-item-label\">OUI<\/span><\/span><\/span><\/span>\n<\/p>\n<p><span class=\"wpcf7-form-control-wrap\" data-name=\"your-address\"><input size=\"40\" class=\"wpcf7-form-control wpcf7-text\" aria-invalid=\"false\" placeholder=\"Adresse*\" value=\"\" type=\"text\" name=\"your-address\" \/><\/span>\n<\/p>\n<p><label>\u00cates-vous d\u2019accord que nous vous contactions ?<\/label><span class=\"wpcf7-form-control-wrap\" data-name=\"happy_to_contact_you\"><span class=\"wpcf7-form-control wpcf7-radio\"><span class=\"wpcf7-list-item first\"><input type=\"radio\" name=\"happy_to_contact_you\" value=\"OUI\" tabindex=\"\" \/><span class=\"wpcf7-list-item-label\">OUI<\/span><\/span><span class=\"wpcf7-list-item last\"><input type=\"radio\" name=\"happy_to_contact_you\" value=\"NON\" tabindex=\"\" \/><span class=\"wpcf7-list-item-label\">NON<\/span><\/span><\/span><\/span>\n<\/p>\n<p><label>Par quel catalogue \u00eates-vous int\u00e9ress\u00e9 ?<\/label><span class=\"wpcf7-form-control-wrap\" data-name=\"chosen-catalogue\"><select class=\"wpcf7-form-control wpcf7-select wpcf7-validates-as-required\" aria-required=\"true\" aria-invalid=\"false\" name=\"chosen-catalogue\"><option value=\"Les deux catalogues\">Les deux catalogues<\/option><option value=\"Le catalogue roulettes GRX\">Le catalogue roulettes GRX<\/option><option value=\"Le catalogue de composants\">Le catalogue de composants<\/option><\/select><\/span>\n<\/p>\n<p><input class=\"wpcf7-form-control has-spinner wpcf7-submit btn btn-primary\" type=\"submit\" value=\"T\u00e9l\u00e9charger\" \/>\n<\/p>\n<\/form>\n<\/div>\n[\/vc_column][\/vc_row][vc_row][vc_column][vc_column_text]<\/p>\n<p class=\"tosline text-center\">Toutes les informations fournies seront trait\u00e9es en toute confidentialit\u00e9. Pour plus de renseignements, veuillez lire nos conditions et notre <a href=\"http:\/\/www.guy-raymond.co.uk\/fr\/politique-de-confidentialite\/\">politique de confidentialit\u00e9.<\/a><\/p>\n<p>[\/vc_column_text][\/vc_column][\/vc_row][\/vc_section]<\/p>\n","protected":false},"excerpt":{"rendered":"[vc_row][vc_column][\/vc_column][\/vc_row][vc_section el_id=\u00a0\u00bbcontact\u00a0\u00bb][vc_row][vc_column width=\u00a0\u00bb1\/2&Prime;][vc_column_text] Demande de Renseignements [\/vc_column_text][\/vc_column][vc_column width=\u00a0\u00bb1\/2&Prime; el_id=\u00a0\u00bbcatalogue\u00a0\u00bb][vc_column_text] T\u00e9l\u00e9charger un Catalogue [\/vc_column_text][\/vc_column][\/vc_row][vc_row][vc_column][vc_column_text] Toutes les informations fournies seront trait\u00e9es en toute confidentialit\u00e9. Pour plus de renseignements, veuillez lire nos conditions et notre politique de confidentialit\u00e9. [\/vc_column_text][\/vc_column][\/vc_row][\/vc_section]","protected":false},"author":7,"featured_media":0,"parent":0,"menu_order":61,"comment_status":"closed","ping_status":"closed","template":"","meta":[],"_links":{"self":[{"href":"https:\/\/www.guy-raymond.co.uk\/fr\/wp-json\/wp\/v2\/pages\/4066\/"}],"collection":[{"href":"https:\/\/www.guy-raymond.co.uk\/fr\/wp-json\/wp\/v2\/pages\/"}],"about":[{"href":"https:\/\/www.guy-raymond.co.uk\/fr\/wp-json\/wp\/v2\/types\/page\/"}],"author":[{"embeddable":true,"href":"https:\/\/www.guy-raymond.co.uk\/fr\/wp-json\/wp\/v2\/users\/7\/"}],"replies":[{"embeddable":true,"href":"https:\/\/www.guy-raymond.co.uk\/fr\/wp-json\/wp\/v2\/comments\/?post=4066"}],"version-history":[{"count":20,"href":"https:\/\/www.guy-raymond.co.uk\/fr\/wp-json\/wp\/v2\/pages\/4066\/revisions\/"}],"predecessor-version":[{"id":6819,"href":"https:\/\/www.guy-raymond.co.uk\/fr\/wp-json\/wp\/v2\/pages\/4066\/revisions\/6819\/"}],"wp:attachment":[{"href":"https:\/\/www.guy-raymond.co.uk\/fr\/wp-json\/wp\/v2\/media\/?parent=4066"}],"curies":[{"name":"wp","href":"https:\/\/api.w.org\/{rel}","templated":true}]}}