{"id":4088,"date":"2019-07-23T14:01:28","date_gmt":"2019-07-23T13:01:28","guid":{"rendered":"http:\/\/www.guy-raymond.co.uk\/?page_id=4088"},"modified":"2024-08-07T13:35:01","modified_gmt":"2024-08-07T12:35:01","slug":"capacites","status":"publish","type":"page","link":"https:\/\/www.guy-raymond.co.uk\/fr\/capacites\/","title":{"rendered":"Capacit\u00e9s"},"content":{"rendered":"<p>[vc_section][vc_row][vc_column][vc_column_text]<\/p>\n<h2 style=\"text-align: center;\">La production de Guy-Raymond s\u2019effectue au sein de notre usine moderne situ\u00e9e \u00e0 King&rsquo;s Lynn, dans l&rsquo;est de l&rsquo;Angleterre<\/h2>\n<p style=\"text-align: center;\">Nous disposons d&rsquo;une grande capacit\u00e9 de production sur notre site de 6000\u00a0m\u00b2, et la grande majorit\u00e9 de nos processus sont r\u00e9alis\u00e9s en interne afin de garantir des temps de r\u00e9ponse efficaces, flexibles et fiables et r\u00e9pondre \u00e0 vos besoins et \u00e0 ceux de votre entreprise \u00e0 l&rsquo;\u00e9chelle mondiale.<\/p>\n<p style=\"text-align: center;\">La capacit\u00e9 de production de Guy-Raymond nous permet de produire plusieurs commandes simultan\u00e9ment, depuis des quantit\u00e9s minimales ponctuelles jusqu\u2019aux importants contrats en cours, pour une productivit\u00e9 24 heures sur 24 pendant la semaine de travail. La majeure partie de ces commandes peuvent \u00eatre exp\u00e9di\u00e9es dans des d\u00e9lais tr\u00e8s courts car nous fabriquons plus de\u00a025\u00a0000\u00a0000 de produits par an et poss\u00e9dons de grandes quantit\u00e9s de pi\u00e8ces d\u00e9tach\u00e9es en stock, lesquelles sont pr\u00eates \u00e0 \u00eatre assembl\u00e9es d\u00e8s que nous recevons votre commande.<\/p>\n<p style=\"text-align: center;\">Pour ce faire, les machines et la main d\u2019\u0153uvre suivantes sont n\u00e9cessaires :<\/p>\n<p>[\/vc_column_text][\/vc_column][\/vc_row][vc_row][vc_column el_id=\u00a0\u00bbdesign\u00a0\u00bb][vc_column_text]<\/p>\n<h2 style=\"text-align: center;\">Conception, Recherche et D\u00e9veloppement<\/h2>\n<p>[\/vc_column_text][vc_row_inner][vc_column_inner width=\u00a0\u00bb1\/4&Prime;][vc_single_image image=\u00a0\u00bb530&Prime; img_size=\u00a0\u00bblarge\u00a0\u00bb alignment=\u00a0\u00bbcenter\u00a0\u00bb][\/vc_column_inner][vc_column_inner width=\u00a0\u00bb1\/2&Prime;][vc_column_text]<\/p>\n<p style=\"text-align: justify;\">Notre \u00e9quipe de conception, de recherche et de d\u00e9veloppement utilise des mod\u00e8les CAO (conception assist\u00e9e par ordinateur) compl\u00e9t\u00e9s par le logiciel SolidWorks, ce qui nous procure la flexibilit\u00e9 n\u00e9cessaire en vue d\u2019adapter nos produits aux besoins de nos clients. Nous utilisons \u00e9galement les CFAO (conception et fabrication assist\u00e9es par ordinateur), lesquelles nous permettent de cr\u00e9er des donn\u00e9es FAO directement \u00e0 partir de notre mod\u00e8le informatique de composants 3D. Tous les nouveaux d\u00e9veloppements sont con\u00e7us et test\u00e9s dans notre laboratoire moderne sur site.<\/p>\n<p>[\/vc_column_text][\/vc_column_inner][vc_column_inner width=\u00a0\u00bb1\/4&Prime;][vc_single_image image=\u00a0\u00bb526&Prime; img_size=\u00a0\u00bblarge\u00a0\u00bb alignment=\u00a0\u00bbcenter\u00a0\u00bb][\/vc_column_inner][\/vc_row_inner][\/vc_column][\/vc_row][vc_row][vc_column][vc_column_text]<\/p>\n<h2 style=\"text-align: center;\">Atelier d&rsquo;Outillage<\/h2>\n<p>[\/vc_column_text][vc_row_inner][vc_column_inner width=\u00a0\u00bb1\/4&Prime;][vc_single_image image=\u00a0\u00bb540&Prime; img_size=\u00a0\u00bblarge\u00a0\u00bb alignment=\u00a0\u00bbcenter\u00a0\u00bb][\/vc_column_inner][vc_column_inner width=\u00a0\u00bb1\/2&Prime;][vc_column_text]<\/p>\n<p style=\"text-align: justify;\">Nous disposons d&rsquo;un atelier d&rsquo;outillage interne qui vous profite, car nous entretenons r\u00e9guli\u00e8rement nos outils et moules pour une efficacit\u00e9 optimale et une perturbation minimale de la cha\u00eene de production. Quant aux clients qui ont besoin de produits nouveaux et sur mesure, l&rsquo;atelier travaille en \u00e9troite collaboration avec notre bureau de Conception, Recherche et D\u00e9veloppement, facilitant la communication et acc\u00e9l\u00e9rant le processus de d\u00e9veloppement. En 2018, un tour CNC \u00e0 barres a \u00e9t\u00e9 ajout\u00e9 pour la fabrication de petites s\u00e9ries et de produits sp\u00e9ciaux.<\/p>\n<p>[\/vc_column_text][\/vc_column_inner][vc_column_inner width=\u00a0\u00bb1\/4&Prime;][vc_single_image image=\u00a0\u00bb544&Prime; img_size=\u00a0\u00bblarge\u00a0\u00bb alignment=\u00a0\u00bbcenter\u00a0\u00bb][\/vc_column_inner][\/vc_row_inner][\/vc_column][\/vc_row][vc_row][vc_column][vc_column_text]<\/p>\n<h2 style=\"text-align: center;\">D\u00e9partement de Moulage par Injection<\/h2>\n<p>[\/vc_column_text][vc_row_inner][vc_column_inner width=\u00a0\u00bb1\/4&Prime;][vc_single_image image=\u00a0\u00bb548&Prime; img_size=\u00a0\u00bblarge\u00a0\u00bb alignment=\u00a0\u00bbcenter\u00a0\u00bb][\/vc_column_inner][vc_column_inner width=\u00a0\u00bb1\/2&Prime;][vc_column_text]<\/p>\n<p style=\"text-align: justify;\">23 machines de moulage &#8211; nous permettent de produire des pi\u00e8ces plastiques \u00e0 raison de 1 cycle par 10-60 secondes et des outils multicavit\u00e9s de 1 \u00e0 64 pi\u00e8ces. 10 de ces machines de moulage sont les derni\u00e8res machines de moulage FANUC \u00e9lectriques \u00e0 faible consommation d&rsquo;\u00e9nergie, qui sont \u00e0 m\u00eame d\u2019utiliser moins de 2,3 KW d&rsquo;\u00e9lectricit\u00e9 par heure.<\/p>\n<p>[\/vc_column_text][\/vc_column_inner][vc_column_inner width=\u00a0\u00bb1\/4&Prime;][vc_single_image image=\u00a0\u00bb552&Prime; img_size=\u00a0\u00bblarge\u00a0\u00bb alignment=\u00a0\u00bbcenter\u00a0\u00bb][\/vc_column_inner][\/vc_row_inner][\/vc_column][\/vc_row][vc_row][vc_column][vc_column_text]<\/p>\n<h2 style=\"text-align: center;\">D\u00e9partement de Tournage et de Forgeage<\/h2>\n<p>[\/vc_column_text][vc_row_inner][vc_column_inner width=\u00a0\u00bb1\/4&Prime;][vc_single_image image=\u00a0\u00bb564&Prime; img_size=\u00a0\u00bblarge\u00a0\u00bb alignment=\u00a0\u00bbcenter\u00a0\u00bb][\/vc_column_inner][vc_column_inner width=\u00a0\u00bb1\/2&Prime;][vc_column_text]<\/p>\n<p style=\"text-align: justify;\">16 Tours &#8211; transformation des 400 tonnes de barres d&rsquo;acier que nous achetons chaque ann\u00e9e pour la fabrication d&rsquo;essieux \u00e0 roulettes, de fixations et de tiges pour les v\u00e9rins de r\u00e9glage.<\/p>\n<p style=\"text-align: justify;\">2 machines \u00e0 forger &#8211; elles sont utilis\u00e9es pour fabriquer certaines des fixations de roulettes les plus courantes, \u00e0 une cadence de 3 par seconde.<\/p>\n<p style=\"text-align: justify;\">1 machine d&rsquo;estampage de m\u00e9tal fabrique des platines en acier \u00e0 une cadence de 1 par seconde.<\/p>\n<p>[\/vc_column_text][\/vc_column_inner][vc_column_inner width=\u00a0\u00bb1\/4&Prime;][vc_single_image image=\u00a0\u00bb481&Prime; img_size=\u00a0\u00bblarge\u00a0\u00bb alignment=\u00a0\u00bbcenter\u00a0\u00bb][\/vc_column_inner][\/vc_row_inner][\/vc_column][\/vc_row][vc_row][vc_column][vc_column_text]<\/p>\n<h2 style=\"text-align: center;\">Presse &amp; Assemblage<\/h2>\n<p>[\/vc_column_text][vc_row_inner][vc_column_inner width=\u00a0\u00bb1\/4&Prime;][vc_single_image image=\u00a0\u00bb560&Prime; img_size=\u00a0\u00bblarge\u00a0\u00bb alignment=\u00a0\u00bbcenter\u00a0\u00bb][\/vc_column_inner][vc_column_inner width=\u00a0\u00bb1\/2&Prime;][vc_column_text]<\/p>\n<p style=\"text-align: justify;\">Machines automatiques d&rsquo;assemblage de roulettes : Gr\u00e2ce \u00e0 elles, nous sommes en mesure de produire jusqu&rsquo;\u00e0 50 000 roulettes de 50\u00a0mm par jour de diff\u00e9rentes options.<\/p>\n<p style=\"text-align: justify;\">Machines semi-automatiques : Ces machines sont op\u00e9r\u00e9es par un personnel qualifi\u00e9 et produisent jusqu&rsquo;\u00e0 20 000 roulettes de 65 mm par jour.<\/p>\n<p style=\"text-align: justify;\">Chez Guy-Raymond, nous prenons le contr\u00f4le de la qualit\u00e9 tr\u00e8s au s\u00e9rieux. En plus de nos propres proc\u00e9dures de qualit\u00e9, une grande partie nos produits sont \u00e9galement test\u00e9s \u00e0 l&rsquo;institut LGA en Allemagne.<\/p>\n<p>[\/vc_column_text][\/vc_column_inner][vc_column_inner width=\u00a0\u00bb1\/4&Prime;][vc_single_image image=\u00a0\u00bb556&Prime; img_size=\u00a0\u00bblarge\u00a0\u00bb alignment=\u00a0\u00bbcenter\u00a0\u00bb][\/vc_column_inner][\/vc_row_inner][\/vc_column][\/vc_row][vc_row][vc_column][vc_column_text]<\/p>\n<h3 style=\"text-align: center;\">Pour plus de renseignements, appelez le <a href=\"tel:+441553761401\">+44 (0)1553 761401<\/a><\/h3>\n<p>[\/vc_column_text][\/vc_column][\/vc_row][\/vc_section][vc_section][vc_row][vc_column][vc_column_text]<\/p>\n<h2 style=\"text-align: center;\">\u00c9tudes de cas<\/h2>\n<p>[\/vc_column_text]\n\t\t<div class=\"guyraymond-teaser\">\n\t\t\t<div class=\"swiper-container swiper-teaser\">\n\t\t\t\t<div class=\"swiper-wrapper\">\n\t\t<div class=\"swiper-slide\" style=\"background-image: url(https:\/\/www.guy-raymond.co.uk\/wp-content\/uploads\/2018\/10\/Imno-banner-700x250.jpg)\" data-title=\"Inmoclinc\" data-href=\"https:\/\/www.guy-raymond.co.uk\/fr\/case-study\/inmoclinc\/\"><\/div><div class=\"swiper-slide\" style=\"background-image: url(https:\/\/www.guy-raymond.co.uk\/wp-content\/uploads\/2018\/11\/functions-features1-700x353.jpg)\" data-title=\"BioCote\u00ae\" data-href=\"https:\/\/www.guy-raymond.co.uk\/fr\/case-study\/biocote\/\"><\/div>\n\n\t\t\t\t<\/div>\n\t\t\t<\/div>\n\t\t\n\t\t\t<div class=\"swiper-teaser-nav\">\n\t\t\t\t<div class=\"swiper-teaser-nav-title\">\n\t\t\t\t\t<span data-currenttitle>Inmoclinc<\/span>\n\t\t\t\t<\/div>\n\t\t\t\t<div class=\"swiper-teaser-nav-links\">\n\t\t\t\t\t<span data-currenttease>1 \/ 2<\/span>\n\t\t\t\t\t<div class=\"swiper-button-prev\"><\/div>\n\t\t\t\t\t<div class=\"swiper-button-next\"><\/div>\n\t\t\t\t<\/div>\n\t\t\t\t<div class=\"clear\"><\/div>\n\t\t\t<\/div>\n\t\t\t<div class=\"swiper-teaser-buttons\">\n\t\t\t\t<a class=\"btn btn-primary btn-sm\" href=\"https:\/\/www.guy-raymond.co.uk\/fr\/case-study\/inmoclinc\/\" data-readmore>Read More<\/a>\n\t\t\t\t\t\t<a class=\"btn btn-primary btn-sm\" href=\"\/about-us\/case-studies\/\">All Case Studies<\/a>\n\t\t\t<\/div>\n\t\t\n\t\t\t<script>\n\t\t\t\tif (jQuery(\".swiper-teaser\").length) {\n\t\t\t\t\tvar teaserSwiper = new Swiper(\".swiper-teaser\", {\n\t\t\t\t\t\teffect: \"coverflow\",\n\t\t\t\t\t\t\/\/slidesPerView: 2,\n\t\t\t\t\t\tspaceBetween: 20,\n\t\t\t\t\t\ttouchRatio: 0,\n\t\t\t\t\t\tcoverflowEffect: {\n\t\t\t\t\t\t\trotate: 0,\n\t\t\t\t\t\t\tstretch: 1,\n\t\t\t\t\t\t\tdepth: 0,\n\t\t\t\t\t\t\tmodifier: 1,\n\t\t\t\t\t\t},\n\t\t\t\t\t\tnavigation: {\n\t\t\t\t\t\t\tnextEl: \".swiper-button-next\",\n\t\t\t\t\t\t\tprevEl: \".swiper-button-prev\",\n\t\t\t\t\t\t},\n\t\t\t\t\t});\n\t\t\t\t\tteaserSwiper.on(\"slideChangeTransitionEnd\", function() {\n\t\t\t\t\t\tvar newSlideIndex =  this.activeIndex;\n\t\t\t\t\t\tvar newSlideName = jQuery(this.$el).find(\".swiper-slide-active\").attr(\"data-title\");\n\t\t\t\t\t\tvar newSlideLink = jQuery(this.$el).find(\".swiper-slide-active\").attr(\"data-href\");\n\t\t\t\t\t\tjQuery(this.$el).parent().find(\".swiper-teaser-nav span[data-currenttease]\").text((newSlideIndex + 1) + \" \/ \" + this.slides.length);\n\t\t\t\t\t\tjQuery(this.$el).parent().find(\".swiper-teaser-buttons a[data-readmore]\").attr(\"href\", newSlideLink);\n\t\t\t\t\t\tjQuery(this.$el).parent().find(\".swiper-teaser-nav span[data-currenttitle]\").text(newSlideName);\n\t\t\t\t\t});\n\t\t\t\t}\n\t\t\t<\/script>\n\t\t<\/div>[\/vc_column][\/vc_row][\/vc_section][vc_row][vc_column]\n\t\t<div class=\"guyraymond-slider bg-grey\">\n\t\t\t<script type=\"text\/javascript\">\n\t\t\t\tjQuery(\"#swiper-2f9a9dd3d1ca2e995b50920766386725\").ready(function() {\n\t\t\t\t\tvar swp = new Swiper (\"#swiper-2f9a9dd3d1ca2e995b50920766386725\", {\n\t\t\t\t\t\tloop: true,\n\t\t\t\t\t\teffect: \"slide\",\n\t\t\t\t\t\tautoplay: {\n\t\t\t\t\t\t\tdelay: 4000,\n\t\t\t\t\t\t\tenabled: true,\n\t\t\t\t\t\t},\n\t\t\t\t\t\tspeed: 500,\n\t\t\t\t\t\tnavigation: {\n\t\t\t\t\t\t\tnextEl: \".swiper-button-next\",\n\t\t\t\t\t\t\tprevEl: \".swiper-button-prev\",\n\t\t\t\t\t\t}\n\t\t\t\t\t});\n\t\t\t\t\tswp.update();\n\t\t\t\t});\n\t\t\t<\/script>\n\t\t\n\t\t\t\t<style type=\"text\/css\">\n\t\t\t\t\t@media (min-width: 768px) {\n\t\t\t\t\t\t#swiper-2f9a9dd3d1ca2e995b50920766386725 .swiper-slide {\n\t\t\t\t\t\t\theight:600px!important;\n\t\t\t\t\t\t}\n\t\t\t\t\t}\n\t\t\t\t<\/style>\n\t\t\t\n\t\t\t<div class=\"container\">\n\t\t\t<div class=\"swiper-container\" id=\"swiper-2f9a9dd3d1ca2e995b50920766386725\">\n\t\t\t\t<div class=\"swiper-wrapper\">\n\t\t\n\t\t\t\t\t\t<div class=\"swiper-slide\">\n\t\t\t\t\t\t\t<img src=\"https:\/\/www.guy-raymond.co.uk\/wp-content\/uploads\/2018\/12\/auto-forging.jpg\">\n\t\t\t\t\t\t<\/div>\n\t\t\t\t\n\t\t\t\t\t\t<div class=\"swiper-slide\">\n\t\t\t\t\t\t\t<img src=\"https:\/\/www.guy-raymond.co.uk\/wp-content\/uploads\/2018\/12\/tool-room2.jpg\">\n\t\t\t\t\t\t<\/div>\n\t\t\t\t\n\t\t\t\t\t\t<div class=\"swiper-slide\">\n\t\t\t\t\t\t\t<img src=\"https:\/\/www.guy-raymond.co.uk\/wp-content\/uploads\/2018\/12\/tool-room.jpg\">\n\t\t\t\t\t\t<\/div>\n\t\t\t\t\n\t\t\t\t\t\t<div class=\"swiper-slide\">\n\t\t\t\t\t\t\t<img src=\"https:\/\/www.guy-raymond.co.uk\/wp-content\/uploads\/2018\/12\/RD.jpg\">\n\t\t\t\t\t\t<\/div>\n\t\t\t\t\n\t\t\t\t\t\t<div class=\"swiper-slide\">\n\t\t\t\t\t\t\t<img src=\"https:\/\/www.guy-raymond.co.uk\/wp-content\/uploads\/2018\/12\/injection-mounlding.jpg\">\n\t\t\t\t\t\t<\/div>\n\t\t\t\t\n\t\t\t\t\t\t<div class=\"swiper-slide\">\n\t\t\t\t\t\t\t<img src=\"https:\/\/www.guy-raymond.co.uk\/wp-content\/uploads\/2018\/12\/castors.jpg\">\n\t\t\t\t\t\t<\/div>\n\t\t\t\t\n\t\t\t\t<\/div>\n\t\t\t\t<div class=\"swiper-button-prev\"><\/div>\n\t\t\t\t<div class=\"swiper-button-next\"><\/div>\n\t\t\t<\/div>\n\t\t\t<\/div>\n\t\t<\/div>[\/vc_column][\/vc_row][vc_row][vc_column]\n\t\t<div class=\"guyraymond-slider bg-grey\">\n\t\t\t<script type=\"text\/javascript\">\n\t\t\t\tjQuery(\"#swiper-2f9a9dd3d1ca2e995b50920766386725\").ready(function() {\n\t\t\t\t\tvar swp = new Swiper (\"#swiper-2f9a9dd3d1ca2e995b50920766386725\", {\n\t\t\t\t\t\tloop: true,\n\t\t\t\t\t\teffect: \"slide\",\n\t\t\t\t\t\tautoplay: {\n\t\t\t\t\t\t\tdelay: 4000,\n\t\t\t\t\t\t\tenabled: true,\n\t\t\t\t\t\t},\n\t\t\t\t\t\tspeed: 500,\n\t\t\t\t\t\tnavigation: {\n\t\t\t\t\t\t\tnextEl: \".swiper-button-next\",\n\t\t\t\t\t\t\tprevEl: \".swiper-button-prev\",\n\t\t\t\t\t\t}\n\t\t\t\t\t});\n\t\t\t\t\tswp.update();\n\t\t\t\t});\n\t\t\t<\/script>\n\t\t\n\t\t\t<div class=\"container\">\n\t\t\t<div class=\"swiper-container\" id=\"swiper-2f9a9dd3d1ca2e995b50920766386725\">\n\t\t\t\t<div class=\"swiper-wrapper\">\n\t\t\n\t\t\t\t<\/div>\n\t\t\t\t<div class=\"swiper-button-prev\"><\/div>\n\t\t\t\t<div class=\"swiper-button-next\"><\/div>\n\t\t\t<\/div>\n\t\t\t<\/div>\n\t\t<\/div>[\/vc_column][\/vc_row]<\/p>\n","protected":false},"excerpt":{"rendered":"[vc_section][vc_row][vc_column][vc_column_text] La production de Guy-Raymond s\u2019effectue au sein de notre usine moderne situ\u00e9e \u00e0 King&rsquo;s Lynn, dans l&rsquo;est de l&rsquo;Angleterre Nous disposons d&rsquo;une grande capacit\u00e9 de production sur notre site de 6000\u00a0m\u00b2, et la grande majorit\u00e9 de nos processus sont r\u00e9alis\u00e9s en interne afin de garantir des temps de r\u00e9ponse efficaces, flexibles et fiables et&#8230; <a class=\"view-article\" href=\"https:\/\/www.guy-raymond.co.uk\/fr\/capacites\/\">View Article<\/a>","protected":false},"author":7,"featured_media":0,"parent":0,"menu_order":44,"comment_status":"closed","ping_status":"closed","template":"","meta":[],"_links":{"self":[{"href":"https:\/\/www.guy-raymond.co.uk\/fr\/wp-json\/wp\/v2\/pages\/4088\/"}],"collection":[{"href":"https:\/\/www.guy-raymond.co.uk\/fr\/wp-json\/wp\/v2\/pages\/"}],"about":[{"href":"https:\/\/www.guy-raymond.co.uk\/fr\/wp-json\/wp\/v2\/types\/page\/"}],"author":[{"embeddable":true,"href":"https:\/\/www.guy-raymond.co.uk\/fr\/wp-json\/wp\/v2\/users\/7\/"}],"replies":[{"embeddable":true,"href":"https:\/\/www.guy-raymond.co.uk\/fr\/wp-json\/wp\/v2\/comments\/?post=4088"}],"version-history":[{"count":7,"href":"https:\/\/www.guy-raymond.co.uk\/fr\/wp-json\/wp\/v2\/pages\/4088\/revisions\/"}],"predecessor-version":[{"id":6187,"href":"https:\/\/www.guy-raymond.co.uk\/fr\/wp-json\/wp\/v2\/pages\/4088\/revisions\/6187\/"}],"wp:attachment":[{"href":"https:\/\/www.guy-raymond.co.uk\/fr\/wp-json\/wp\/v2\/media\/?parent=4088"}],"curies":[{"name":"wp","href":"https:\/\/api.w.org\/{rel}","templated":true}]}}