{"id":4112,"date":"2019-07-25T13:42:07","date_gmt":"2019-07-25T12:42:07","guid":{"rendered":"http:\/\/www.guy-raymond.co.uk\/?page_id=4112"},"modified":"2019-08-15T14:37:43","modified_gmt":"2019-08-15T13:37:43","slug":"accessibilite","status":"publish","type":"page","link":"https:\/\/www.guy-raymond.co.uk\/fr\/accessibilite\/","title":{"rendered":"Accessibilit\u00e9"},"content":{"rendered":"<p>[vc_section][vc_row][vc_column][vc_column_text]Faire en sorte que tout le monde puisse acc\u00e9der pleinement \u00e0 notre site Web est notre priorit\u00e9. Nous nous sommes efforc\u00e9s de faire en sorte que le site soit accessible \u00e0 tous et nous vous invitons \u00e0 nous faire part de vos commentaires \u00e0 ce sujet en t\u00e9l\u00e9phonant au <a href=\"tel:+441553761401\">+44 (0)1553 761401<\/a>.<\/p>\n<p>Nous avons con\u00e7u le pr\u00e9sent site Web en tenant compte des lignes directrices de la loi britannique sur la discrimination \u00e0 l&rsquo;\u00e9gard des personnes handicap\u00e9es (Disability Discrimination Act) et avons rendu le site conforme au W3C. W3C est un service de validation de site Web qui aide la cr\u00e9ation de site Web en supprimant toutes les erreurs, les fautes de frappe ou les utilisations incorrectes du codage, de sorte qu&rsquo;il n&rsquo;y ait aucun probl\u00e8me d&rsquo;utilisabilit\u00e9.<\/p>\n<p>Toutes les pages de ce site ont pass\u00e9 avec succ\u00e8s les tests de validation du W3C pour\u00a0<a title=\"HTML5 Powered\" href=\"http:\/\/validator.w3.org\/check?uri=https:\/\/guy-raymond.co.uk\" target=\"_blank\" rel=\"noopener\">HTML5<\/a>\u00a0avec style\u00a0<a title=\"CSS3\" href=\"http:\/\/jigsaw.w3.org\/css-validator\/validator?uri=https:\/\/guy-raymond.co.uk\" target=\"blank\">CSS3<\/a>\u00a0et graphiques, 3D et effets sp\u00e9ciaux :<\/p>\n<p><a href=\"http:\/\/validator.w3.org\/check?uri=https:\/\/guy-raymond.co.uk\" target=\"_blank\" rel=\"noopener\"><img decoding=\"async\" loading=\"lazy\" title=\"HTML5 Powered with CSS3 \/ Styling, and Graphics, 3D &amp; Effects\" src=\"http:\/\/www.w3.org\/html\/logo\/badge\/html5-badge-h-css3-graphics.png\" alt=\"HTML5 Powered with CSS3 \/ Styling, and Graphics, 3D &amp; Effects\" width=\"129\" height=\"50\" \/><\/a>\u00a0<a href=\"http:\/\/jigsaw.w3.org\/css-validator\/validator?uri=http:\/\/www.guy-raymond.co.uk\/\" target=\"_blank\" rel=\"noopener\"><img decoding=\"async\" loading=\"lazy\" title=\"Valid CSS3\" src=\"\/wp-content\/uploads\/2018\/11\/vcss.gif\" alt=\"Valid CSS3\" width=\"88\" height=\"31\" \/><\/a><\/p>\n<p>Nous avons&#8230;<\/p>\n<ul>\n<li>\u00e9vit\u00e9 l&rsquo;utilisation de cadres que les lecteurs de texte et les navigateurs sp\u00e9ciaux peinent \u00e0 interpr\u00e9ter<\/li>\n<li>utilis\u00e9 une police de caract\u00e8res s\u00e9curis\u00e9e afin de rendre le texte facile \u00e0 lire<\/li>\n<li>utilis\u00e9 du texte alternatif pour toutes les images afin de fournir une description utile<\/li>\n<li>utilis\u00e9 un agencement de couleurs clair<\/li>\n<\/ul>\n<p>Si vous souhaitez modifier la fa\u00e7on dont vous visualisez le site Web, par exemple la taille du texte ou la couleur des hyperliens, vous devez modifier les param\u00e8tres de votre navigateur. Pour obtenir des instructions, \u00a0<a href=\"http:\/\/www.w3.org\/WAI\/changedesign.html\" target=\"_blank\" rel=\"noopener\">veuillez visiter le site Web du W3C en cliquant ici<\/a>.[\/vc_column_text][\/vc_column][\/vc_row][\/vc_section]<\/p>\n","protected":false},"excerpt":{"rendered":"[vc_section][vc_row][vc_column][vc_column_text]Faire en sorte que tout le monde puisse acc\u00e9der pleinement \u00e0 notre site Web est notre priorit\u00e9. Nous nous sommes efforc\u00e9s de faire en sorte que le site soit accessible \u00e0 tous et nous vous invitons \u00e0 nous faire part de vos commentaires \u00e0 ce sujet en t\u00e9l\u00e9phonant au +44 (0)1553 761401. Nous avons con\u00e7u&#8230; <a class=\"view-article\" href=\"https:\/\/www.guy-raymond.co.uk\/fr\/accessibilite\/\">View Article<\/a>","protected":false},"author":7,"featured_media":0,"parent":0,"menu_order":42,"comment_status":"closed","ping_status":"closed","template":"","meta":[],"_links":{"self":[{"href":"https:\/\/www.guy-raymond.co.uk\/fr\/wp-json\/wp\/v2\/pages\/4112\/"}],"collection":[{"href":"https:\/\/www.guy-raymond.co.uk\/fr\/wp-json\/wp\/v2\/pages\/"}],"about":[{"href":"https:\/\/www.guy-raymond.co.uk\/fr\/wp-json\/wp\/v2\/types\/page\/"}],"author":[{"embeddable":true,"href":"https:\/\/www.guy-raymond.co.uk\/fr\/wp-json\/wp\/v2\/users\/7\/"}],"replies":[{"embeddable":true,"href":"https:\/\/www.guy-raymond.co.uk\/fr\/wp-json\/wp\/v2\/comments\/?post=4112"}],"version-history":[{"count":4,"href":"https:\/\/www.guy-raymond.co.uk\/fr\/wp-json\/wp\/v2\/pages\/4112\/revisions\/"}],"predecessor-version":[{"id":4232,"href":"https:\/\/www.guy-raymond.co.uk\/fr\/wp-json\/wp\/v2\/pages\/4112\/revisions\/4232\/"}],"wp:attachment":[{"href":"https:\/\/www.guy-raymond.co.uk\/fr\/wp-json\/wp\/v2\/media\/?parent=4112"}],"curies":[{"name":"wp","href":"https:\/\/api.w.org\/{rel}","templated":true}]}}