{"id":4180,"date":"2019-08-06T10:49:04","date_gmt":"2019-08-06T09:49:04","guid":{"rendered":"http:\/\/www.guy-raymond.co.uk\/?page_id=4180"},"modified":"2025-01-07T10:47:27","modified_gmt":"2025-01-07T10:47:27","slug":"daccueil","status":"publish","type":"page","link":"https:\/\/www.guy-raymond.co.uk\/fr\/","title":{"rendered":"ACCUEIL"},"content":{"rendered":"<p>[vc_section][vc_row][vc_column][vc_column_text]<\/p>\r\n<h2 style=\"text-align: center;\"><a href=\"https:\/\/exhibition.guy-raymond.co.uk\/\">Salon virtuel 2024<\/a><\/h2>\r\n<p style=\"text-align: center;\">Explorez notre salon virtuel pour d\u00e9couvrir nos derniers produits pour le secteur medical.\u00a0 Cliquez sur le bouton pour en savoir plus.<\/p>\r\n<p style=\"text-align: center;\"><a class=\"btn btn-primary mx-auto\" href=\"https:\/\/exhibition.guy-raymond.co.uk\/\">Acc\u00e9der au salon virtuel<\/a><\/p>\r\n<p>[\/vc_column_text][\/vc_column][\/vc_row][vc_row][vc_column][vc_column_text]<\/p>\r\n\r\n<h2 style=\"text-align: center;\">Plus de 70 ans d&rsquo;exp\u00e9rience dans la conception,<br \/>la fabrication et le service client.<\/h2>\r\n<p style=\"text-align: center;\">Si vous \u00eates \u00e0 la recherche d&rsquo;un fabricant fiable, rapide et de haute qualit\u00e9 pour vos roulettes et composants (y compris les applications de bureau, m\u00e9dicales, d&rsquo;am\u00e9nagement de magasin et \u00e9ducatives), vous avez besoin de Guy-Raymond. Avec plus de 20 000 000 d&rsquo;articles exp\u00e9di\u00e9s chaque ann\u00e9e, nous sommes fiers de nos 70 ans d&rsquo;exp\u00e9rience et de service client d\u2019exception, de tests de durabilit\u00e9 complets, d&rsquo;exp\u00e9dition et de livraison rapides (sous 1 \u00e0 2 jours au Royaume-Uni ou 14 jours dans le reste du monde).<\/p>\r\n<p style=\"text-align: center;\"><a class=\"btn btn-primary mx-auto\" href=\"http:\/\/www.guy-raymond.co.uk\/fr\/product-industry\/tous-les-produits\/\">Consulter nos produits <\/a><\/p>\r\n<p>[\/vc_column_text][\/vc_column][\/vc_row][\/vc_section][vc_row el_id=\u00a0\u00bbhome-capabilities\u00a0\u00bb css=\u00a0\u00bb.vc_custom_1547042051119{background-image: url(http:\/\/www.guy-raymond.co.uk\/wp-content\/uploads\/2019\/01\/10-Fanuc-Injection-Moulding-Machines.jpg?id=3634) !important;}\u00a0\u00bb][vc_column css=\u00a0\u00bb.vc_custom_1539206570060{padding-top: 8rem !important;padding-bottom: 4rem !important;}\u00a0\u00bb][vc_column_text]<\/p>\r\n<p style=\"text-align: center;\"><a class=\"btn btn-primary btn-lg\" style=\"width: 400px; max-width: 100%;\" href=\"http:\/\/www.guy-raymond.co.uk\/fr\/capacites\/\">Capacit\u00e9s<\/a><\/p>\r\n<p>[\/vc_column_text][\/vc_column][\/vc_row][vc_section][vc_row][vc_column][vc_column_text]<\/p>\r\n<h2 style=\"text-align: center;\">D\u00e9couvrez notre \u00e9quipe de vente<\/h2>\r\n<p>[\/vc_column_text][vc_row_inner][vc_column_inner width=\u00a0\u00bb1\/2&Prime;][vc_single_image image=\u00a0\u00bb5521&Prime; img_size=\u00a0\u00bblarge\u00a0\u00bb alignment=\u00a0\u00bbcenter\u00a0\u00bb][\/vc_column_inner][vc_column_inner width=\u00a0\u00bb1\/2&Prime;][vc_single_image image=\u00a0\u00bb5526&Prime; img_size=\u00a0\u00bblarge\u00a0\u00bb alignment=\u00a0\u00bbcenter\u00a0\u00bb][\/vc_column_inner][\/vc_row_inner][\/vc_column][\/vc_row][vc_row][vc_column][vc_column_text]<\/p>\r\n<p style=\"text-align: center;\"><span class=\"text-primary\">Tel:\u00a0<a href=\"tel:+441553761401\">+44 (0)1553 761401<\/a><br \/>Email:\u00a0<a href=\"mailto:info@guy-raymond.co.uk\">info@guy-raymond.co.uk<\/a><\/span><\/p>\r\n<p>[\/vc_column_text][\/vc_column][\/vc_row][\/vc_section][vc_section][vc_row][vc_column][vc_column_text]<\/p>\r\n<h2 style=\"text-align: center;\">Un service personnalis\u00e9 avec votre propre gestionnaire de compte<\/h2>\r\n<p style=\"text-align: center;\">Votre satisfaction est notre priorit\u00e9 absolue, et nos \u00e9quipes sont toujours \u00e0 votre disposition pour vous conseiller et garantir le bon traitement de votre commande. <a href=\"http:\/\/www.guy-raymond.co.uk\/fr\/a-propos-de-nous\/decouvrez-notre-equipe\/\">Un gestionnaire de compte client<\/a> vous sera attribu\u00e9, lequel apprendra \u00e0 vous conna\u00eetre et \u00e0 identifier vos besoins commerciaux afin de rendre la communication simple et efficace.<\/p>\r\n<p>[\/vc_column_text][\/vc_column][\/vc_row][\/vc_section][vc_section][vc_row css=\u00a0\u00bb.vc_custom_1539207079119{padding-top: 2rem !important;padding-bottom: 2rem !important;}\u00a0\u00bb][vc_column width=\u00a0\u00bb1\/2&Prime;][vc_column_text]<\/p>\r\n<h2 style=\"text-align: center;\">Production en interne de composants de haute qualit\u00e9<\/h2>\r\n<p style=\"text-align: center;\">Tous les produits de qualit\u00e9 de Guy-Raymond sont fabriqu\u00e9s selon la norme ISO 9001. Par ailleurs, l&rsquo;entreprise est \u00e9galement certifi\u00e9e ISO 14001 et les roulettes r\u00e9pondent aux normes europ\u00e9ennes correspondantes, telles que les normes EN12529, EN12528 et EN12530. Notre usine dispose d&rsquo;un <a href=\"http:\/\/www.guy-raymond.co.uk\/fr\/capacites\/\">bureau de conception, recherche et d\u00e9veloppement<\/a>, d&rsquo;un atelier d&rsquo;outillage, d&rsquo;un atelier de tournage et forgeage, d&rsquo;un atelier de moulage par injection et d&rsquo;assemblage, ce qui nous permet de maintenir les plus hauts standards depuis le d\u00e9veloppement de votre concept initial jusqu&rsquo;\u00e0 la r\u00e9alisation et la livraison du produit.<\/p>\r\n<p>[\/vc_column_text][\/vc_column][vc_column width=\u00a0\u00bb1\/2&Prime;][vc_single_image image=\u00a0\u00bb512&Prime; img_size=\u00a0\u00bblarge\u00a0\u00bb alignment=\u00a0\u00bbcenter\u00a0\u00bb][\/vc_column][\/vc_row][\/vc_section][vc_section][vc_row][vc_column][vc_column_text]<\/p>\r\n<h2 style=\"text-align: center;\">70 ans de conception et de fabrication de composants de haute qualit\u00e9 au Royaume-Uni<\/h2>\r\n<p style=\"text-align: center;\">Depuis nos modestes premiers pas dans une boulangerie d\u00e9saffect\u00e9e de Londres en 1948, nous sommes tr\u00e8s fiers d&rsquo;\u00eatre devenus l&rsquo;un des principaux fabricants europ\u00e9ens de roulettes doubles et de composants. Fid\u00e8les \u00e0 nos valeurs familiales, depuis nos premi\u00e8res cr\u00e9ations, nous nous sommes constamment d\u00e9velopp\u00e9s pour fabriquer une gamme de produits innovants de haute qualit\u00e9, y compris une large gamme de roulettes pour les industries m\u00e9dicales, du mobilier de bureau et d\u2019\u00e9cole, ainsi qu\u2019une vaste s\u00e9lection d&rsquo;options de personnalisation qui ne transigent ni sur la qualit\u00e9, ni les normes de service. Si vous souhaitez plus d&rsquo;informations sur nos diff\u00e9rents syst\u00e8mes de freinage et les options de personnalisation, veuillez consulter notre page <a href=\"https:\/\/www.guy-raymond.co.uk\/functions-features\/\">Fonctions et des caract\u00e9ristiques<\/a>.<\/p>\r\n<p>[\/vc_column_text][\/vc_column][\/vc_row][\/vc_section][vc_section][vc_row][vc_column width=\u00a0\u00bb1\/2&Prime;][vc_column_text]<\/p>\r\n<h2 style=\"text-align: center;\">Un service client exceptionnel dans le monde entier<\/h2>\r\n<p style=\"text-align: center;\">Op\u00e9rant \u00e0 partir d&rsquo;une usine de fabrication ultramoderne de 6000 m\u00b2 \u00e0 King&rsquo;s Lynn dans le Norfolk, et disposant <a href=\"http:\/\/www.guy-raymond.co.uk\/fr\/contactez-nous\/agents-et-distributeurs\/\">d\u2019agents et de distributeurs locaux<\/a> dans de nombreux pays, nous livrons dans plus de 40 pays aux quatre coins du monde.<\/p>\r\n<p style=\"text-align: center;\">Nous poss\u00e9dons une \u00e9quipe solide comptant plus de 75 membres, dont plusieurs travaillent chez nous depuis plus de 25 ans, tous engag\u00e9s \u00e0 fabriquer vos produits selon les normes les plus \u00e9lev\u00e9es. Les membres de notre personnel ne sont pas les seuls \u00e0 vouloir rester : 97 % de nos clients reviennent aussi constamment vers nous.<\/p>\r\n<p style=\"text-align: center;\">Pour en savoir plus, prenez contact avec l&rsquo;un de nos <a href=\"http:\/\/www.guy-raymond.co.uk\/fr\/a-propos-de-nous\/decouvrez-notre-equipe\/\">employ\u00e9s comp\u00e9tents<\/a> pour discuter de ce que nous pouvons vous offrir, \u00e0 vous et \u00e0 votre entreprise.<\/p>\r\n<p>[\/vc_column_text][\/vc_column][vc_column width=\u00a0\u00bb1\/2&Prime;][vc_column_text]<\/p>\r\n<h2 style=\"text-align: center;\">Enqu\u00eate en ligne<\/h2>\r\n<p>[\/vc_column_text]\n<div class=\"wpcf7 no-js\" id=\"wpcf7-f4191-o1\" lang=\"en-US\" dir=\"ltr\">\n<div class=\"screen-reader-response\"><p role=\"status\" aria-live=\"polite\" aria-atomic=\"true\"><\/p> <ul><\/ul><\/div>\n<form action=\"\/fr\/wp-json\/wp\/v2\/pages\/4180\/#wpcf7-f4191-o1\" method=\"post\" class=\"wpcf7-form init\" aria-label=\"Contact form\" novalidate=\"novalidate\" data-status=\"init\">\n<div style=\"display: none;\">\n<input type=\"hidden\" name=\"_wpcf7\" value=\"4191\" \/>\n<input type=\"hidden\" name=\"_wpcf7_version\" value=\"5.7.3\" \/>\n<input type=\"hidden\" name=\"_wpcf7_locale\" value=\"en_US\" \/>\n<input type=\"hidden\" name=\"_wpcf7_unit_tag\" value=\"wpcf7-f4191-o1\" \/>\n<input type=\"hidden\" name=\"_wpcf7_container_post\" value=\"0\" \/>\n<input type=\"hidden\" name=\"_wpcf7_posted_data_hash\" value=\"\" \/>\n<\/div>\n<div class=\"wpcf7-response-output\" aria-hidden=\"true\"><\/div>\n<p><span class=\"wpcf7-form-control-wrap\" data-name=\"company-name\"><input size=\"40\" class=\"wpcf7-form-control wpcf7-text\" aria-invalid=\"false\" placeholder=\"Nom de l\u2019entreprise\" value=\"\" type=\"text\" name=\"company-name\" \/><\/span>\n<\/p>\n<p><span class=\"wpcf7-form-control-wrap\" data-name=\"your-name\"><input size=\"40\" class=\"wpcf7-form-control wpcf7-text wpcf7-validates-as-required\" aria-required=\"true\" aria-invalid=\"false\" placeholder=\"Votre nom*\" value=\"\" type=\"text\" name=\"your-name\" \/><\/span>\n<\/p>\n<p><span class=\"wpcf7-form-control-wrap\" data-name=\"your-email\"><input size=\"40\" class=\"wpcf7-form-control wpcf7-text wpcf7-email wpcf7-validates-as-required wpcf7-validates-as-email\" aria-required=\"true\" aria-invalid=\"false\" placeholder=\"Votre adresse \u00e9lectronique*\" value=\"\" type=\"email\" name=\"your-email\" \/><\/span>\n<\/p>\n<p><span class=\"wpcf7-form-control-wrap\" data-name=\"phone\"><input size=\"40\" class=\"wpcf7-form-control wpcf7-text wpcf7-tel wpcf7-validates-as-required wpcf7-validates-as-tel\" aria-required=\"true\" aria-invalid=\"false\" placeholder=\"T\u00e9l\u00e9phone*\" value=\"\" type=\"tel\" name=\"phone\" \/><\/span>\n<\/p>\n<p><span class=\"wpcf7-form-control-wrap\" data-name=\"your-message\"><input size=\"40\" class=\"wpcf7-form-control wpcf7-text\" aria-invalid=\"false\" placeholder=\"Message\" value=\"\" type=\"text\" name=\"your-message\" \/><\/span>\n<\/p>\n<p><label>\u00cates-vous d\u2019accord que nous vous contactions?<\/label><span class=\"wpcf7-form-control-wrap\" data-name=\"happy_to_contact_you\"><span class=\"wpcf7-form-control wpcf7-radio\"><span class=\"wpcf7-list-item first\"><input type=\"radio\" name=\"happy_to_contact_you\" value=\"OUI\" tabindex=\"\" \/><span class=\"wpcf7-list-item-label\">OUI<\/span><\/span><span class=\"wpcf7-list-item last\"><input type=\"radio\" name=\"happy_to_contact_you\" value=\"NON\" tabindex=\"\" \/><span class=\"wpcf7-list-item-label\">NON<\/span><\/span><\/span><\/span>\n<\/p>\n<p><input class=\"wpcf7-form-control has-spinner wpcf7-submit btn btn-primary\" type=\"submit\" value=\"ENVOYER LA DEMANDE\" \/>\n<\/p>\n<\/form>\n<\/div>\n[vc_column_text]<\/p>\r\n<p class=\"tosline text-center\">Toutes les informations fournies seront trait\u00e9es en toute confidentialit\u00e9. Pour plus de renseignements, veuillez lire nos conditions et notre <a href=\"http:\/\/www.guy-raymond.co.uk\/fr\/politique-de-confidentialite\/\">politique de confidentialit\u00e9.<\/a><\/p>\r\n<p>[\/vc_column_text][\/vc_column][\/vc_row][\/vc_section][vc_section][vc_row][vc_column][vc_column_text]<\/p>\r\n<h2 style=\"text-align: center;\">Blog<\/h2>\r\n<p>[\/vc_column_text]\n\t\t<div class=\"guyraymond-teaser\">\n\t\t\t<div class=\"swiper-container swiper-teaser\">\n\t\t\t\t<div class=\"swiper-wrapper\">\n\t\t<div class=\"swiper-slide\" style=\"background-image: url(https:\/\/www.guy-raymond.co.uk\/wp-content\/uploads\/2025\/09\/lightened-3-700x281.jpg)\" data-title=\"Keeping the wheels rolling...\" data-href=\"https:\/\/www.guy-raymond.co.uk\/fr\/keeping-the-wheels-rolling\/\"><\/div><div class=\"swiper-slide\" style=\"background-image: url(https:\/\/www.guy-raymond.co.uk\/wp-content\/uploads\/2025\/08\/adjuster-banner-3-700x175.png)\" data-title=\"Small adjustments, big benefits\" data-href=\"https:\/\/www.guy-raymond.co.uk\/fr\/small-adjustments-big-benefits\/\"><\/div><div class=\"swiper-slide\" style=\"background-image: url(https:\/\/www.guy-raymond.co.uk\/wp-content\/uploads\/2025\/08\/Untitled-design-38-700x175.png)\" data-title=\"Meet the next generation of directors at Guy-Raymond\" data-href=\"https:\/\/www.guy-raymond.co.uk\/fr\/meet-the-next-generation-of-directors-at-guy-raymond\/\"><\/div><div class=\"swiper-slide\" style=\"background-image: url(https:\/\/www.guy-raymond.co.uk\/wp-content\/uploads\/2025\/06\/Untitled-design-30-1-700x175.png)\" data-title=\"New granulator reduces energy used by in-house recycling\" data-href=\"https:\/\/www.guy-raymond.co.uk\/fr\/new-granulator-reduces-energy-used-by-in-house-recycling-2\/\"><\/div><div class=\"swiper-slide\" style=\"background-image: url(https:\/\/www.guy-raymond.co.uk\/wp-content\/uploads\/2025\/05\/Untitled-design-32-700x175.png)\" data-title=\"Stainless steel and brass castors for challenging conditions\" data-href=\"https:\/\/www.guy-raymond.co.uk\/fr\/stainless-steel-and-brass-castors-for-challenging-conditions\/\"><\/div>\n\n\t\t\t\t<\/div>\n\t\t\t<\/div>\n\t\t\n\t\t\t<div class=\"swiper-teaser-nav\">\n\t\t\t\t<div class=\"swiper-teaser-nav-title\">\n\t\t\t\t\t<span data-currenttitle>Keeping the wheels rolling...<\/span>\n\t\t\t\t<\/div>\n\t\t\t\t<div class=\"swiper-teaser-nav-links\">\n\t\t\t\t\t<span data-currenttease>1 \/ 5<\/span>\n\t\t\t\t\t<div class=\"swiper-button-prev\"><\/div>\n\t\t\t\t\t<div class=\"swiper-button-next\"><\/div>\n\t\t\t\t<\/div>\n\t\t\t\t<div class=\"clear\"><\/div>\n\t\t\t<\/div>\n\t\t\t<div class=\"swiper-teaser-buttons\">\n\t\t\t\t<a class=\"btn btn-primary btn-sm\" href=\"https:\/\/www.guy-raymond.co.uk\/fr\/keeping-the-wheels-rolling\/\" data-readmore>Read More<\/a>\n\t\t\t\t\t\t<a class=\"btn btn-primary btn-sm\" href=\"https:\/\/www.guy-raymond.co.uk\/fr\/blog\/\">All Blog Posts<\/a>\n\t\t\t<\/div>\n\t\t\n\t\t\t<script>\n\t\t\t\tif (jQuery(\".swiper-teaser\").length) {\n\t\t\t\t\tvar teaserSwiper = new Swiper(\".swiper-teaser\", {\n\t\t\t\t\t\teffect: \"coverflow\",\n\t\t\t\t\t\t\/\/slidesPerView: 2,\n\t\t\t\t\t\tspaceBetween: 20,\n\t\t\t\t\t\ttouchRatio: 0,\n\t\t\t\t\t\tcoverflowEffect: {\n\t\t\t\t\t\t\trotate: 0,\n\t\t\t\t\t\t\tstretch: 1,\n\t\t\t\t\t\t\tdepth: 0,\n\t\t\t\t\t\t\tmodifier: 1,\n\t\t\t\t\t\t},\n\t\t\t\t\t\tnavigation: {\n\t\t\t\t\t\t\tnextEl: \".swiper-button-next\",\n\t\t\t\t\t\t\tprevEl: \".swiper-button-prev\",\n\t\t\t\t\t\t},\n\t\t\t\t\t});\n\t\t\t\t\tteaserSwiper.on(\"slideChangeTransitionEnd\", function() {\n\t\t\t\t\t\tvar newSlideIndex =  this.activeIndex;\n\t\t\t\t\t\tvar newSlideName = jQuery(this.$el).find(\".swiper-slide-active\").attr(\"data-title\");\n\t\t\t\t\t\tvar newSlideLink = jQuery(this.$el).find(\".swiper-slide-active\").attr(\"data-href\");\n\t\t\t\t\t\tjQuery(this.$el).parent().find(\".swiper-teaser-nav span[data-currenttease]\").text((newSlideIndex + 1) + \" \/ \" + this.slides.length);\n\t\t\t\t\t\tjQuery(this.$el).parent().find(\".swiper-teaser-buttons a[data-readmore]\").attr(\"href\", newSlideLink);\n\t\t\t\t\t\tjQuery(this.$el).parent().find(\".swiper-teaser-nav span[data-currenttitle]\").text(newSlideName);\n\t\t\t\t\t});\n\t\t\t\t}\n\t\t\t<\/script>\n\t\t<\/div>[\/vc_column][\/vc_row][\/vc_section]<\/p>","protected":false},"excerpt":{"rendered":"[vc_section][vc_row][vc_column][vc_column_text] Salon virtuel 2024 Explorez notre salon virtuel pour d\u00e9couvrir nos derniers produits pour le secteur medical.\u00a0 Cliquez sur le bouton pour en savoir plus. Acc\u00e9der au salon virtuel [\/vc_column_text][\/vc_column][\/vc_row][vc_row][vc_column][vc_column_text] Plus de 70 ans d&rsquo;exp\u00e9rience dans la conception,la fabrication et le service client. Si vous \u00eates \u00e0 la recherche d&rsquo;un fabricant fiable, rapide et de&#8230; <a class=\"view-article\" href=\"https:\/\/www.guy-raymond.co.uk\/fr\/\">View Article<\/a>","protected":false},"author":7,"featured_media":0,"parent":0,"menu_order":63,"comment_status":"closed","ping_status":"closed","template":"","meta":[],"_links":{"self":[{"href":"https:\/\/www.guy-raymond.co.uk\/fr\/wp-json\/wp\/v2\/pages\/4180\/"}],"collection":[{"href":"https:\/\/www.guy-raymond.co.uk\/fr\/wp-json\/wp\/v2\/pages\/"}],"about":[{"href":"https:\/\/www.guy-raymond.co.uk\/fr\/wp-json\/wp\/v2\/types\/page\/"}],"author":[{"embeddable":true,"href":"https:\/\/www.guy-raymond.co.uk\/fr\/wp-json\/wp\/v2\/users\/7\/"}],"replies":[{"embeddable":true,"href":"https:\/\/www.guy-raymond.co.uk\/fr\/wp-json\/wp\/v2\/comments\/?post=4180"}],"version-history":[{"count":38,"href":"https:\/\/www.guy-raymond.co.uk\/fr\/wp-json\/wp\/v2\/pages\/4180\/revisions\/"}],"predecessor-version":[{"id":6958,"href":"https:\/\/www.guy-raymond.co.uk\/fr\/wp-json\/wp\/v2\/pages\/4180\/revisions\/6958\/"}],"wp:attachment":[{"href":"https:\/\/www.guy-raymond.co.uk\/fr\/wp-json\/wp\/v2\/media\/?parent=4180"}],"curies":[{"name":"wp","href":"https:\/\/api.w.org\/{rel}","templated":true}]}}