{"id":8264,"date":"2025-02-17T20:04:28","date_gmt":"2025-02-17T20:04:28","guid":{"rendered":"https:\/\/www.guy-raymond.co.uk\/a-propos-de-nous\/sustainability-2\/"},"modified":"2025-10-28T12:01:04","modified_gmt":"2025-10-28T12:01:04","slug":"sustainability-2","status":"publish","type":"page","link":"https:\/\/www.guy-raymond.co.uk\/fr\/a-propos-de-nous\/sustainability-2\/","title":{"rendered":"Durabilit\u00e9"},"content":{"rendered":"<p>[vc_section][vc_row][vc_column][vc_column_text]<\/p>\n<h2 style=\"text-align: center;\">Durabilit\u00e9<\/h2>\n<p style=\"text-align: center;\">Depuis plus d\u2019une d\u00e9cennie, Guy-Raymond se concentre sur la r\u00e9duction de sa consommation d\u2019\u00e9nergie et de son empreinte carbone et sur une am\u00e9lioration de sa durabilit\u00e9. Nous travaillons actuellement sur une mesure compl\u00e8te de notre bilan carbone, et nous installerons des panneaux solaires dans un futur proche.<\/p>\n<p style=\"text-align: center;\">Veuillez d\u00e9couvrir ci-dessous les d\u00e9marches positives mises en oeuvre par Guy-Raymond jusqu\u2019ici :<\/p>\n<p>[\/vc_column_text][\/vc_column][\/vc_row][vc_row][vc_column]<div class=\"guyraymond-timeline\"><div class=\"timeline\">\n\t\t\t\t\t<div class=\"row no-gutters justify-content-end justify-content-md-around align-items-start timeline-nodes scroll-rv\">\n\t\t\t\t\t\t<span class=\"timeline-line hidden\"><\/span>\n\t\t\t\t\t\t<div class=\"col-10 col-md-5 order-3 order-md-1 timeline-content\">\n\t\t\t\t\t\t\t<div class=\"timeline-row row row-eq-height\">\n\t\t\t\t\t\t\t\t<div class=\"col col-sm-6 col-md-7 order-2\">\n\t\t\t\t\t\t\t\t\t<h3>2025<\/h3>\n\t\t\t\t\t\t\t\t\t<p>Installation d'un nouveau broyeur avec une consommation d'\u00e9lectricit\u00e9 inf\u00e9rieure d'environ 50%  \u00e0 celui qu'il remplace<\/p>\n\t\t\t\t\t\t\t\t<\/div>\n\t\t\t\t\t\t\t\t<div class=\"timeline-img col col-sm-6 col-md-5\">\n\t\t\t\t\t\t\t\t\t<div class=\"compat_image_container\">\n\t\t\t\t\t\t\t\t\t\t<img src=\"https:\/\/www.guy-raymond.co.uk\/wp-content\/uploads\/2025\/06\/Piovan-new-CMG-granulator-5.jpg\" class=\"img-fluid\" alt=\"img\">\n\t\t\t\t\t\t\t\t\t<\/div>\n\t\t\t\t\t\t\t\t<\/div>\n\t\t\t\t\t\t\t<\/div>\n\t\t\t\t\t\t<\/div>\n\t\t\t\t\t\t<div class=\"col-2 col-sm-1 px-md-3 order-2 timeline-dot text-md-center\">\n\t\t\t\t\t\t\t<!-- the dot -->\n\t\t\t\t\t\t<\/div>\n\t\t\t\t\t\t<div class=\"col-10 col-md-5 order-1 order-md-3 py-3 timeline-date\"><\/div>\n\t\t\t\t\t<\/div>\n\t\t\t\n\t\t\t\t\t<div class=\"row no-gutters justify-content-end justify-content-md-around align-items-start timeline-nodes scroll-rv\">\n\t\t\t\t\t\t<span class=\"timeline-line hidden\"><\/span>\n\t\t\t\t\t\t<div class=\"col-10 col-md-5 order-3 order-md-1 timeline-content\">\n\t\t\t\t\t\t\t<div class=\"timeline-row row row-eq-height\">\n\t\t\t\t\t\t\t\t<div class=\"col col-sm-6 col-md-7 order-2\">\n\t\t\t\t\t\t\t\t\t<h3>2024<\/h3>\n\t\t\t\t\t\t\t\t\t<p>Le champ de fleurs derri\u00e8re l\u2019usine est agrandi et fait partie du projet Bee-Lines Bee Superhighway ayant pour but la protection d\u2019habitats pour les abeilles.<\/p>\n\t\t\t\t\t\t\t\t<\/div>\n\t\t\t\t\t\t\t\t<div class=\"timeline-img col col-sm-6 col-md-5\">\n\t\t\t\t\t\t\t\t\t<div class=\"compat_image_container\">\n\t\t\t\t\t\t\t\t\t\t<img src=\"https:\/\/www.guy-raymond.co.uk\/wp-content\/uploads\/2024\/08\/B-Lines-aims-to-create-and-restore-at-least-150000-hectares-of-flower-rich-habitat-across-the-UK.-Making-this-happen-will-take-time-and-will-need-farmers-land-owners-wildlife-organisations-bus-1.png\" class=\"img-fluid\" alt=\"img\">\n\t\t\t\t\t\t\t\t\t<\/div>\n\t\t\t\t\t\t\t\t<\/div>\n\t\t\t\t\t\t\t<\/div>\n\t\t\t\t\t\t<\/div>\n\t\t\t\t\t\t<div class=\"col-2 col-sm-1 px-md-3 order-2 timeline-dot text-md-center\">\n\t\t\t\t\t\t\t<!-- the dot -->\n\t\t\t\t\t\t<\/div>\n\t\t\t\t\t\t<div class=\"col-10 col-md-5 order-1 order-md-3 py-3 timeline-date\"><\/div>\n\t\t\t\t\t<\/div>\n\t\t\t\n\t\t\t\t\t<div class=\"row no-gutters justify-content-end justify-content-md-around align-items-start timeline-nodes scroll-rv\">\n\t\t\t\t\t\t<span class=\"timeline-line hidden\"><\/span>\n\t\t\t\t\t\t<div class=\"col-10 col-md-5 order-3 order-md-1 timeline-content\">\n\t\t\t\t\t\t\t<div class=\"timeline-row row row-eq-height\">\n\t\t\t\t\t\t\t\t<div class=\"col col-sm-6 col-md-7 order-2\">\n\t\t\t\t\t\t\t\t\t<h3>2024<\/h3>\n\t\t\t\t\t\t\t\t\t<p>Introduction du recyclage dans l\u2019usine pour les d\u00e9chets non-industriels.  Les tasses \u00e0 caf\u00e9 sont maintenant recyclables et compostables.<\/p>\n\t\t\t\t\t\t\t\t<\/div>\n\t\t\t\t\t\t\t\t<div class=\"timeline-img col col-sm-6 col-md-5\">\n\t\t\t\t\t\t\t\t\t<div class=\"compat_image_container\">\n\t\t\t\t\t\t\t\t\t\t<img src=\"https:\/\/www.guy-raymond.co.uk\/wp-content\/uploads\/2024\/10\/Recycling-symbol.jpg\" class=\"img-fluid\" alt=\"img\">\n\t\t\t\t\t\t\t\t\t<\/div>\n\t\t\t\t\t\t\t\t<\/div>\n\t\t\t\t\t\t\t<\/div>\n\t\t\t\t\t\t<\/div>\n\t\t\t\t\t\t<div class=\"col-2 col-sm-1 px-md-3 order-2 timeline-dot text-md-center\">\n\t\t\t\t\t\t\t<!-- the dot -->\n\t\t\t\t\t\t<\/div>\n\t\t\t\t\t\t<div class=\"col-10 col-md-5 order-1 order-md-3 py-3 timeline-date\"><\/div>\n\t\t\t\t\t<\/div>\n\t\t\t\n\t\t\t\t\t<div class=\"row no-gutters justify-content-end justify-content-md-around align-items-start timeline-nodes scroll-rv\">\n\t\t\t\t\t\t<span class=\"timeline-line hidden\"><\/span>\n\t\t\t\t\t\t<div class=\"col-10 col-md-5 order-3 order-md-1 timeline-content\">\n\t\t\t\t\t\t\t<div class=\"timeline-row row row-eq-height\">\n\t\t\t\t\t\t\t\t<div class=\"col col-sm-6 col-md-7 order-2\">\n\t\t\t\t\t\t\t\t\t<h3>2023<\/h3>\n\t\t\t\t\t\t\t\t\t<p>Mise \u00e0 niveau vers un syst\u00e8me centrifuge pour la r\u00e9cup\u00e9ration de l'huile des copeaux, qui r\u00e9cup\u00e8re \u00e0 peu pr\u00e8s 30% plus d'huile suppl\u00e9mentaire pour \u00eatre r\u00e9utilis\u00e9e.<\/p>\n\t\t\t\t\t\t\t\t<\/div>\n\t\t\t\t\t\t\t\t<div class=\"timeline-img col col-sm-6 col-md-5\">\n\t\t\t\t\t\t\t\t\t<div class=\"compat_image_container\">\n\t\t\t\t\t\t\t\t\t\t<img src=\"https:\/\/www.guy-raymond.co.uk\/wp-content\/uploads\/2024\/11\/Guy-Raymond-Swarf-Centrifugal-System-700x635-1.jpg\" class=\"img-fluid\" alt=\"img\">\n\t\t\t\t\t\t\t\t\t<\/div>\n\t\t\t\t\t\t\t\t<\/div>\n\t\t\t\t\t\t\t<\/div>\n\t\t\t\t\t\t<\/div>\n\t\t\t\t\t\t<div class=\"col-2 col-sm-1 px-md-3 order-2 timeline-dot text-md-center\">\n\t\t\t\t\t\t\t<!-- the dot -->\n\t\t\t\t\t\t<\/div>\n\t\t\t\t\t\t<div class=\"col-10 col-md-5 order-1 order-md-3 py-3 timeline-date\"><\/div>\n\t\t\t\t\t<\/div>\n\t\t\t\n\t\t\t\t\t<div class=\"row no-gutters justify-content-end justify-content-md-around align-items-start timeline-nodes scroll-rv\">\n\t\t\t\t\t\t<span class=\"timeline-line hidden\"><\/span>\n\t\t\t\t\t\t<div class=\"col-10 col-md-5 order-3 order-md-1 timeline-content\">\n\t\t\t\t\t\t\t<div class=\"timeline-row row row-eq-height\">\n\t\t\t\t\t\t\t\t<div class=\"col col-sm-6 col-md-7 order-2\">\n\t\t\t\t\t\t\t\t\t<h3>2023<\/h3>\n\t\t\t\t\t\t\t\t\t<p>Installation d\u2019\u00e9clairage LED dans l\u2019usine, qui m\u00e8ne \u00e0 une r\u00e9duction de 60% de l\u2019\u00e9lectricit\u00e9 consomm\u00e9e par l\u2019\u00e9clairage.<\/p>\n\t\t\t\t\t\t\t\t<\/div>\n\t\t\t\t\t\t\t\t<div class=\"timeline-img col col-sm-6 col-md-5\">\n\t\t\t\t\t\t\t\t\t<div class=\"compat_image_container\">\n\t\t\t\t\t\t\t\t\t\t<img src=\"https:\/\/www.guy-raymond.co.uk\/wp-content\/uploads\/2024\/08\/Guy-Raymond-LED-Light-Upgrade.jpg\" class=\"img-fluid\" alt=\"img\">\n\t\t\t\t\t\t\t\t\t<\/div>\n\t\t\t\t\t\t\t\t<\/div>\n\t\t\t\t\t\t\t<\/div>\n\t\t\t\t\t\t<\/div>\n\t\t\t\t\t\t<div class=\"col-2 col-sm-1 px-md-3 order-2 timeline-dot text-md-center\">\n\t\t\t\t\t\t\t<!-- the dot -->\n\t\t\t\t\t\t<\/div>\n\t\t\t\t\t\t<div class=\"col-10 col-md-5 order-1 order-md-3 py-3 timeline-date\"><\/div>\n\t\t\t\t\t<\/div>\n\t\t\t\n\t\t\t\t\t<div class=\"row no-gutters justify-content-end justify-content-md-around align-items-start timeline-nodes scroll-rv\">\n\t\t\t\t\t\t<span class=\"timeline-line hidden\"><\/span>\n\t\t\t\t\t\t<div class=\"col-10 col-md-5 order-3 order-md-1 timeline-content\">\n\t\t\t\t\t\t\t<div class=\"timeline-row row row-eq-height\">\n\t\t\t\t\t\t\t\t<div class=\"col col-sm-6 col-md-7 order-2\">\n\t\t\t\t\t\t\t\t\t<h3>2021<\/h3>\n\t\t\t\t\t\t\t\t\t<p>Installation d\u2019une machine \u00e0 injection totalement automatique pour surmouler les bandes souples sur les roues, avec une r\u00e9duction de consommation d\u2019\u00e9nergie d'environ 70%.<\/p>\n\t\t\t\t\t\t\t\t<\/div>\n\t\t\t\t\t\t\t\t<div class=\"timeline-img col col-sm-6 col-md-5\">\n\t\t\t\t\t\t\t\t\t<div class=\"compat_image_container\">\n\t\t\t\t\t\t\t\t\t\t<img src=\"https:\/\/www.guy-raymond.co.uk\/wp-content\/uploads\/2024\/11\/Robot-3-scaled.jpg\" class=\"img-fluid\" alt=\"img\">\n\t\t\t\t\t\t\t\t\t<\/div>\n\t\t\t\t\t\t\t\t<\/div>\n\t\t\t\t\t\t\t<\/div>\n\t\t\t\t\t\t<\/div>\n\t\t\t\t\t\t<div class=\"col-2 col-sm-1 px-md-3 order-2 timeline-dot text-md-center\">\n\t\t\t\t\t\t\t<!-- the dot -->\n\t\t\t\t\t\t<\/div>\n\t\t\t\t\t\t<div class=\"col-10 col-md-5 order-1 order-md-3 py-3 timeline-date\"><\/div>\n\t\t\t\t\t<\/div>\n\t\t\t\n\t\t\t\t\t<div class=\"row no-gutters justify-content-end justify-content-md-around align-items-start timeline-nodes scroll-rv\">\n\t\t\t\t\t\t<span class=\"timeline-line hidden\"><\/span>\n\t\t\t\t\t\t<div class=\"col-10 col-md-5 order-3 order-md-1 timeline-content\">\n\t\t\t\t\t\t\t<div class=\"timeline-row row row-eq-height\">\n\t\t\t\t\t\t\t\t<div class=\"col col-sm-6 col-md-7 order-2\">\n\t\t\t\t\t\t\t\t\t<h3>2021<\/h3>\n\t\t\t\t\t\t\t\t\t<p>5 machines \u00e0 injection \u00e9lectriques de 150t r\u00e9duisent la consommation d\u2019\u00e9nergie de 70% par rapport aux machines qu\u2019elles remplacent.<\/p>\n\t\t\t\t\t\t\t\t<\/div>\n\t\t\t\t\t\t\t\t<div class=\"timeline-img col col-sm-6 col-md-5\">\n\t\t\t\t\t\t\t\t\t<div class=\"compat_image_container\">\n\t\t\t\t\t\t\t\t\t\t<img src=\"https:\/\/www.guy-raymond.co.uk\/wp-content\/uploads\/2024\/10\/Guy-Raymond-Fanuc-150-scaled.jpg\" class=\"img-fluid\" alt=\"img\">\n\t\t\t\t\t\t\t\t\t<\/div>\n\t\t\t\t\t\t\t\t<\/div>\n\t\t\t\t\t\t\t<\/div>\n\t\t\t\t\t\t<\/div>\n\t\t\t\t\t\t<div class=\"col-2 col-sm-1 px-md-3 order-2 timeline-dot text-md-center\">\n\t\t\t\t\t\t\t<!-- the dot -->\n\t\t\t\t\t\t<\/div>\n\t\t\t\t\t\t<div class=\"col-10 col-md-5 order-1 order-md-3 py-3 timeline-date\"><\/div>\n\t\t\t\t\t<\/div>\n\t\t\t\n\t\t\t\t\t<div class=\"row no-gutters justify-content-end justify-content-md-around align-items-start timeline-nodes scroll-rv\">\n\t\t\t\t\t\t<span class=\"timeline-line hidden\"><\/span>\n\t\t\t\t\t\t<div class=\"col-10 col-md-5 order-3 order-md-1 timeline-content\">\n\t\t\t\t\t\t\t<div class=\"timeline-row row row-eq-height\">\n\t\t\t\t\t\t\t\t<div class=\"col col-sm-6 col-md-7 order-2\">\n\t\t\t\t\t\t\t\t\t<h3>2019<\/h3>\n\t\t\t\t\t\t\t\t\t<p>Etablissement d\u2019une bande de fleurs (100m x 2m) derri\u00e8re l\u2019usine.<\/p>\n\t\t\t\t\t\t\t\t<\/div>\n\t\t\t\t\t\t\t\t<div class=\"timeline-img col col-sm-6 col-md-5\">\n\t\t\t\t\t\t\t\t\t<div class=\"compat_image_container\">\n\t\t\t\t\t\t\t\t\t\t<img src=\"https:\/\/www.guy-raymond.co.uk\/wp-content\/uploads\/2024\/04\/20230608_131314.jpg\" class=\"img-fluid\" alt=\"img\">\n\t\t\t\t\t\t\t\t\t<\/div>\n\t\t\t\t\t\t\t\t<\/div>\n\t\t\t\t\t\t\t<\/div>\n\t\t\t\t\t\t<\/div>\n\t\t\t\t\t\t<div class=\"col-2 col-sm-1 px-md-3 order-2 timeline-dot text-md-center\">\n\t\t\t\t\t\t\t<!-- the dot -->\n\t\t\t\t\t\t<\/div>\n\t\t\t\t\t\t<div class=\"col-10 col-md-5 order-1 order-md-3 py-3 timeline-date\"><\/div>\n\t\t\t\t\t<\/div>\n\t\t\t\n\t\t\t\t\t<div class=\"row no-gutters justify-content-end justify-content-md-around align-items-start timeline-nodes scroll-rv\">\n\t\t\t\t\t\t<span class=\"timeline-line hidden\"><\/span>\n\t\t\t\t\t\t<div class=\"col-10 col-md-5 order-3 order-md-1 timeline-content\">\n\t\t\t\t\t\t\t<div class=\"timeline-row row row-eq-height\">\n\t\t\t\t\t\t\t\t<div class=\"col col-sm-6 col-md-7 order-2\">\n\t\t\t\t\t\t\t\t\t<h3>2018<\/h3>\n\t\t\t\t\t\t\t\t\t<p>Encore 5 machines \u00e0 injection \u00e9lectriques de 100t de la marque Fanuc qui r\u00e9duisent la consommation d\u2019\u00e9nergie d\u2019\u00e0 peu pr\u00e8s 70% par rapport aux machines qu\u2019elles remplacent.<\/p>\n\t\t\t\t\t\t\t\t<\/div>\n\t\t\t\t\t\t\t\t<div class=\"timeline-img col col-sm-6 col-md-5\">\n\t\t\t\t\t\t\t\t\t<div class=\"compat_image_container\">\n\t\t\t\t\t\t\t\t\t\t<img src=\"https:\/\/www.guy-raymond.co.uk\/wp-content\/uploads\/2019\/01\/10-Fanuc-Injection-Moulding-Machines.jpg\" class=\"img-fluid\" alt=\"img\">\n\t\t\t\t\t\t\t\t\t<\/div>\n\t\t\t\t\t\t\t\t<\/div>\n\t\t\t\t\t\t\t<\/div>\n\t\t\t\t\t\t<\/div>\n\t\t\t\t\t\t<div class=\"col-2 col-sm-1 px-md-3 order-2 timeline-dot text-md-center\">\n\t\t\t\t\t\t\t<!-- the dot -->\n\t\t\t\t\t\t<\/div>\n\t\t\t\t\t\t<div class=\"col-10 col-md-5 order-1 order-md-3 py-3 timeline-date\"><\/div>\n\t\t\t\t\t<\/div>\n\t\t\t\n\t\t\t\t\t<div class=\"row no-gutters justify-content-end justify-content-md-around align-items-start timeline-nodes scroll-rv\">\n\t\t\t\t\t\t<span class=\"timeline-line hidden\"><\/span>\n\t\t\t\t\t\t<div class=\"col-10 col-md-5 order-3 order-md-1 timeline-content\">\n\t\t\t\t\t\t\t<div class=\"timeline-row row row-eq-height\">\n\t\t\t\t\t\t\t\t<div class=\"col col-sm-6 col-md-7 order-2\">\n\t\t\t\t\t\t\t\t\t<h3>2017<\/h3>\n\t\t\t\t\t\t\t\t\t<p>D\u00e9but d\u2019un projet ambitieux de remplacement du parc machines du d\u00e9partement d\u2019injection plastique : 5 machines \u00e0 injection totalement \u00e9lectriques r\u00e9duisent la consommation d\u2019\u00e9nergie d'environ 70% par rapport aux machines plus anciennes qu\u2019elles remplacent.<\/p>\n\t\t\t\t\t\t\t\t<\/div>\n\t\t\t\t\t\t\t\t<div class=\"timeline-img col col-sm-6 col-md-5\">\n\t\t\t\t\t\t\t\t\t<div class=\"compat_image_container\">\n\t\t\t\t\t\t\t\t\t\t<img src=\"https:\/\/www.guy-raymond.co.uk\/wp-content\/uploads\/2018\/10\/Timeline-2017-18-Fanucs.jpg\" class=\"img-fluid\" alt=\"img\">\n\t\t\t\t\t\t\t\t\t<\/div>\n\t\t\t\t\t\t\t\t<\/div>\n\t\t\t\t\t\t\t<\/div>\n\t\t\t\t\t\t<\/div>\n\t\t\t\t\t\t<div class=\"col-2 col-sm-1 px-md-3 order-2 timeline-dot text-md-center\">\n\t\t\t\t\t\t\t<!-- the dot -->\n\t\t\t\t\t\t<\/div>\n\t\t\t\t\t\t<div class=\"col-10 col-md-5 order-1 order-md-3 py-3 timeline-date\"><\/div>\n\t\t\t\t\t<\/div>\n\t\t\t\n\t\t\t\t\t<div class=\"row no-gutters justify-content-end justify-content-md-around align-items-start timeline-nodes scroll-rv\">\n\t\t\t\t\t\t<span class=\"timeline-line hidden\"><\/span>\n\t\t\t\t\t\t<div class=\"col-10 col-md-5 order-3 order-md-1 timeline-content\">\n\t\t\t\t\t\t\t<div class=\"timeline-row row row-eq-height\">\n\t\t\t\t\t\t\t\t<div class=\"col col-sm-6 col-md-7 order-2\">\n\t\t\t\t\t\t\t\t\t<h3>2000<\/h3>\n\t\t\t\t\t\t\t\t\t<p>Certification ISO 14000:1 (environnement)<\/p>\n\t\t\t\t\t\t\t\t<\/div>\n\t\t\t\t\t\t\t\t<div class=\"timeline-img col col-sm-6 col-md-5\">\n\t\t\t\t\t\t\t\t\t<div class=\"compat_image_container\">\n\t\t\t\t\t\t\t\t\t\t<img src=\"https:\/\/www.guy-raymond.co.uk\/wp-content\/uploads\/2024\/10\/ISO-14001.jpg\" class=\"img-fluid\" alt=\"img\">\n\t\t\t\t\t\t\t\t\t<\/div>\n\t\t\t\t\t\t\t\t<\/div>\n\t\t\t\t\t\t\t<\/div>\n\t\t\t\t\t\t<\/div>\n\t\t\t\t\t\t<div class=\"col-2 col-sm-1 px-md-3 order-2 timeline-dot text-md-center\">\n\t\t\t\t\t\t\t<!-- the dot -->\n\t\t\t\t\t\t<\/div>\n\t\t\t\t\t\t<div class=\"col-10 col-md-5 order-1 order-md-3 py-3 timeline-date\"><\/div>\n\t\t\t\t\t<\/div>\n\t\t\t<\/div><\/div>[\/vc_column][\/vc_row][vc_row][vc_column][\/vc_column][\/vc_row][\/vc_section]<\/p>\n","protected":false},"excerpt":{"rendered":"[vc_section][vc_row][vc_column][vc_column_text] Durabilit\u00e9 Depuis plus d\u2019une d\u00e9cennie, Guy-Raymond se concentre sur la r\u00e9duction de sa consommation d\u2019\u00e9nergie et de son empreinte carbone et sur une am\u00e9lioration de sa durabilit\u00e9. Nous travaillons actuellement sur une mesure compl\u00e8te de notre bilan carbone, et nous installerons des panneaux solaires dans un futur proche. Veuillez d\u00e9couvrir ci-dessous les d\u00e9marches positives&#8230; <a class=\"view-article\" href=\"https:\/\/www.guy-raymond.co.uk\/fr\/a-propos-de-nous\/sustainability-2\/\">View Article<\/a>","protected":false},"author":7,"featured_media":6265,"parent":4043,"menu_order":58,"comment_status":"closed","ping_status":"closed","template":"","meta":[],"_links":{"self":[{"href":"https:\/\/www.guy-raymond.co.uk\/fr\/wp-json\/wp\/v2\/pages\/8264\/"}],"collection":[{"href":"https:\/\/www.guy-raymond.co.uk\/fr\/wp-json\/wp\/v2\/pages\/"}],"about":[{"href":"https:\/\/www.guy-raymond.co.uk\/fr\/wp-json\/wp\/v2\/types\/page\/"}],"author":[{"embeddable":true,"href":"https:\/\/www.guy-raymond.co.uk\/fr\/wp-json\/wp\/v2\/users\/7\/"}],"replies":[{"embeddable":true,"href":"https:\/\/www.guy-raymond.co.uk\/fr\/wp-json\/wp\/v2\/comments\/?post=8264"}],"version-history":[{"count":5,"href":"https:\/\/www.guy-raymond.co.uk\/fr\/wp-json\/wp\/v2\/pages\/8264\/revisions\/"}],"predecessor-version":[{"id":8269,"href":"https:\/\/www.guy-raymond.co.uk\/fr\/wp-json\/wp\/v2\/pages\/8264\/revisions\/8269\/"}],"up":[{"embeddable":true,"href":"https:\/\/www.guy-raymond.co.uk\/fr\/wp-json\/wp\/v2\/pages\/4043\/"}],"wp:featuredmedia":[{"embeddable":true,"href":"https:\/\/www.guy-raymond.co.uk\/fr\/wp-json\/wp\/v2\/media\/6265\/"}],"wp:attachment":[{"href":"https:\/\/www.guy-raymond.co.uk\/fr\/wp-json\/wp\/v2\/media\/?parent=8264"}],"curies":[{"name":"wp","href":"https:\/\/api.w.org\/{rel}","templated":true}]}}