{"id":4770,"date":"2020-05-07T08:48:54","date_gmt":"2020-05-07T07:48:54","guid":{"rendered":"http:\/\/www.guy-raymond.co.uk\/?page_id=4770"},"modified":"2024-08-07T13:41:21","modified_gmt":"2024-08-07T12:41:21","slug":"capacita-produttive","status":"publish","type":"page","link":"https:\/\/www.guy-raymond.co.uk\/it\/capacita-produttive\/","title":{"rendered":"Capacit\u00e0 Produttive"},"content":{"rendered":"<p>[vc_section][vc_row][vc_column][vc_column_text]<\/p>\n<h2 style=\"text-align: center;\">I processi produttivi di Guy-Raymond si svolgono all&#8217;interno della nostra moderna fabbrica a King&#8217;s Lynn, nell&#8217;est dell\u2019Inghilterra<\/h2>\n<p style=\"text-align: center;\">Siamo dotati di un\u2019ampia capacit\u00e0 produttiva nel nostro impianto di 6000 mq, e la maggior parte dei nostri processi sono completati internamente per garantire tempi di risposta efficienti e soddisfare con flessibilit\u00e0 e affidabilit\u00e0 le esigenze vostre e della vostra azienda su scala mondiale<\/p>\n<p style=\"text-align: center;\">La capacit\u00e0 produttiva di Guy-Raymond ci consente di realizzare pi\u00f9 ordini contemporaneamente, da quantit\u00e0 minime una tantum a grandi contratti a lungo termine, con una produttivit\u00e0 di 24 ore su 24 nei giorni lavorativi. Molti di questi ordini possono essere spediti con tempi di consegna molto brevi grazie alla nostra capacit\u00e0 produttiva di oltre 25.000.000 di unit\u00e0 all&#8217;anno e alla disponibilit\u00e0 a magazzino di grandi volumi di componenti pronti per essere assemblati quando riceviamo l&#8217;ordine.<\/p>\n<p style=\"text-align: center;\">Per far ci\u00f2 sono necessari i seguenti macchinari e manodopera:<\/p>\n<p>[\/vc_column_text][\/vc_column][\/vc_row][vc_row][vc_column el_id=&#8221;design&#8221;][vc_column_text]<\/p>\n<h2 style=\"text-align: center;\">Progettazione, Ricerca e Sviluppo<\/h2>\n<p>[\/vc_column_text][vc_row_inner][vc_column_inner width=&#8221;1\/4&#8243;][vc_single_image image=&#8221;530&#8243; img_size=&#8221;large&#8221; alignment=&#8221;center&#8221;][\/vc_column_inner][vc_column_inner width=&#8221;1\/2&#8243;][vc_column_text]<\/p>\n<p style=\"text-align: justify;\">Il nostro team di Progettazione, Ricerca e Sviluppo utilizza la modellazione CAD che viene completata con il software Solidworks, dandoci la flessibilit\u00e0 necessaria per adattare i nostri prodotti alle esigenze dei clienti. Utilizziamo anche il CAD-CAM che ci permette di creare dati CAM direttamente dal modello computerizzato 3D dei componenti. Tutti i nuovi prodotti che sviluppiamo sono progettati e testati nel nostro moderno laboratorio in loco.<\/p>\n<p>[\/vc_column_text][\/vc_column_inner][vc_column_inner width=&#8221;1\/4&#8243;][vc_single_image image=&#8221;526&#8243; img_size=&#8221;large&#8221; alignment=&#8221;center&#8221;][\/vc_column_inner][\/vc_row_inner][\/vc_column][\/vc_row][vc_row][vc_column][vc_column_text]<\/p>\n<h2 style=\"text-align: center;\">Utensileria<\/h2>\n<p>[\/vc_column_text][vc_row_inner][vc_column_inner width=&#8221;1\/4&#8243;][vc_single_image image=&#8221;540&#8243; img_size=&#8221;large&#8221; alignment=&#8221;center&#8221;][\/vc_column_inner][vc_column_inner width=&#8221;1\/2&#8243;][vc_column_text]<\/p>\n<p style=\"text-align: justify;\">Disponiamo di un\u2019utensileria interna; ci\u00f2 va a vostro vantaggio poich\u00e9 manuteniamo regolarmente gli utensili e gli stampi per massimizzare l\u2019efficienza con minimi inconvenienti per la linea di produzione e per i clienti che richiedono prodotti nuovi e su misura. L\u2019utensileria lavora a stretto contatto con il nostro reparto di Progettazione, Ricerca e Sviluppo, facilitando la comunicazione e accelerando il processo di sviluppo. Nel 2018 \u00e8 stato aggiunto un tornio CNC con caricamento a barra per la produzione di piccole tirature e prodotti specializzati.<\/p>\n<p>[\/vc_column_text][\/vc_column_inner][vc_column_inner width=&#8221;1\/4&#8243;][vc_single_image image=&#8221;544&#8243; img_size=&#8221;large&#8221; alignment=&#8221;center&#8221;][\/vc_column_inner][\/vc_row_inner][\/vc_column][\/vc_row][vc_row][vc_column][vc_column_text]<\/p>\n<h2 style=\"text-align: center;\">Reparto di Stampaggio ad iniezione<\/h2>\n<p>[\/vc_column_text][vc_row_inner][vc_column_inner width=&#8221;1\/4&#8243;][vc_single_image image=&#8221;548&#8243; img_size=&#8221;large&#8221; alignment=&#8221;center&#8221;][\/vc_column_inner][vc_column_inner width=&#8221;1\/2&#8243;][vc_column_text]<\/p>\n<p style=\"text-align: justify;\">23 macchine per lo stampaggio ci permettono di produrre componenti in plastica con un ritmo di 1 ciclo ogni 10-60 secondi e utensili multicavit\u00e0 da 1 a 64 pezzi. 10 di queste macchine sono le stampatrici a iniezione elettrica FANUC, modernissime ed efficienti dal punto di vista energetico, che possono consumare meno di 2,3 kWh di elettricit\u00e0.<\/p>\n<p>[\/vc_column_text][\/vc_column_inner][vc_column_inner width=&#8221;1\/4&#8243;][vc_single_image image=&#8221;552&#8243; img_size=&#8221;large&#8221; alignment=&#8221;center&#8221;][\/vc_column_inner][\/vc_row_inner][\/vc_column][\/vc_row][vc_row][vc_column][vc_column_text]<\/p>\n<h2 style=\"text-align: center;\">Reparto di Forgiatura automatizzata<\/h2>\n<p>[\/vc_column_text][vc_row_inner][vc_column_inner width=&#8221;1\/4&#8243;][vc_single_image image=&#8221;564&#8243; img_size=&#8221;large&#8221; alignment=&#8221;center&#8221;][\/vc_column_inner][vc_column_inner width=&#8221;1\/2&#8243;][vc_column_text]<\/p>\n<p style=\"text-align: justify;\">16 Macchine di tornitura, che lavorano le 400 tonnellate di barre d&#8217;acciaio che acquistiamo ogni anno per la produzione degli assi delle ruote, dei fissaggi e dei codoli regolabili.<\/p>\n<p style=\"text-align: justify;\">2 macchine per forgiatura, utilizzate per realizzare alcuni dei pi\u00f9 comuni fissaggi delle ruote al ritmo di 3 al secondo.<\/p>\n<p style=\"text-align: justify;\">1 macchina per lo stampaggio dei metalli produce lastre di metallo al ritmo di 1 lastra al secondo.<\/p>\n<p>[\/vc_column_text][\/vc_column_inner][vc_column_inner width=&#8221;1\/4&#8243;][vc_single_image image=&#8221;481&#8243; img_size=&#8221;large&#8221; alignment=&#8221;center&#8221;][\/vc_column_inner][\/vc_row_inner][\/vc_column][\/vc_row][vc_row][vc_column][vc_column_text]<\/p>\n<h2 style=\"text-align: center;\">Pressa e assemblaggio<\/h2>\n<p>[\/vc_column_text][vc_row_inner][vc_column_inner width=&#8221;1\/4&#8243;][vc_single_image image=&#8221;560&#8243; img_size=&#8221;large&#8221; alignment=&#8221;center&#8221;][\/vc_column_inner][vc_column_inner width=&#8221;1\/2&#8243;][vc_column_text]<\/p>\n<p style=\"text-align: justify;\">Macchine automatiche per l&#8217;assemblaggio delle ruote: Ci permettono di produrre fino a 50.000 ruote da 50 mm al giorno con diverse opzioni.<\/p>\n<p style=\"text-align: justify;\">Macchine semiautomatiche: Queste macchine sono azionate da personale specializzato e producono fino a 20.000 ruote da 65 mm al giorno.<\/p>\n<p style=\"text-align: justify;\">Alla Guy-Raymond, prendiamo molto seriamente il controllo qualit\u00e0. Oltre ai criteri di qualit\u00e0 interni, molti dei nostri prodotti sono testati anche presso l&#8217;istituto di controllo LGA in Germania.<\/p>\n<p>[\/vc_column_text][\/vc_column_inner][vc_column_inner width=&#8221;1\/4&#8243;][vc_single_image image=&#8221;556&#8243; img_size=&#8221;large&#8221; alignment=&#8221;center&#8221;][\/vc_column_inner][\/vc_row_inner][\/vc_column][\/vc_row][vc_row][vc_column][vc_column_text]<\/p>\n<h3 style=\"text-align: center;\">Per ulteriori informazioni, chiamare il numero\u00a0<a href=\"tel:+441553761401\">+44 (0)1553 761401<\/a><\/h3>\n<p>[\/vc_column_text][\/vc_column][\/vc_row][\/vc_section][vc_section][vc_row][vc_column][vc_column_text]<\/p>\n<h2 style=\"text-align: center;\">Casi di studio<\/h2>\n<p>[\/vc_column_text]\n\t\t<div class=\"guyraymond-teaser\">\n\t\t\t<div class=\"swiper-container swiper-teaser\">\n\t\t\t\t<div class=\"swiper-wrapper\">\n\t\t<div class=\"swiper-slide\" style=\"background-image: url(https:\/\/www.guy-raymond.co.uk\/wp-content\/uploads\/2018\/11\/functions-features1-700x353.jpg)\" data-title=\"BioCote\u00ae\" data-href=\"https:\/\/www.guy-raymond.co.uk\/it\/case-study\/biocote\/\"><\/div><div class=\"swiper-slide\" style=\"background-image: url(https:\/\/www.guy-raymond.co.uk\/wp-content\/uploads\/2018\/10\/Imno-banner-700x250.jpg)\" data-title=\"Inmoclinc\" data-href=\"https:\/\/www.guy-raymond.co.uk\/it\/case-study\/inmoclinc\/\"><\/div>\n\n\t\t\t\t<\/div>\n\t\t\t<\/div>\n\t\t\n\t\t\t<div class=\"swiper-teaser-nav\">\n\t\t\t\t<div class=\"swiper-teaser-nav-title\">\n\t\t\t\t\t<span data-currenttitle>BioCote\u00ae<\/span>\n\t\t\t\t<\/div>\n\t\t\t\t<div class=\"swiper-teaser-nav-links\">\n\t\t\t\t\t<span data-currenttease>1 \/ 2<\/span>\n\t\t\t\t\t<div class=\"swiper-button-prev\"><\/div>\n\t\t\t\t\t<div class=\"swiper-button-next\"><\/div>\n\t\t\t\t<\/div>\n\t\t\t\t<div class=\"clear\"><\/div>\n\t\t\t<\/div>\n\t\t\t<div class=\"swiper-teaser-buttons\">\n\t\t\t\t<a class=\"btn btn-primary btn-sm\" href=\"https:\/\/www.guy-raymond.co.uk\/it\/case-study\/biocote\/\" data-readmore>Read More<\/a>\n\t\t\t\t\t\t<a class=\"btn btn-primary btn-sm\" href=\"\/about-us\/case-studies\/\">All Case Studies<\/a>\n\t\t\t<\/div>\n\t\t\n\t\t\t<script>\n\t\t\t\tif (jQuery(\".swiper-teaser\").length) {\n\t\t\t\t\tvar teaserSwiper = new Swiper(\".swiper-teaser\", {\n\t\t\t\t\t\teffect: \"coverflow\",\n\t\t\t\t\t\t\/\/slidesPerView: 2,\n\t\t\t\t\t\tspaceBetween: 20,\n\t\t\t\t\t\ttouchRatio: 0,\n\t\t\t\t\t\tcoverflowEffect: {\n\t\t\t\t\t\t\trotate: 0,\n\t\t\t\t\t\t\tstretch: 1,\n\t\t\t\t\t\t\tdepth: 0,\n\t\t\t\t\t\t\tmodifier: 1,\n\t\t\t\t\t\t},\n\t\t\t\t\t\tnavigation: {\n\t\t\t\t\t\t\tnextEl: \".swiper-button-next\",\n\t\t\t\t\t\t\tprevEl: \".swiper-button-prev\",\n\t\t\t\t\t\t},\n\t\t\t\t\t});\n\t\t\t\t\tteaserSwiper.on(\"slideChangeTransitionEnd\", function() {\n\t\t\t\t\t\tvar newSlideIndex =  this.activeIndex;\n\t\t\t\t\t\tvar newSlideName = jQuery(this.$el).find(\".swiper-slide-active\").attr(\"data-title\");\n\t\t\t\t\t\tvar newSlideLink = jQuery(this.$el).find(\".swiper-slide-active\").attr(\"data-href\");\n\t\t\t\t\t\tjQuery(this.$el).parent().find(\".swiper-teaser-nav span[data-currenttease]\").text((newSlideIndex + 1) + \" \/ \" + this.slides.length);\n\t\t\t\t\t\tjQuery(this.$el).parent().find(\".swiper-teaser-buttons a[data-readmore]\").attr(\"href\", newSlideLink);\n\t\t\t\t\t\tjQuery(this.$el).parent().find(\".swiper-teaser-nav span[data-currenttitle]\").text(newSlideName);\n\t\t\t\t\t});\n\t\t\t\t}\n\t\t\t<\/script>\n\t\t<\/div>[\/vc_column][\/vc_row][\/vc_section][vc_row][vc_column]\n\t\t<div class=\"guyraymond-slider bg-grey\">\n\t\t\t<script type=\"text\/javascript\">\n\t\t\t\tjQuery(\"#swiper-bcd0aa6dfd87d2e950b61b4842f533a9\").ready(function() {\n\t\t\t\t\tvar swp = new Swiper (\"#swiper-bcd0aa6dfd87d2e950b61b4842f533a9\", {\n\t\t\t\t\t\tloop: true,\n\t\t\t\t\t\teffect: \"slide\",\n\t\t\t\t\t\tautoplay: {\n\t\t\t\t\t\t\tdelay: 4000,\n\t\t\t\t\t\t\tenabled: true,\n\t\t\t\t\t\t},\n\t\t\t\t\t\tspeed: 500,\n\t\t\t\t\t\tnavigation: {\n\t\t\t\t\t\t\tnextEl: \".swiper-button-next\",\n\t\t\t\t\t\t\tprevEl: \".swiper-button-prev\",\n\t\t\t\t\t\t}\n\t\t\t\t\t});\n\t\t\t\t\tswp.update();\n\t\t\t\t});\n\t\t\t<\/script>\n\t\t\n\t\t\t\t<style type=\"text\/css\">\n\t\t\t\t\t@media (min-width: 768px) {\n\t\t\t\t\t\t#swiper-bcd0aa6dfd87d2e950b61b4842f533a9 .swiper-slide {\n\t\t\t\t\t\t\theight:600px!important;\n\t\t\t\t\t\t}\n\t\t\t\t\t}\n\t\t\t\t<\/style>\n\t\t\t\n\t\t\t<div class=\"container\">\n\t\t\t<div class=\"swiper-container\" id=\"swiper-bcd0aa6dfd87d2e950b61b4842f533a9\">\n\t\t\t\t<div class=\"swiper-wrapper\">\n\t\t\n\t\t\t\t\t\t<div class=\"swiper-slide\">\n\t\t\t\t\t\t\t<img src=\"https:\/\/www.guy-raymond.co.uk\/wp-content\/uploads\/2018\/12\/auto-forging.jpg\">\n\t\t\t\t\t\t<\/div>\n\t\t\t\t\n\t\t\t\t\t\t<div class=\"swiper-slide\">\n\t\t\t\t\t\t\t<img src=\"https:\/\/www.guy-raymond.co.uk\/wp-content\/uploads\/2018\/12\/tool-room2.jpg\">\n\t\t\t\t\t\t<\/div>\n\t\t\t\t\n\t\t\t\t\t\t<div class=\"swiper-slide\">\n\t\t\t\t\t\t\t<img src=\"https:\/\/www.guy-raymond.co.uk\/wp-content\/uploads\/2018\/12\/tool-room.jpg\">\n\t\t\t\t\t\t<\/div>\n\t\t\t\t\n\t\t\t\t\t\t<div class=\"swiper-slide\">\n\t\t\t\t\t\t\t<img src=\"https:\/\/www.guy-raymond.co.uk\/wp-content\/uploads\/2018\/12\/RD.jpg\">\n\t\t\t\t\t\t<\/div>\n\t\t\t\t\n\t\t\t\t\t\t<div class=\"swiper-slide\">\n\t\t\t\t\t\t\t<img src=\"https:\/\/www.guy-raymond.co.uk\/wp-content\/uploads\/2018\/12\/injection-mounlding.jpg\">\n\t\t\t\t\t\t<\/div>\n\t\t\t\t\n\t\t\t\t\t\t<div class=\"swiper-slide\">\n\t\t\t\t\t\t\t<img src=\"https:\/\/www.guy-raymond.co.uk\/wp-content\/uploads\/2018\/12\/castors.jpg\">\n\t\t\t\t\t\t<\/div>\n\t\t\t\t\n\t\t\t\t<\/div>\n\t\t\t\t<div class=\"swiper-button-prev\"><\/div>\n\t\t\t\t<div class=\"swiper-button-next\"><\/div>\n\t\t\t<\/div>\n\t\t\t<\/div>\n\t\t<\/div>[\/vc_column][\/vc_row][vc_row][vc_column]\n\t\t<div class=\"guyraymond-slider bg-grey\">\n\t\t\t<script type=\"text\/javascript\">\n\t\t\t\tjQuery(\"#swiper-bcd0aa6dfd87d2e950b61b4842f533a9\").ready(function() {\n\t\t\t\t\tvar swp = new Swiper (\"#swiper-bcd0aa6dfd87d2e950b61b4842f533a9\", {\n\t\t\t\t\t\tloop: true,\n\t\t\t\t\t\teffect: \"slide\",\n\t\t\t\t\t\tautoplay: {\n\t\t\t\t\t\t\tdelay: 4000,\n\t\t\t\t\t\t\tenabled: true,\n\t\t\t\t\t\t},\n\t\t\t\t\t\tspeed: 500,\n\t\t\t\t\t\tnavigation: {\n\t\t\t\t\t\t\tnextEl: \".swiper-button-next\",\n\t\t\t\t\t\t\tprevEl: \".swiper-button-prev\",\n\t\t\t\t\t\t}\n\t\t\t\t\t});\n\t\t\t\t\tswp.update();\n\t\t\t\t});\n\t\t\t<\/script>\n\t\t\n\t\t\t<div class=\"container\">\n\t\t\t<div class=\"swiper-container\" id=\"swiper-bcd0aa6dfd87d2e950b61b4842f533a9\">\n\t\t\t\t<div class=\"swiper-wrapper\">\n\t\t\n\t\t\t\t<\/div>\n\t\t\t\t<div class=\"swiper-button-prev\"><\/div>\n\t\t\t\t<div class=\"swiper-button-next\"><\/div>\n\t\t\t<\/div>\n\t\t\t<\/div>\n\t\t<\/div>[\/vc_column][\/vc_row]<\/p>\n","protected":false},"excerpt":{"rendered":"[vc_section][vc_row][vc_column][vc_column_text] I processi produttivi di Guy-Raymond si svolgono all&#8217;interno della nostra moderna fabbrica a King&#8217;s Lynn, nell&#8217;est dell\u2019Inghilterra Siamo dotati di un\u2019ampia capacit\u00e0 produttiva nel nostro impianto di 6000 mq, e la maggior parte dei nostri processi sono completati internamente per garantire tempi di risposta efficienti e soddisfare con flessibilit\u00e0 e affidabilit\u00e0 le esigenze vostre&#8230; <a class=\"view-article\" href=\"https:\/\/www.guy-raymond.co.uk\/it\/capacita-produttive\/\">View Article<\/a>","protected":false},"author":7,"featured_media":0,"parent":0,"menu_order":21,"comment_status":"closed","ping_status":"closed","template":"","meta":[],"_links":{"self":[{"href":"https:\/\/www.guy-raymond.co.uk\/it\/wp-json\/wp\/v2\/pages\/4770\/"}],"collection":[{"href":"https:\/\/www.guy-raymond.co.uk\/it\/wp-json\/wp\/v2\/pages\/"}],"about":[{"href":"https:\/\/www.guy-raymond.co.uk\/it\/wp-json\/wp\/v2\/types\/page\/"}],"author":[{"embeddable":true,"href":"https:\/\/www.guy-raymond.co.uk\/it\/wp-json\/wp\/v2\/users\/7\/"}],"replies":[{"embeddable":true,"href":"https:\/\/www.guy-raymond.co.uk\/it\/wp-json\/wp\/v2\/comments\/?post=4770"}],"version-history":[{"count":3,"href":"https:\/\/www.guy-raymond.co.uk\/it\/wp-json\/wp\/v2\/pages\/4770\/revisions\/"}],"predecessor-version":[{"id":6189,"href":"https:\/\/www.guy-raymond.co.uk\/it\/wp-json\/wp\/v2\/pages\/4770\/revisions\/6189\/"}],"wp:attachment":[{"href":"https:\/\/www.guy-raymond.co.uk\/it\/wp-json\/wp\/v2\/media\/?parent=4770"}],"curies":[{"name":"wp","href":"https:\/\/api.w.org\/{rel}","templated":true}]}}