{"id":4773,"date":"2020-05-07T09:29:59","date_gmt":"2020-05-07T08:29:59","guid":{"rendered":"http:\/\/www.guy-raymond.co.uk\/?page_id=4773"},"modified":"2025-01-07T10:52:03","modified_gmt":"2025-01-07T10:52:03","slug":"home","status":"publish","type":"page","link":"https:\/\/www.guy-raymond.co.uk\/it\/","title":{"rendered":"Home"},"content":{"rendered":"<p>[vc_section][vc_row][vc_column][vc_column_text]<\/p>\r\n<h2 style=\"text-align: center;\"><a href=\"https:\/\/exhibition.guy-raymond.co.uk\/\">Esposizione Virtuale 2024<\/a><\/h2>\r\n<p style=\"text-align: center;\">Esplorate la nostra esposizione virtuale per scoprire le nostre ultime innovazioni per il settore medico. Clicca sul pulsante in basso per accedere.<\/p>\r\n<p style=\"text-align: center;\"><a class=\"btn btn-primary mx-auto\" href=\"https:\/\/exhibition.guy-raymond.co.uk\/\">Visita l\u2019Esposizione<\/a><\/p>\r\n<p>[\/vc_column_text][\/vc_column][\/vc_row][vc_row][vc_column][vc_column_text]<\/p>\r\n\r\n<h2 style=\"text-align: center;\">Oltre 70 anni di esperienza in progettazione, produzione e servizio clienti<\/h2>\r\n<p style=\"text-align: center;\">Se siete alla ricerca di un produttore affidabile, veloce e di alta qualit\u00e0 per ruote e componenti (comprese applicazioni per ufficio, mediche, per la vendita al dettaglio e per l&#8217;istruzione), Guy-Raymond fa al caso vostro. Con oltre 20.000.000 di articoli spediti ogni anno, vantiamo 70 anni di esperienza e di eccellente servizio clienti, esaustivi test di resistenza, nonch\u00e9 spedizione e consegna rapide (entro 1-2 giorni nel Regno Unito o 14 giorni nel resto del mondo).<\/p>\r\n<p style=\"text-align: center;\"><a class=\"btn btn-primary mx-auto\" href=\"\/product-industry\/all-products\/\">Vedi tutti i prodotti<\/a><\/p>\r\n<p>[\/vc_column_text][\/vc_column][\/vc_row][\/vc_section][vc_row el_id=&#8221;home-capabilities&#8221; css=&#8221;.vc_custom_1547042051119{background-image: url(http:\/\/www.guy-raymond.co.uk\/wp-content\/uploads\/2019\/01\/10-Fanuc-Injection-Moulding-Machines.jpg?id=3634) !important;}&#8221;][vc_column css=&#8221;.vc_custom_1539206570060{padding-top: 8rem !important;padding-bottom: 4rem !important;}&#8221;][vc_column_text]<\/p>\r\n<p style=\"text-align: center;\"><a class=\"btn btn-primary btn-lg\" style=\"width: 400px; max-width: 100%;\" href=\"\/capabilities\/\">Competenze<\/a><\/p>\r\n<p>[\/vc_column_text][\/vc_column][\/vc_row][vc_section][vc_row][vc_column][vc_column_text]<\/p>\r\n<h2 style=\"text-align: center;\">Vi presentiamo i team vendite<\/h2>\r\n<p>[\/vc_column_text][vc_row_inner][vc_column_inner width=&#8221;1\/2&#8243;][vc_single_image image=&#8221;5523&#8243; img_size=&#8221;large&#8221; alignment=&#8221;center&#8221;][\/vc_column_inner][vc_column_inner width=&#8221;1\/2&#8243;][vc_single_image image=&#8221;5540&#8243; img_size=&#8221;large&#8221; alignment=&#8221;center&#8221;][\/vc_column_inner][\/vc_row_inner][\/vc_column][\/vc_row][vc_row][vc_column][vc_column_text]<\/p>\r\n<p style=\"text-align: center;\"><span class=\"text-primary\">Tel:\u00a0<a href=\"tel:+441553761401\">+44 (0)1553 761401<\/a> <\/span><\/p>\r\n<p style=\"text-align: center;\"><span class=\"text-primary\">Email:\u00a0<a href=\"mailto:info@guy-raymond.co.uk\">info@guy-raymond.co.uk<\/a><\/span><\/p>\r\n<p>[\/vc_column_text][\/vc_column][\/vc_row][\/vc_section][vc_section][vc_row][vc_column][vc_column_text]<\/p>\r\n<h2 style=\"text-align: center;\">Un servizio personalizzato con un Account Coordinator dedicato<\/h2>\r\n<p style=\"text-align: center;\">La vostra soddisfazione \u00e8 la nostra priorit\u00e0 assoluta, i nostri team esperti sono sempre a vostra disposizione per darvi consigli e si assicureranno che il vostro ordine proceda senza intoppi. Vi sar\u00e0 assegnato un\u00a0<a href=\"https:\/\/www.guy-raymond.co.uk\/it\/chi-siamo\/il-nostro-team\/\">Account Coordinator dedicato<\/a>, che si occuper\u00e0 di voi e delle esigenze specifiche della vostra azienda , rendendo la comunicazione semplice ed efficiente.<\/p>\r\n<p>[\/vc_column_text][\/vc_column][\/vc_row][\/vc_section][vc_section][vc_row css=&#8221;.vc_custom_1539207079119{padding-top: 2rem !important;padding-bottom: 2rem !important;}&#8221;][vc_column width=&#8221;1\/2&#8243;][vc_column_text]<\/p>\r\n<h2 style=\"text-align: center;\">Produzione interna per componenti di alta qualit\u00e0<\/h2>\r\n<p style=\"text-align: center;\">Tutti i prodotti Guy-Raymond, di alta qualit\u00e0, sono realizzati a norma ISO 9001 e l&#8217;azienda \u00e8 anche certificata ISO 14001; inoltre le ruote soddisfano le norme europee necessarie, come EN12529, EN12528 ed EN12530. La nostra fabbrica comprende un\u00a0<a href=\"https:\/\/www.guy-raymond.co.uk\/it\/capacita-produttive\/\">reparto di Progettazione, Ricerca e Sviluppo<\/a>, un\u2019utensileria, reparti di tornitura e forgiatura, stampaggio ad iniezione e montaggio, permettendoci di mantenere i pi\u00f9 alti standard dallo sviluppo del vostro progetto iniziale fino al completamento del prodotto e alla consegna.<\/p>\r\n<p>[\/vc_column_text][\/vc_column][vc_column width=&#8221;1\/2&#8243;][vc_single_image image=&#8221;512&#8243; img_size=&#8221;large&#8221; alignment=&#8221;center&#8221;][\/vc_column][\/vc_row][\/vc_section][vc_section][vc_row][vc_column][vc_column_text]<\/p>\r\n<h2 style=\"text-align: center;\">70 anni di progettazione e produzione di componenti britannici di alta qualit\u00e0<\/h2>\r\n<p style=\"text-align: center;\">Dai nostri umili inizi in un panificio in disuso di Londra, nel 1948, siamo molto orgogliosi di essere diventati uno dei principali produttori europei di ruote gemellate e componenti. Rimanendo fedeli ai nostri valori di gestione familiare, dai nostri primi progetti siamo cresciuti costantemente fino a realizzare una serie di prodotti innovativi e di alta qualit\u00e0, tra cui una vasta gamma di ruote per il settore medico, quello dell\u2019arredamento per ufficio e scolastico, nonch\u00e9 una vasta scelta di opzioni di personalizzazione, senza scendere a compromessi in fatto di qualit\u00e0 o standard di servizio. Se desiderate maggiori informazioni sui nostri vari sistemi frenanti e sulle opzioni di personalizzazione, visitate la pagina funzioni e caratteristiche.<\/p>\r\n<p>[\/vc_column_text][\/vc_column][\/vc_row][\/vc_section][vc_section][vc_row][vc_column width=&#8221;1\/2&#8243;][vc_column_text]<\/p>\r\n<h2 style=\"text-align: center;\">Offriamo un servizio clienti straordinario in tutto il mondo<\/h2>\r\n<p style=\"text-align: center;\">Operiamo da uno stabilimento di produzione all\u2019avanguardia di 6000 mq a King&#8217;s Lynn, nel Norfolk, con <a href=\"https:\/\/www.guy-raymond.co.uk\/it\/contattateci\/agenti-e-distributori\/\">agenti e distributori<\/a> locali in molti paesi, e consegniamo in oltre 40 paesi in tutto il mondo.<\/p>\r\n<p style=\"text-align: center;\">Abbiamo un valido team di oltre 75 dipendenti, molti dei quali sono con noi da pi\u00f9 di 25 anni, tutti impegnati a realizzare i vostri prodotti con i pi\u00f9 alti standard qualitativi. Non \u00e8 solo il nostro staff che non vuole lasciarci: anche il 97% dei nostri clienti continua a tornare.<\/p>\r\n<p style=\"text-align: center;\">Per saperne di pi\u00f9, contattate uno dei nostri <a href=\"https:\/\/www.guy-raymond.co.uk\/it\/chi-siamo\/il-nostro-team\/\">esperti<\/a> e discutete di ci\u00f2 che possiamo offrire a voi e alla vostra azienda.<\/p>\r\n<p>[\/vc_column_text][\/vc_column][vc_column width=&#8221;1\/2&#8243;][vc_column_text]<\/p>\r\n<h2 style=\"text-align: center;\">Richiesta di informazioni online<\/h2>\r\n<p>[\/vc_column_text]\n<div class=\"wpcf7 no-js\" id=\"wpcf7-f4813-o1\" lang=\"en-US\" dir=\"ltr\">\n<div class=\"screen-reader-response\"><p role=\"status\" aria-live=\"polite\" aria-atomic=\"true\"><\/p> <ul><\/ul><\/div>\n<form action=\"\/it\/wp-json\/wp\/v2\/pages\/4773\/#wpcf7-f4813-o1\" method=\"post\" class=\"wpcf7-form init\" aria-label=\"Contact form\" novalidate=\"novalidate\" data-status=\"init\">\n<div style=\"display: none;\">\n<input type=\"hidden\" name=\"_wpcf7\" value=\"4813\" \/>\n<input type=\"hidden\" name=\"_wpcf7_version\" value=\"5.7.3\" \/>\n<input type=\"hidden\" name=\"_wpcf7_locale\" value=\"en_US\" \/>\n<input type=\"hidden\" name=\"_wpcf7_unit_tag\" value=\"wpcf7-f4813-o1\" \/>\n<input type=\"hidden\" name=\"_wpcf7_container_post\" value=\"0\" \/>\n<input type=\"hidden\" name=\"_wpcf7_posted_data_hash\" value=\"\" \/>\n<\/div>\n<div class=\"wpcf7-response-output\" aria-hidden=\"true\"><\/div>\n<p><span class=\"wpcf7-form-control-wrap\" data-name=\"company-name\"><input size=\"40\" class=\"wpcf7-form-control wpcf7-text\" aria-invalid=\"false\" placeholder=\"Nome azienda\" value=\"\" type=\"text\" name=\"company-name\" \/><\/span>\n<\/p>\n<p><span class=\"wpcf7-form-control-wrap\" data-name=\"your-name\"><input size=\"40\" class=\"wpcf7-form-control wpcf7-text wpcf7-validates-as-required\" aria-required=\"true\" aria-invalid=\"false\" placeholder=\"Il suo nome*\" value=\"\" type=\"text\" name=\"your-name\" \/><\/span>\n<\/p>\n<p><span class=\"wpcf7-form-control-wrap\" data-name=\"your-email\"><input size=\"40\" class=\"wpcf7-form-control wpcf7-text wpcf7-email wpcf7-validates-as-required wpcf7-validates-as-email\" aria-required=\"true\" aria-invalid=\"false\" placeholder=\"E-mail*\" value=\"\" type=\"email\" name=\"your-email\" \/><\/span>\n<\/p>\n<p><span class=\"wpcf7-form-control-wrap\" data-name=\"phone\"><input size=\"40\" class=\"wpcf7-form-control wpcf7-text wpcf7-tel wpcf7-validates-as-required wpcf7-validates-as-tel\" aria-required=\"true\" aria-invalid=\"false\" placeholder=\"Telefono*\" value=\"\" type=\"tel\" name=\"phone\" \/><\/span>\n<\/p>\n<p><span class=\"wpcf7-form-control-wrap\" data-name=\"your-message\"><input size=\"40\" class=\"wpcf7-form-control wpcf7-text\" aria-invalid=\"false\" placeholder=\"Messaggio\" value=\"\" type=\"text\" name=\"your-message\" \/><\/span>\n<\/p>\n<p><label>Le piacerebbe essere contattata da noi?<\/label><span class=\"wpcf7-form-control-wrap\" data-name=\"happy_to_contact_you\"><span class=\"wpcf7-form-control wpcf7-radio\"><span class=\"wpcf7-list-item first\"><input type=\"radio\" name=\"happy_to_contact_you\" value=\"Si\" tabindex=\"\" \/><span class=\"wpcf7-list-item-label\">Si<\/span><\/span><span class=\"wpcf7-list-item last\"><input type=\"radio\" name=\"happy_to_contact_you\" value=\"No\" tabindex=\"\" \/><span class=\"wpcf7-list-item-label\">No<\/span><\/span><\/span><\/span>\n<\/p>\n<p><input class=\"wpcf7-form-control has-spinner wpcf7-submit btn btn-primary\" type=\"submit\" value=\"Send enquiry\" \/>\n<\/p>\n<\/form>\n<\/div>\n[vc_column_text]<\/p>\r\n<p class=\"tosline text-center\">Tutte le informazioni fornite sono trattate con la massima riservatezza. Siete pregati di leggere i nostri termini e l&#8217;informativa sulla privacy per ulteriori informazioni.<\/p>\r\n<p>[\/vc_column_text][\/vc_column][\/vc_row][\/vc_section][vc_section][vc_row][vc_column][vc_column_text]<\/p>\r\n<h2 style=\"text-align: center;\">Blog<\/h2>\r\n<p>[\/vc_column_text]\n\t\t<div class=\"guyraymond-teaser\">\n\t\t\t<div class=\"swiper-container swiper-teaser\">\n\t\t\t\t<div class=\"swiper-wrapper\">\n\t\t<div class=\"swiper-slide\" style=\"background-image: url(https:\/\/www.guy-raymond.co.uk\/wp-content\/uploads\/2025\/09\/lightened-3-700x281.jpg)\" data-title=\"Keeping the wheels rolling...\" data-href=\"https:\/\/www.guy-raymond.co.uk\/it\/keeping-the-wheels-rolling-2\/\"><\/div><div class=\"swiper-slide\" style=\"background-image: url(https:\/\/www.guy-raymond.co.uk\/wp-content\/uploads\/2025\/08\/adjuster-banner-3-700x175.png)\" data-title=\"Small adjustments, big benefits\" data-href=\"https:\/\/www.guy-raymond.co.uk\/it\/small-adjustments-big-benefits\/\"><\/div><div class=\"swiper-slide\" style=\"background-image: url(https:\/\/www.guy-raymond.co.uk\/wp-content\/uploads\/2025\/08\/Untitled-design-38-700x175.png)\" data-title=\"Meet the next generation of directors at Guy-Raymond\" data-href=\"https:\/\/www.guy-raymond.co.uk\/it\/meet-the-next-generation-of-directors-at-guy-raymond\/\"><\/div><div class=\"swiper-slide\" style=\"background-image: url(https:\/\/www.guy-raymond.co.uk\/wp-content\/uploads\/2025\/06\/Untitled-design-30-1-700x175.png)\" data-title=\"New granulator reduces energy used by in-house recycling\" data-href=\"https:\/\/www.guy-raymond.co.uk\/it\/new-granulator-reduces-energy-used-by-in-house-recycling\/\"><\/div><div class=\"swiper-slide\" style=\"background-image: url(https:\/\/www.guy-raymond.co.uk\/wp-content\/uploads\/2025\/05\/Untitled-design-32-700x175.png)\" data-title=\"Stainless steel and brass castors for challenging conditions\" data-href=\"https:\/\/www.guy-raymond.co.uk\/it\/stainless-steel-and-brass-castors-for-challenging-conditions\/\"><\/div>\n\n\t\t\t\t<\/div>\n\t\t\t<\/div>\n\t\t\n\t\t\t<div class=\"swiper-teaser-nav\">\n\t\t\t\t<div class=\"swiper-teaser-nav-title\">\n\t\t\t\t\t<span data-currenttitle>Keeping the wheels rolling...<\/span>\n\t\t\t\t<\/div>\n\t\t\t\t<div class=\"swiper-teaser-nav-links\">\n\t\t\t\t\t<span data-currenttease>1 \/ 5<\/span>\n\t\t\t\t\t<div class=\"swiper-button-prev\"><\/div>\n\t\t\t\t\t<div class=\"swiper-button-next\"><\/div>\n\t\t\t\t<\/div>\n\t\t\t\t<div class=\"clear\"><\/div>\n\t\t\t<\/div>\n\t\t\t<div class=\"swiper-teaser-buttons\">\n\t\t\t\t<a class=\"btn btn-primary btn-sm\" href=\"https:\/\/www.guy-raymond.co.uk\/it\/keeping-the-wheels-rolling-2\/\" data-readmore>Read More<\/a>\n\t\t\t\t\t\t<a class=\"btn btn-primary btn-sm\" href=\"https:\/\/www.guy-raymond.co.uk\/it\/blog\/\">All Blog Posts<\/a>\n\t\t\t<\/div>\n\t\t\n\t\t\t<script>\n\t\t\t\tif (jQuery(\".swiper-teaser\").length) {\n\t\t\t\t\tvar teaserSwiper = new Swiper(\".swiper-teaser\", {\n\t\t\t\t\t\teffect: \"coverflow\",\n\t\t\t\t\t\t\/\/slidesPerView: 2,\n\t\t\t\t\t\tspaceBetween: 20,\n\t\t\t\t\t\ttouchRatio: 0,\n\t\t\t\t\t\tcoverflowEffect: {\n\t\t\t\t\t\t\trotate: 0,\n\t\t\t\t\t\t\tstretch: 1,\n\t\t\t\t\t\t\tdepth: 0,\n\t\t\t\t\t\t\tmodifier: 1,\n\t\t\t\t\t\t},\n\t\t\t\t\t\tnavigation: {\n\t\t\t\t\t\t\tnextEl: \".swiper-button-next\",\n\t\t\t\t\t\t\tprevEl: \".swiper-button-prev\",\n\t\t\t\t\t\t},\n\t\t\t\t\t});\n\t\t\t\t\tteaserSwiper.on(\"slideChangeTransitionEnd\", function() {\n\t\t\t\t\t\tvar newSlideIndex =  this.activeIndex;\n\t\t\t\t\t\tvar newSlideName = jQuery(this.$el).find(\".swiper-slide-active\").attr(\"data-title\");\n\t\t\t\t\t\tvar newSlideLink = jQuery(this.$el).find(\".swiper-slide-active\").attr(\"data-href\");\n\t\t\t\t\t\tjQuery(this.$el).parent().find(\".swiper-teaser-nav span[data-currenttease]\").text((newSlideIndex + 1) + \" \/ \" + this.slides.length);\n\t\t\t\t\t\tjQuery(this.$el).parent().find(\".swiper-teaser-buttons a[data-readmore]\").attr(\"href\", newSlideLink);\n\t\t\t\t\t\tjQuery(this.$el).parent().find(\".swiper-teaser-nav span[data-currenttitle]\").text(newSlideName);\n\t\t\t\t\t});\n\t\t\t\t}\n\t\t\t<\/script>\n\t\t<\/div>[\/vc_column][\/vc_row][\/vc_section]<\/p>","protected":false},"excerpt":{"rendered":"[vc_section][vc_row][vc_column][vc_column_text] Esposizione Virtuale 2024 Esplorate la nostra esposizione virtuale per scoprire le nostre ultime innovazioni per il settore medico. Clicca sul pulsante in basso per accedere. Visita l\u2019Esposizione [\/vc_column_text][\/vc_column][\/vc_row][vc_row][vc_column][vc_column_text] Oltre 70 anni di esperienza in progettazione, produzione e servizio clienti Se siete alla ricerca di un produttore affidabile, veloce e di alta qualit\u00e0 per ruote&#8230; <a class=\"view-article\" href=\"https:\/\/www.guy-raymond.co.uk\/it\/\">View Article<\/a>","protected":false},"author":7,"featured_media":0,"parent":0,"menu_order":63,"comment_status":"closed","ping_status":"closed","template":"","meta":[],"_links":{"self":[{"href":"https:\/\/www.guy-raymond.co.uk\/it\/wp-json\/wp\/v2\/pages\/4773\/"}],"collection":[{"href":"https:\/\/www.guy-raymond.co.uk\/it\/wp-json\/wp\/v2\/pages\/"}],"about":[{"href":"https:\/\/www.guy-raymond.co.uk\/it\/wp-json\/wp\/v2\/types\/page\/"}],"author":[{"embeddable":true,"href":"https:\/\/www.guy-raymond.co.uk\/it\/wp-json\/wp\/v2\/users\/7\/"}],"replies":[{"embeddable":true,"href":"https:\/\/www.guy-raymond.co.uk\/it\/wp-json\/wp\/v2\/comments\/?post=4773"}],"version-history":[{"count":25,"href":"https:\/\/www.guy-raymond.co.uk\/it\/wp-json\/wp\/v2\/pages\/4773\/revisions\/"}],"predecessor-version":[{"id":6960,"href":"https:\/\/www.guy-raymond.co.uk\/it\/wp-json\/wp\/v2\/pages\/4773\/revisions\/6960\/"}],"wp:attachment":[{"href":"https:\/\/www.guy-raymond.co.uk\/it\/wp-json\/wp\/v2\/media\/?parent=4773"}],"curies":[{"name":"wp","href":"https:\/\/api.w.org\/{rel}","templated":true}]}}